{"id":5587,"date":"2025-08-16T22:53:38","date_gmt":"2025-08-16T20:53:38","guid":{"rendered":"https:\/\/www.originalperros.com\/?post_type=product&#038;p=5587"},"modified":"2025-08-31T11:16:19","modified_gmt":"2025-08-31T09:16:19","slug":"silvio-vigliaturo-amanti","status":"publish","type":"product","link":"https:\/\/originalperros.com\/en\/product\/silvio-vigliaturo-amanti\/","title":{"rendered":"Glass sculpture \"Amanti\" Silvio Vigliaturo"},"content":{"rendered":"","protected":false},"excerpt":{"rendered":"<p>Contemporary Glass Sculpture in Murano glass by Silvio Vigliaturo - Italy.<\/p>\n<p>Silvio Vigliaturo (1949-) was born in Acri, in the Calabria region of southern Italy.<br \/>\nFrom his first exhibitions in 1977, to his most recent participation in the Italian Pavilion at the 54th Venice Biennale in 2011, and his major solo show at Turin's Regional Museum of Natural Sciences in 2012, Vigliaturo's artistic career has been marked by constant evolution. In 2006, Vigliaturo was named artistic witness to the XX Winter Olympic Games held in Turin. In the same year, the municipality of Acri dedicated a museum to him - the MACA (Acri Museum of Contemporary Art) - which houses an important permanent collection of his work. In 2010, he was named Calabria's artistic witness at Expo Shanghai. In early 2013, he took part in the Contemporary Glass Sculpture exhibition at the Orlando Museum of Art, featuring works by the world's leading glass artists, celebrating the first fifty years of Studio Glass.<!--more--><\/p>\n<div class=\"wpcf7 no-js\" id=\"wpcf7-f4081-o1\" lang=\"en-US\" dir=\"ltr\" data-wpcf7-id=\"4081\">\n<div class=\"screen-reader-response\">\n<p role=\"status\" aria-live=\"polite\" aria-atomic=\"true\">\n<ul><\/ul>\n<\/div>\n<form action=\"\/en\/wp-json\/wp\/v2\/product\/5587#wpcf7-f4081-o1\" method=\"post\" class=\"wpcf7-form init\" aria-label=\"Contact form\" novalidate=\"novalidate\" data-status=\"init\" data-trp-original-action=\"\/en\/wp-json\/wp\/v2\/product\/5587#wpcf7-f4081-o1\">\n<fieldset class=\"hidden-fields-container\"><input type=\"hidden\" name=\"_wpcf7\" value=\"4081\" \/><input type=\"hidden\" name=\"_wpcf7_version\" value=\"6.1.1\" \/><input type=\"hidden\" name=\"_wpcf7_locale\" value=\"en_US\" \/><input type=\"hidden\" name=\"_wpcf7_unit_tag\" value=\"wpcf7-f4081-o1\" \/><input type=\"hidden\" name=\"_wpcf7_container_post\" value=\"0\" \/><input type=\"hidden\" name=\"_wpcf7_posted_data_hash\" value=\"\" \/><input type=\"hidden\" name=\"_wpcf7_recaptcha_response\" value=\"\" \/><br \/>\n<\/fieldset>\n<div class=\"ct-contact-form\">\n<span class=\"wpcf7-form-control-wrap\" data-name=\"text-833\"><input size=\"40\" maxlength=\"400\" class=\"wpcf7-form-control wpcf7-text wpcf7-validates-as-required theme-input\" aria-required=\"true\" aria-invalid=\"false\" placeholder=\"Your name*\" value=\"\" type=\"text\" name=\"text-833\" \/><\/span><br \/>\n<span class=\"wpcf7-form-control-wrap\" data-name=\"email-426\"><input size=\"40\" maxlength=\"400\" class=\"wpcf7-form-control wpcf7-email wpcf7-validates-as-required wpcf7-text wpcf7-validates-as-email theme-input\" aria-required=\"true\" aria-invalid=\"false\" placeholder=\"Your email*\" value=\"\" type=\"email\" name=\"email-426\" \/><\/span><br \/>\n<span class=\"wpcf7-form-control-wrap\" data-name=\"text-834\"><input size=\"40\" maxlength=\"400\" class=\"wpcf7-form-control wpcf7-text wpcf7-validates-as-required theme-input\" aria-required=\"true\" aria-invalid=\"false\" placeholder=\"Your phone*\" value=\"\" type=\"text\" name=\"text-834\" \/><\/span><br \/>\n<span class=\"wpcf7-form-control-wrap\" data-name=\"textarea-518\"><textarea cols=\"40\" rows=\"10\" maxlength=\"2000\" class=\"wpcf7-form-control wpcf7-textarea\" aria-invalid=\"false\" placeholder=\"Please write the details...\" name=\"textarea-518\"><\/textarea><\/span><br \/>\n<button type=\"submit\" class=\"wpcf7-form-control wpcf7-submit template-btn primary-btn\">Send<\/button>\n<\/div>\n<div class=\"wpcf7-response-output\" aria-hidden=\"true\"><\/div>\n<input type=\"hidden\" name=\"trp-form-language\" value=\"en\"\/><\/form>\n<\/div>","protected":false},"featured_media":5700,"template":"","meta":{"_acf_changed":false},"product_brand":[],"product_cat":[77],"product_tag":[],"class_list":{"0":"post-5587","1":"product","2":"type-product","3":"status-publish","4":"has-post-thumbnail","6":"product_cat-sculptures","8":"first","9":"instock","10":"shipping-taxable","11":"product-type-simple"},"acf":[],"yoast_head":"<!-- This site is optimized with the Yoast SEO plugin v25.7 - https:\/\/yoast.com\/wordpress\/plugins\/seo\/ -->\n<title>Sculpture en verre &quot;Amanti&quot; Silvio Vigliaturo - Original Perros<\/title>\n<meta name=\"robots\" content=\"index, follow, max-snippet:-1, max-image-preview:large, max-video-preview:-1\" \/>\n<link rel=\"canonical\" href=\"https:\/\/originalperros.com\/en\/product\/silvio-vigliaturo-amanti\/\" \/>\n<meta property=\"og:locale\" content=\"en_US\" \/>\n<meta property=\"og:type\" content=\"article\" \/>\n<meta property=\"og:title\" content=\"Sculpture en verre &quot;Amanti&quot; Silvio Vigliaturo - Original Perros\" \/>\n<meta property=\"og:description\" content=\"Contemporary Glass Sculpture en verre de Murano par Silvio Vigliaturo - Italie.  Silvio Vigliaturo (1949-) est n\u00e9 \u00e0 Acri, dans la r\u00e9gion de Calabre, dans le sud de l&#039;Italie. Depuis ses premi\u00e8res expositions en 1977, jusqu&#039;\u00e0 la plus r\u00e9cente participation au Pavillon italien de la 54e Biennale de Venise en 2011, et \u00e0 l&#039;importante exposition personnelle au Mus\u00e9e r\u00e9gional des sciences naturelles de Turin en 2012, le parcours artistique de Vigliaturo a \u00e9t\u00e9 marqu\u00e9 par une constante \u00e9volution. En 2006, Vigliaturo a \u00e9t\u00e9 nomm\u00e9 t\u00e9moignage artistique des XXes Jeux Olympiques d&#039;hiver organis\u00e9s \u00e0 Turin. La m\u00eame ann\u00e9e, la municipalit\u00e9 d&#039;Acri lui consacre un mus\u00e9e - le MACA (Mus\u00e9e d&#039;Art Contemporain d&#039;Acri) - qui h\u00e9berge une importante collection permanente de ses \u0153uvres. En 2010, il a \u00e9t\u00e9 nomm\u00e9 t\u00e9moignage artistique de la Calabre \u00e0 l&#039;Expo Shanghai. D\u00e9but 2013, il a particip\u00e9 \u00e0 l&#039;exposition Contemporary Glass Sculpture, organis\u00e9e au Orlando Museum of Art, rassemblant les \u0153uvres des plus importants artistes verriers du monde, c\u00e9l\u00e9brant les cinquante premi\u00e8res ann\u00e9es du Studio Glass.\" \/>\n<meta property=\"og:url\" content=\"https:\/\/originalperros.com\/en\/product\/silvio-vigliaturo-amanti\/\" \/>\n<meta property=\"og:site_name\" content=\"Original Perros\" \/>\n<meta property=\"article:modified_time\" content=\"2025-08-31T09:16:19+00:00\" \/>\n<meta property=\"og:image\" content=\"https:\/\/originalperros.com\/wp-content\/uploads\/2025\/08\/PhotoRoom_007_20230413_144331-scaled-1.jpg\" \/>\n\t<meta property=\"og:image:width\" content=\"1920\" \/>\n\t<meta property=\"og:image:height\" content=\"2560\" \/>\n\t<meta property=\"og:image:type\" content=\"image\/jpeg\" \/>\n<meta name=\"twitter:card\" content=\"summary_large_image\" \/>\n<script type=\"application\/ld+json\" class=\"yoast-schema-graph\">{\"@context\":\"https:\/\/schema.org\",\"@graph\":[{\"@type\":\"WebPage\",\"@id\":\"https:\/\/originalperros.com\/produit\/silvio-vigliaturo-amanti\/\",\"url\":\"https:\/\/originalperros.com\/produit\/silvio-vigliaturo-amanti\/\",\"name\":\"Sculpture en verre \\\"Amanti\\\" Silvio Vigliaturo - Original Perros\",\"isPartOf\":{\"@id\":\"https:\/\/originalperros.com\/#website\"},\"primaryImageOfPage\":{\"@id\":\"https:\/\/originalperros.com\/produit\/silvio-vigliaturo-amanti\/#primaryimage\"},\"image\":{\"@id\":\"https:\/\/originalperros.com\/produit\/silvio-vigliaturo-amanti\/#primaryimage\"},\"thumbnailUrl\":\"https:\/\/originalperros.com\/wp-content\/uploads\/2025\/08\/PhotoRoom_007_20230413_144331-scaled-1.jpg\",\"datePublished\":\"2025-08-16T20:53:38+00:00\",\"dateModified\":\"2025-08-31T09:16:19+00:00\",\"breadcrumb\":{\"@id\":\"https:\/\/originalperros.com\/produit\/silvio-vigliaturo-amanti\/#breadcrumb\"},\"inLanguage\":\"en-US\",\"potentialAction\":[{\"@type\":\"ReadAction\",\"target\":[\"https:\/\/originalperros.com\/produit\/silvio-vigliaturo-amanti\/\"]}]},{\"@type\":\"ImageObject\",\"inLanguage\":\"en-US\",\"@id\":\"https:\/\/originalperros.com\/produit\/silvio-vigliaturo-amanti\/#primaryimage\",\"url\":\"https:\/\/originalperros.com\/wp-content\/uploads\/2025\/08\/PhotoRoom_007_20230413_144331-scaled-1.jpg\",\"contentUrl\":\"https:\/\/originalperros.com\/wp-content\/uploads\/2025\/08\/PhotoRoom_007_20230413_144331-scaled-1.jpg\",\"width\":1920,\"height\":2560},{\"@type\":\"BreadcrumbList\",\"@id\":\"https:\/\/originalperros.com\/produit\/silvio-vigliaturo-amanti\/#breadcrumb\",\"itemListElement\":[{\"@type\":\"ListItem\",\"position\":1,\"name\":\"Home\",\"item\":\"https:\/\/originalperros.com\/\"},{\"@type\":\"ListItem\",\"position\":2,\"name\":\"Produits\",\"item\":\"https:\/\/originalperros.com\/produits\/\"},{\"@type\":\"ListItem\",\"position\":3,\"name\":\"Sculpture en verre \u00ab\u00a0Amanti\u00a0\u00bb Silvio Vigliaturo\"}]},{\"@type\":\"WebSite\",\"@id\":\"https:\/\/originalperros.com\/#website\",\"url\":\"https:\/\/originalperros.com\/\",\"name\":\"Original Perros\",\"description\":\"\",\"potentialAction\":[{\"@type\":\"SearchAction\",\"target\":{\"@type\":\"EntryPoint\",\"urlTemplate\":\"https:\/\/originalperros.com\/?s={search_term_string}\"},\"query-input\":{\"@type\":\"PropertyValueSpecification\",\"valueRequired\":true,\"valueName\":\"search_term_string\"}}],\"inLanguage\":\"en-US\"}]}<\/script>\n<!-- \/ Yoast SEO plugin. -->","yoast_head_json":{"title":"Sculpture en verre \"Amanti\" Silvio Vigliaturo - Original Perros","robots":{"index":"index","follow":"follow","max-snippet":"max-snippet:-1","max-image-preview":"max-image-preview:large","max-video-preview":"max-video-preview:-1"},"canonical":"https:\/\/originalperros.com\/en\/product\/silvio-vigliaturo-amanti\/","og_locale":"en_US","og_type":"article","og_title":"Sculpture en verre \"Amanti\" Silvio Vigliaturo - Original Perros","og_description":"Contemporary Glass Sculpture en verre de Murano par Silvio Vigliaturo - Italie.  Silvio Vigliaturo (1949-) est n\u00e9 \u00e0 Acri, dans la r\u00e9gion de Calabre, dans le sud de l'Italie. Depuis ses premi\u00e8res expositions en 1977, jusqu'\u00e0 la plus r\u00e9cente participation au Pavillon italien de la 54e Biennale de Venise en 2011, et \u00e0 l'importante exposition personnelle au Mus\u00e9e r\u00e9gional des sciences naturelles de Turin en 2012, le parcours artistique de Vigliaturo a \u00e9t\u00e9 marqu\u00e9 par une constante \u00e9volution. En 2006, Vigliaturo a \u00e9t\u00e9 nomm\u00e9 t\u00e9moignage artistique des XXes Jeux Olympiques d'hiver organis\u00e9s \u00e0 Turin. La m\u00eame ann\u00e9e, la municipalit\u00e9 d'Acri lui consacre un mus\u00e9e - le MACA (Mus\u00e9e d'Art Contemporain d'Acri) - qui h\u00e9berge une importante collection permanente de ses \u0153uvres. En 2010, il a \u00e9t\u00e9 nomm\u00e9 t\u00e9moignage artistique de la Calabre \u00e0 l'Expo Shanghai. D\u00e9but 2013, il a particip\u00e9 \u00e0 l'exposition Contemporary Glass Sculpture, organis\u00e9e au Orlando Museum of Art, rassemblant les \u0153uvres des plus importants artistes verriers du monde, c\u00e9l\u00e9brant les cinquante premi\u00e8res ann\u00e9es du Studio Glass.","og_url":"https:\/\/originalperros.com\/en\/product\/silvio-vigliaturo-amanti\/","og_site_name":"Original Perros","article_modified_time":"2025-08-31T09:16:19+00:00","og_image":[{"width":1920,"height":2560,"url":"https:\/\/originalperros.com\/wp-content\/uploads\/2025\/08\/PhotoRoom_007_20230413_144331-scaled-1.jpg","type":"image\/jpeg"}],"twitter_card":"summary_large_image","schema":{"@context":"https:\/\/schema.org","@graph":[{"@type":"WebPage","@id":"https:\/\/originalperros.com\/produit\/silvio-vigliaturo-amanti\/","url":"https:\/\/originalperros.com\/produit\/silvio-vigliaturo-amanti\/","name":"Sculpture en verre \"Amanti\" Silvio Vigliaturo - Original Perros","isPartOf":{"@id":"https:\/\/originalperros.com\/#website"},"primaryImageOfPage":{"@id":"https:\/\/originalperros.com\/produit\/silvio-vigliaturo-amanti\/#primaryimage"},"image":{"@id":"https:\/\/originalperros.com\/produit\/silvio-vigliaturo-amanti\/#primaryimage"},"thumbnailUrl":"https:\/\/originalperros.com\/wp-content\/uploads\/2025\/08\/PhotoRoom_007_20230413_144331-scaled-1.jpg","datePublished":"2025-08-16T20:53:38+00:00","dateModified":"2025-08-31T09:16:19+00:00","breadcrumb":{"@id":"https:\/\/originalperros.com\/produit\/silvio-vigliaturo-amanti\/#breadcrumb"},"inLanguage":"en-US","potentialAction":[{"@type":"ReadAction","target":["https:\/\/originalperros.com\/produit\/silvio-vigliaturo-amanti\/"]}]},{"@type":"ImageObject","inLanguage":"en-US","@id":"https:\/\/originalperros.com\/produit\/silvio-vigliaturo-amanti\/#primaryimage","url":"https:\/\/originalperros.com\/wp-content\/uploads\/2025\/08\/PhotoRoom_007_20230413_144331-scaled-1.jpg","contentUrl":"https:\/\/originalperros.com\/wp-content\/uploads\/2025\/08\/PhotoRoom_007_20230413_144331-scaled-1.jpg","width":1920,"height":2560},{"@type":"BreadcrumbList","@id":"https:\/\/originalperros.com\/produit\/silvio-vigliaturo-amanti\/#breadcrumb","itemListElement":[{"@type":"ListItem","position":1,"name":"Home","item":"https:\/\/originalperros.com\/"},{"@type":"ListItem","position":2,"name":"Produits","item":"https:\/\/originalperros.com\/produits\/"},{"@type":"ListItem","position":3,"name":"Sculpture en verre \u00ab\u00a0Amanti\u00a0\u00bb Silvio Vigliaturo"}]},{"@type":"WebSite","@id":"https:\/\/originalperros.com\/#website","url":"https:\/\/originalperros.com\/","name":"Original Perros","description":"","potentialAction":[{"@type":"SearchAction","target":{"@type":"EntryPoint","urlTemplate":"https:\/\/originalperros.com\/?s={search_term_string}"},"query-input":{"@type":"PropertyValueSpecification","valueRequired":true,"valueName":"search_term_string"}}],"inLanguage":"en-US"}]}},"_links":{"self":[{"href":"https:\/\/originalperros.com\/en\/wp-json\/wp\/v2\/product\/5587","targetHints":{"allow":["GET"]}}],"collection":[{"href":"https:\/\/originalperros.com\/en\/wp-json\/wp\/v2\/product"}],"about":[{"href":"https:\/\/originalperros.com\/en\/wp-json\/wp\/v2\/types\/product"}],"wp:featuredmedia":[{"embeddable":true,"href":"https:\/\/originalperros.com\/en\/wp-json\/wp\/v2\/media\/5700"}],"wp:attachment":[{"href":"https:\/\/originalperros.com\/en\/wp-json\/wp\/v2\/media?parent=5587"}],"wp:term":[{"taxonomy":"product_brand","embeddable":true,"href":"https:\/\/originalperros.com\/en\/wp-json\/wp\/v2\/product_brand?post=5587"},{"taxonomy":"product_cat","embeddable":true,"href":"https:\/\/originalperros.com\/en\/wp-json\/wp\/v2\/product_cat?post=5587"},{"taxonomy":"product_tag","embeddable":true,"href":"https:\/\/originalperros.com\/en\/wp-json\/wp\/v2\/product_tag?post=5587"}],"curies":[{"name":"wp","href":"https:\/\/api.w.org\/{rel}","templated":true}]}}