{"id":5667,"date":"2025-08-16T22:58:22","date_gmt":"2025-08-16T20:58:22","guid":{"rendered":"https:\/\/www.originalperros.com\/?post_type=product&#038;p=5667"},"modified":"2025-11-24T15:05:41","modified_gmt":"2025-11-24T14:05:41","slug":"georges-brisson-1902-1980-2","status":"publish","type":"product","link":"https:\/\/originalperros.com\/en\/product\/georges-brisson-1902-1980-2\/","title":{"rendered":"ODETTA, Georges BRISSON"},"content":{"rendered":"","protected":false},"excerpt":{"rendered":"<p class=\"descriptionLineWrap\">Stoneware vase with two side handles featuring manganese, green and cream decoration of a couple of Bigoudens seated in a landscape on each side.<\/p>\n<p class=\"descriptionLineWrap\">\u00a0Marked on the underside in cursive letters \"HB Quimper Odetta 34-1034\".<!--more--><\/p>\n<h1><span style=\"color: #ff6600;\">SOLD<br \/>\n<\/span><\/h1>","protected":false},"featured_media":5779,"template":"","meta":{"_acf_changed":false},"product_brand":[],"product_cat":[64,58],"product_tag":[],"class_list":{"0":"post-5667","1":"product","2":"type-product","3":"status-publish","4":"has-post-thumbnail","6":"product_cat-art-breton","7":"product_cat-ceramiques","9":"first","10":"outofstock","11":"shipping-taxable","12":"product-type-simple"},"acf":[],"yoast_head":"<!-- This site is optimized with the Yoast SEO plugin v25.7 - https:\/\/yoast.com\/wordpress\/plugins\/seo\/ -->\n<title>ODETTA, Georges BRISSON - Original Perros<\/title>\n<meta name=\"robots\" content=\"index, follow, max-snippet:-1, max-image-preview:large, max-video-preview:-1\" \/>\n<link rel=\"canonical\" href=\"https:\/\/originalperros.com\/en\/product\/georges-brisson-1902-1980-2\/\" \/>\n<meta property=\"og:locale\" content=\"en_US\" \/>\n<meta property=\"og:type\" content=\"article\" \/>\n<meta property=\"og:title\" content=\"ODETTA, Georges BRISSON - Original Perros\" \/>\n<meta property=\"og:description\" content=\"Vase en gr\u00e8s muni de deux anses lat\u00e9rales \u00e0 d\u00e9cor mangan\u00e8se, vert et cr\u00e8me d&#039;un couple de bigoudens assis dans un paysage sur chaque face. \u00a0Marqu\u00e9 en dessous en lettres cursives &quot;HB Quimper Odetta 34-1034&quot;.  VENDU\" \/>\n<meta property=\"og:url\" content=\"https:\/\/originalperros.com\/en\/product\/georges-brisson-1902-1980-2\/\" \/>\n<meta property=\"og:site_name\" content=\"Original Perros\" \/>\n<meta property=\"article:modified_time\" content=\"2025-11-24T14:05:41+00:00\" \/>\n<meta property=\"og:image\" content=\"https:\/\/originalperros.com\/wp-content\/uploads\/2025\/08\/PhotoRoom_20240127_110130-scaled-1.jpg\" \/>\n\t<meta property=\"og:image:width\" content=\"1920\" \/>\n\t<meta property=\"og:image:height\" content=\"2560\" \/>\n\t<meta property=\"og:image:type\" content=\"image\/jpeg\" \/>\n<meta name=\"twitter:card\" content=\"summary_large_image\" \/>\n<meta name=\"twitter:label1\" content=\"Est. reading time\" \/>\n\t<meta name=\"twitter:data1\" content=\"1 minute\" \/>\n<script type=\"application\/ld+json\" class=\"yoast-schema-graph\">{\"@context\":\"https:\/\/schema.org\",\"@graph\":[{\"@type\":\"WebPage\",\"@id\":\"https:\/\/originalperros.com\/produit\/georges-brisson-1902-1980-2\/\",\"url\":\"https:\/\/originalperros.com\/produit\/georges-brisson-1902-1980-2\/\",\"name\":\"ODETTA, Georges BRISSON - Original Perros\",\"isPartOf\":{\"@id\":\"https:\/\/originalperros.com\/#website\"},\"primaryImageOfPage\":{\"@id\":\"https:\/\/originalperros.com\/produit\/georges-brisson-1902-1980-2\/#primaryimage\"},\"image\":{\"@id\":\"https:\/\/originalperros.com\/produit\/georges-brisson-1902-1980-2\/#primaryimage\"},\"thumbnailUrl\":\"https:\/\/originalperros.com\/wp-content\/uploads\/2025\/08\/PhotoRoom_20240127_110130-scaled-1.jpg\",\"datePublished\":\"2025-08-16T20:58:22+00:00\",\"dateModified\":\"2025-11-24T14:05:41+00:00\",\"breadcrumb\":{\"@id\":\"https:\/\/originalperros.com\/produit\/georges-brisson-1902-1980-2\/#breadcrumb\"},\"inLanguage\":\"en-US\",\"potentialAction\":[{\"@type\":\"ReadAction\",\"target\":[\"https:\/\/originalperros.com\/produit\/georges-brisson-1902-1980-2\/\"]}]},{\"@type\":\"ImageObject\",\"inLanguage\":\"en-US\",\"@id\":\"https:\/\/originalperros.com\/produit\/georges-brisson-1902-1980-2\/#primaryimage\",\"url\":\"https:\/\/originalperros.com\/wp-content\/uploads\/2025\/08\/PhotoRoom_20240127_110130-scaled-1.jpg\",\"contentUrl\":\"https:\/\/originalperros.com\/wp-content\/uploads\/2025\/08\/PhotoRoom_20240127_110130-scaled-1.jpg\",\"width\":1920,\"height\":2560},{\"@type\":\"BreadcrumbList\",\"@id\":\"https:\/\/originalperros.com\/produit\/georges-brisson-1902-1980-2\/#breadcrumb\",\"itemListElement\":[{\"@type\":\"ListItem\",\"position\":1,\"name\":\"Home\",\"item\":\"https:\/\/originalperros.com\/\"},{\"@type\":\"ListItem\",\"position\":2,\"name\":\"Produits\",\"item\":\"https:\/\/originalperros.com\/produits\/\"},{\"@type\":\"ListItem\",\"position\":3,\"name\":\"ODETTA, Georges BRISSON\"}]},{\"@type\":\"WebSite\",\"@id\":\"https:\/\/originalperros.com\/#website\",\"url\":\"https:\/\/originalperros.com\/\",\"name\":\"Original Perros\",\"description\":\"\",\"potentialAction\":[{\"@type\":\"SearchAction\",\"target\":{\"@type\":\"EntryPoint\",\"urlTemplate\":\"https:\/\/originalperros.com\/?s={search_term_string}\"},\"query-input\":{\"@type\":\"PropertyValueSpecification\",\"valueRequired\":true,\"valueName\":\"search_term_string\"}}],\"inLanguage\":\"en-US\"}]}<\/script>\n<!-- \/ Yoast SEO plugin. -->","yoast_head_json":{"title":"ODETTA, Georges BRISSON - Original Perros","robots":{"index":"index","follow":"follow","max-snippet":"max-snippet:-1","max-image-preview":"max-image-preview:large","max-video-preview":"max-video-preview:-1"},"canonical":"https:\/\/originalperros.com\/en\/product\/georges-brisson-1902-1980-2\/","og_locale":"en_US","og_type":"article","og_title":"ODETTA, Georges BRISSON - Original Perros","og_description":"Vase en gr\u00e8s muni de deux anses lat\u00e9rales \u00e0 d\u00e9cor mangan\u00e8se, vert et cr\u00e8me d'un couple de bigoudens assis dans un paysage sur chaque face. \u00a0Marqu\u00e9 en dessous en lettres cursives \"HB Quimper Odetta 34-1034\".  VENDU","og_url":"https:\/\/originalperros.com\/en\/product\/georges-brisson-1902-1980-2\/","og_site_name":"Original Perros","article_modified_time":"2025-11-24T14:05:41+00:00","og_image":[{"width":1920,"height":2560,"url":"https:\/\/originalperros.com\/wp-content\/uploads\/2025\/08\/PhotoRoom_20240127_110130-scaled-1.jpg","type":"image\/jpeg"}],"twitter_card":"summary_large_image","twitter_misc":{"Est. reading time":"1 minute"},"schema":{"@context":"https:\/\/schema.org","@graph":[{"@type":"WebPage","@id":"https:\/\/originalperros.com\/produit\/georges-brisson-1902-1980-2\/","url":"https:\/\/originalperros.com\/produit\/georges-brisson-1902-1980-2\/","name":"ODETTA, Georges BRISSON - Original Perros","isPartOf":{"@id":"https:\/\/originalperros.com\/#website"},"primaryImageOfPage":{"@id":"https:\/\/originalperros.com\/produit\/georges-brisson-1902-1980-2\/#primaryimage"},"image":{"@id":"https:\/\/originalperros.com\/produit\/georges-brisson-1902-1980-2\/#primaryimage"},"thumbnailUrl":"https:\/\/originalperros.com\/wp-content\/uploads\/2025\/08\/PhotoRoom_20240127_110130-scaled-1.jpg","datePublished":"2025-08-16T20:58:22+00:00","dateModified":"2025-11-24T14:05:41+00:00","breadcrumb":{"@id":"https:\/\/originalperros.com\/produit\/georges-brisson-1902-1980-2\/#breadcrumb"},"inLanguage":"en-US","potentialAction":[{"@type":"ReadAction","target":["https:\/\/originalperros.com\/produit\/georges-brisson-1902-1980-2\/"]}]},{"@type":"ImageObject","inLanguage":"en-US","@id":"https:\/\/originalperros.com\/produit\/georges-brisson-1902-1980-2\/#primaryimage","url":"https:\/\/originalperros.com\/wp-content\/uploads\/2025\/08\/PhotoRoom_20240127_110130-scaled-1.jpg","contentUrl":"https:\/\/originalperros.com\/wp-content\/uploads\/2025\/08\/PhotoRoom_20240127_110130-scaled-1.jpg","width":1920,"height":2560},{"@type":"BreadcrumbList","@id":"https:\/\/originalperros.com\/produit\/georges-brisson-1902-1980-2\/#breadcrumb","itemListElement":[{"@type":"ListItem","position":1,"name":"Home","item":"https:\/\/originalperros.com\/"},{"@type":"ListItem","position":2,"name":"Produits","item":"https:\/\/originalperros.com\/produits\/"},{"@type":"ListItem","position":3,"name":"ODETTA, Georges BRISSON"}]},{"@type":"WebSite","@id":"https:\/\/originalperros.com\/#website","url":"https:\/\/originalperros.com\/","name":"Original Perros","description":"","potentialAction":[{"@type":"SearchAction","target":{"@type":"EntryPoint","urlTemplate":"https:\/\/originalperros.com\/?s={search_term_string}"},"query-input":{"@type":"PropertyValueSpecification","valueRequired":true,"valueName":"search_term_string"}}],"inLanguage":"en-US"}]}},"_links":{"self":[{"href":"https:\/\/originalperros.com\/en\/wp-json\/wp\/v2\/product\/5667","targetHints":{"allow":["GET"]}}],"collection":[{"href":"https:\/\/originalperros.com\/en\/wp-json\/wp\/v2\/product"}],"about":[{"href":"https:\/\/originalperros.com\/en\/wp-json\/wp\/v2\/types\/product"}],"wp:featuredmedia":[{"embeddable":true,"href":"https:\/\/originalperros.com\/en\/wp-json\/wp\/v2\/media\/5779"}],"wp:attachment":[{"href":"https:\/\/originalperros.com\/en\/wp-json\/wp\/v2\/media?parent=5667"}],"wp:term":[{"taxonomy":"product_brand","embeddable":true,"href":"https:\/\/originalperros.com\/en\/wp-json\/wp\/v2\/product_brand?post=5667"},{"taxonomy":"product_cat","embeddable":true,"href":"https:\/\/originalperros.com\/en\/wp-json\/wp\/v2\/product_cat?post=5667"},{"taxonomy":"product_tag","embeddable":true,"href":"https:\/\/originalperros.com\/en\/wp-json\/wp\/v2\/product_tag?post=5667"}],"curies":[{"name":"wp","href":"https:\/\/api.w.org\/{rel}","templated":true}]}}