{"id":6348,"date":"2025-08-16T23:40:41","date_gmt":"2025-08-16T21:40:41","guid":{"rendered":"https:\/\/www.originalperros.com\/?post_type=product&#038;p=6348"},"modified":"2025-08-29T13:01:48","modified_gmt":"2025-08-29T11:01:48","slug":"willem-heytman-pays-bas-1950","status":"publish","type":"product","link":"https:\/\/originalperros.com\/en\/product\/willem-heytman-pays-bas-1950\/","title":{"rendered":"Willem HEYTMAN"},"content":{"rendered":"","protected":false},"excerpt":{"rendered":"<div>Tableau par Willem Heytman, sc\u00e8ne de plage, \u00a0\u00bb Le Bain De Mer \u00ab\u00a0<\/div>\n<p class=\"text-xl\/6 font-serif line-clamp-2 max-w-[calc(100%-theme(space.16))] lg:text-2xl\/7\">huile sur toile sign\u00e9 en bas \u00e0 droite.<\/p>\n<p><!--more--><\/p>\n<div class=\"wpcf7 no-js\" id=\"wpcf7-f4081-o1\" lang=\"en-US\" dir=\"ltr\" data-wpcf7-id=\"4081\">\n<div class=\"screen-reader-response\">\n<p role=\"status\" aria-live=\"polite\" aria-atomic=\"true\">\n<ul><\/ul>\n<\/div>\n<form action=\"\/en\/wp-json\/wp\/v2\/product\/6348#wpcf7-f4081-o1\" method=\"post\" class=\"wpcf7-form init\" aria-label=\"Contact form\" novalidate=\"novalidate\" data-status=\"init\">\n<fieldset class=\"hidden-fields-container\"><input type=\"hidden\" name=\"_wpcf7\" value=\"4081\" \/><input type=\"hidden\" name=\"_wpcf7_version\" value=\"6.1.1\" \/><input type=\"hidden\" name=\"_wpcf7_locale\" value=\"en_US\" \/><input type=\"hidden\" name=\"_wpcf7_unit_tag\" value=\"wpcf7-f4081-o1\" \/><input type=\"hidden\" name=\"_wpcf7_container_post\" value=\"0\" \/><input type=\"hidden\" name=\"_wpcf7_posted_data_hash\" value=\"\" \/><input type=\"hidden\" name=\"_wpcf7_recaptcha_response\" value=\"\" \/><br \/>\n<\/fieldset>\n<div class=\"ct-contact-form\">\n<span class=\"wpcf7-form-control-wrap\" data-name=\"text-833\"><input size=\"40\" maxlength=\"400\" class=\"wpcf7-form-control wpcf7-text wpcf7-validates-as-required theme-input\" aria-required=\"true\" aria-invalid=\"false\" placeholder=\"Votre nom*\" value=\"\" type=\"text\" name=\"text-833\" \/><\/span><br \/>\n<span class=\"wpcf7-form-control-wrap\" data-name=\"email-426\"><input size=\"40\" maxlength=\"400\" class=\"wpcf7-form-control wpcf7-email wpcf7-validates-as-required wpcf7-text wpcf7-validates-as-email theme-input\" aria-required=\"true\" aria-invalid=\"false\" placeholder=\"Votre e-mail*\" value=\"\" type=\"email\" name=\"email-426\" \/><\/span><br \/>\n<span class=\"wpcf7-form-control-wrap\" data-name=\"text-834\"><input size=\"40\" maxlength=\"400\" class=\"wpcf7-form-control wpcf7-text wpcf7-validates-as-required theme-input\" aria-required=\"true\" aria-invalid=\"false\" placeholder=\"Votre t\u00e9l\u00e9phone*\" value=\"\" type=\"text\" name=\"text-834\" \/><\/span><br \/>\n<span class=\"wpcf7-form-control-wrap\" data-name=\"textarea-518\"><textarea cols=\"40\" rows=\"10\" maxlength=\"2000\" class=\"wpcf7-form-control wpcf7-textarea\" aria-invalid=\"false\" placeholder=\"Veuillez \u00e9crire les d\u00e9tails...\" name=\"textarea-518\"><\/textarea><\/span><br \/>\n<button type=\"submit\" class=\"wpcf7-form-control wpcf7-submit template-btn primary-btn\">Envoyer<\/button>\n<\/div>\n<div class=\"wpcf7-response-output\" aria-hidden=\"true\"><\/div>\n<\/form>\n<\/div>\n","protected":false},"featured_media":6462,"template":"","meta":{"_acf_changed":false},"product_brand":[],"product_cat":[65],"product_tag":[],"class_list":{"0":"post-6348","1":"product","2":"type-product","3":"status-publish","4":"has-post-thumbnail","6":"product_cat-peintures","8":"first","9":"instock","10":"shipping-taxable","11":"product-type-simple"},"acf":[],"yoast_head":"<!-- This site is optimized with the Yoast SEO plugin v25.7 - https:\/\/yoast.com\/wordpress\/plugins\/seo\/ -->\n<title>Willem HEYTMAN - Original Perros<\/title>\n<meta name=\"robots\" content=\"index, follow, max-snippet:-1, max-image-preview:large, max-video-preview:-1\" \/>\n<link rel=\"canonical\" href=\"https:\/\/originalperros.com\/en\/product\/willem-heytman-pays-bas-1950\/\" \/>\n<meta property=\"og:locale\" content=\"en_US\" \/>\n<meta property=\"og:type\" content=\"article\" \/>\n<meta property=\"og:title\" content=\"Willem HEYTMAN - Original Perros\" \/>\n<meta property=\"og:description\" content=\"Tableau par Willem Heytman, sc\u00e8ne de plage, &quot; Le Bain De Mer &quot; huile sur toile sign\u00e9 en bas \u00e0 droite.\" \/>\n<meta property=\"og:url\" content=\"https:\/\/originalperros.com\/en\/product\/willem-heytman-pays-bas-1950\/\" \/>\n<meta property=\"og:site_name\" content=\"Original Perros\" \/>\n<meta property=\"article:modified_time\" content=\"2025-08-29T11:01:48+00:00\" \/>\n<meta property=\"og:image\" content=\"https:\/\/originalperros.com\/wp-content\/uploads\/2025\/08\/image0-1.jpeg\" \/>\n\t<meta property=\"og:image:width\" content=\"1216\" \/>\n\t<meta property=\"og:image:height\" content=\"1216\" \/>\n\t<meta property=\"og:image:type\" content=\"image\/jpeg\" \/>\n<meta name=\"twitter:card\" content=\"summary_large_image\" \/>\n<script type=\"application\/ld+json\" class=\"yoast-schema-graph\">{\"@context\":\"https:\/\/schema.org\",\"@graph\":[{\"@type\":\"WebPage\",\"@id\":\"https:\/\/originalperros.com\/produit\/willem-heytman-pays-bas-1950\/\",\"url\":\"https:\/\/originalperros.com\/produit\/willem-heytman-pays-bas-1950\/\",\"name\":\"Willem HEYTMAN - Original Perros\",\"isPartOf\":{\"@id\":\"https:\/\/originalperros.com\/#website\"},\"primaryImageOfPage\":{\"@id\":\"https:\/\/originalperros.com\/produit\/willem-heytman-pays-bas-1950\/#primaryimage\"},\"image\":{\"@id\":\"https:\/\/originalperros.com\/produit\/willem-heytman-pays-bas-1950\/#primaryimage\"},\"thumbnailUrl\":\"https:\/\/originalperros.com\/wp-content\/uploads\/2025\/08\/image0-1.jpeg\",\"datePublished\":\"2025-08-16T21:40:41+00:00\",\"dateModified\":\"2025-08-29T11:01:48+00:00\",\"breadcrumb\":{\"@id\":\"https:\/\/originalperros.com\/produit\/willem-heytman-pays-bas-1950\/#breadcrumb\"},\"inLanguage\":\"en-US\",\"potentialAction\":[{\"@type\":\"ReadAction\",\"target\":[\"https:\/\/originalperros.com\/produit\/willem-heytman-pays-bas-1950\/\"]}]},{\"@type\":\"ImageObject\",\"inLanguage\":\"en-US\",\"@id\":\"https:\/\/originalperros.com\/produit\/willem-heytman-pays-bas-1950\/#primaryimage\",\"url\":\"https:\/\/originalperros.com\/wp-content\/uploads\/2025\/08\/image0-1.jpeg\",\"contentUrl\":\"https:\/\/originalperros.com\/wp-content\/uploads\/2025\/08\/image0-1.jpeg\",\"width\":1216,\"height\":1216},{\"@type\":\"BreadcrumbList\",\"@id\":\"https:\/\/originalperros.com\/produit\/willem-heytman-pays-bas-1950\/#breadcrumb\",\"itemListElement\":[{\"@type\":\"ListItem\",\"position\":1,\"name\":\"Home\",\"item\":\"https:\/\/originalperros.com\/\"},{\"@type\":\"ListItem\",\"position\":2,\"name\":\"Produits\",\"item\":\"https:\/\/originalperros.com\/produits\/\"},{\"@type\":\"ListItem\",\"position\":3,\"name\":\"Willem HEYTMAN\"}]},{\"@type\":\"WebSite\",\"@id\":\"https:\/\/originalperros.com\/#website\",\"url\":\"https:\/\/originalperros.com\/\",\"name\":\"Original Perros\",\"description\":\"\",\"potentialAction\":[{\"@type\":\"SearchAction\",\"target\":{\"@type\":\"EntryPoint\",\"urlTemplate\":\"https:\/\/originalperros.com\/?s={search_term_string}\"},\"query-input\":{\"@type\":\"PropertyValueSpecification\",\"valueRequired\":true,\"valueName\":\"search_term_string\"}}],\"inLanguage\":\"en-US\"}]}<\/script>\n<!-- \/ Yoast SEO plugin. -->","yoast_head_json":{"title":"Willem HEYTMAN - Original Perros","robots":{"index":"index","follow":"follow","max-snippet":"max-snippet:-1","max-image-preview":"max-image-preview:large","max-video-preview":"max-video-preview:-1"},"canonical":"https:\/\/originalperros.com\/en\/product\/willem-heytman-pays-bas-1950\/","og_locale":"en_US","og_type":"article","og_title":"Willem HEYTMAN - Original Perros","og_description":"Tableau par Willem Heytman, sc\u00e8ne de plage, \" Le Bain De Mer \" huile sur toile sign\u00e9 en bas \u00e0 droite.","og_url":"https:\/\/originalperros.com\/en\/product\/willem-heytman-pays-bas-1950\/","og_site_name":"Original Perros","article_modified_time":"2025-08-29T11:01:48+00:00","og_image":[{"width":1216,"height":1216,"url":"https:\/\/originalperros.com\/wp-content\/uploads\/2025\/08\/image0-1.jpeg","type":"image\/jpeg"}],"twitter_card":"summary_large_image","schema":{"@context":"https:\/\/schema.org","@graph":[{"@type":"WebPage","@id":"https:\/\/originalperros.com\/produit\/willem-heytman-pays-bas-1950\/","url":"https:\/\/originalperros.com\/produit\/willem-heytman-pays-bas-1950\/","name":"Willem HEYTMAN - Original Perros","isPartOf":{"@id":"https:\/\/originalperros.com\/#website"},"primaryImageOfPage":{"@id":"https:\/\/originalperros.com\/produit\/willem-heytman-pays-bas-1950\/#primaryimage"},"image":{"@id":"https:\/\/originalperros.com\/produit\/willem-heytman-pays-bas-1950\/#primaryimage"},"thumbnailUrl":"https:\/\/originalperros.com\/wp-content\/uploads\/2025\/08\/image0-1.jpeg","datePublished":"2025-08-16T21:40:41+00:00","dateModified":"2025-08-29T11:01:48+00:00","breadcrumb":{"@id":"https:\/\/originalperros.com\/produit\/willem-heytman-pays-bas-1950\/#breadcrumb"},"inLanguage":"en-US","potentialAction":[{"@type":"ReadAction","target":["https:\/\/originalperros.com\/produit\/willem-heytman-pays-bas-1950\/"]}]},{"@type":"ImageObject","inLanguage":"en-US","@id":"https:\/\/originalperros.com\/produit\/willem-heytman-pays-bas-1950\/#primaryimage","url":"https:\/\/originalperros.com\/wp-content\/uploads\/2025\/08\/image0-1.jpeg","contentUrl":"https:\/\/originalperros.com\/wp-content\/uploads\/2025\/08\/image0-1.jpeg","width":1216,"height":1216},{"@type":"BreadcrumbList","@id":"https:\/\/originalperros.com\/produit\/willem-heytman-pays-bas-1950\/#breadcrumb","itemListElement":[{"@type":"ListItem","position":1,"name":"Home","item":"https:\/\/originalperros.com\/"},{"@type":"ListItem","position":2,"name":"Produits","item":"https:\/\/originalperros.com\/produits\/"},{"@type":"ListItem","position":3,"name":"Willem HEYTMAN"}]},{"@type":"WebSite","@id":"https:\/\/originalperros.com\/#website","url":"https:\/\/originalperros.com\/","name":"Original Perros","description":"","potentialAction":[{"@type":"SearchAction","target":{"@type":"EntryPoint","urlTemplate":"https:\/\/originalperros.com\/?s={search_term_string}"},"query-input":{"@type":"PropertyValueSpecification","valueRequired":true,"valueName":"search_term_string"}}],"inLanguage":"en-US"}]}},"_links":{"self":[{"href":"https:\/\/originalperros.com\/en\/wp-json\/wp\/v2\/product\/6348","targetHints":{"allow":["GET"]}}],"collection":[{"href":"https:\/\/originalperros.com\/en\/wp-json\/wp\/v2\/product"}],"about":[{"href":"https:\/\/originalperros.com\/en\/wp-json\/wp\/v2\/types\/product"}],"wp:featuredmedia":[{"embeddable":true,"href":"https:\/\/originalperros.com\/en\/wp-json\/wp\/v2\/media\/6462"}],"wp:attachment":[{"href":"https:\/\/originalperros.com\/en\/wp-json\/wp\/v2\/media?parent=6348"}],"wp:term":[{"taxonomy":"product_brand","embeddable":true,"href":"https:\/\/originalperros.com\/en\/wp-json\/wp\/v2\/product_brand?post=6348"},{"taxonomy":"product_cat","embeddable":true,"href":"https:\/\/originalperros.com\/en\/wp-json\/wp\/v2\/product_cat?post=6348"},{"taxonomy":"product_tag","embeddable":true,"href":"https:\/\/originalperros.com\/en\/wp-json\/wp\/v2\/product_tag?post=6348"}],"curies":[{"name":"wp","href":"https:\/\/api.w.org\/{rel}","templated":true}]}}