{"id":6358,"date":"2025-08-16T23:41:15","date_gmt":"2025-08-16T21:41:15","guid":{"rendered":"https:\/\/www.originalperros.com\/?post_type=product&#038;p=6358"},"modified":"2025-12-06T15:24:36","modified_gmt":"2025-12-06T14:24:36","slug":"emile-just-bachelet-1892-1981-6","status":"publish","type":"product","link":"https:\/\/originalperros.com\/en\/product\/emile-just-bachelet-1892-1981-6\/","title":{"rendered":"The Breton bride and groom, \u00c9mile Just BACHELET"},"content":{"rendered":"","protected":false},"excerpt":{"rendered":"<p>\u00a0\"The bride and groom on a post horse\" polychrome glazed earthenware group,<\/p>\n<p>by \u00c9mile Just BACHELET for Hentiot-Quimper.<\/p>\n<p>Monogrammed EJB signed Henriot Quimper 145.<\/p>\n<p><!--more--><\/p>\n<p>&nbsp;<\/p>\n<h1><span style=\"color: #ff6600;\">SOLD<\/span><\/h1>","protected":false},"featured_media":6477,"template":"","meta":{"_acf_changed":false},"product_brand":[],"product_cat":[64,77],"product_tag":[],"class_list":{"0":"post-6358","1":"product","2":"type-product","3":"status-publish","4":"has-post-thumbnail","6":"product_cat-art-breton","7":"product_cat-sculptures","9":"first","10":"outofstock","11":"shipping-taxable","12":"product-type-simple"},"acf":[],"yoast_head":"<!-- This site is optimized with the Yoast SEO plugin v25.7 - https:\/\/yoast.com\/wordpress\/plugins\/seo\/ -->\n<title>Les mari\u00e9s breton, \u00c9mile Just BACHELET - Original Perros<\/title>\n<meta name=\"robots\" content=\"index, follow, max-snippet:-1, max-image-preview:large, max-video-preview:-1\" \/>\n<link rel=\"canonical\" href=\"https:\/\/originalperros.com\/en\/product\/emile-just-bachelet-1892-1981-6\/\" \/>\n<meta property=\"og:locale\" content=\"en_US\" \/>\n<meta property=\"og:type\" content=\"article\" \/>\n<meta property=\"og:title\" content=\"Les mari\u00e9s breton, \u00c9mile Just BACHELET - Original Perros\" \/>\n<meta property=\"og:description\" content=\"&quot; Les mari\u00e9s sur un cheval de poste &quot; groupe en fa\u00efence \u00e9maill\u00e9e polychrome ,  par \u00c9mile Just BACHELET pour Hentiot-Quimper.  Monogramm\u00e9 EJB sign\u00e9 Henriot Quimper 145.    &nbsp; VENDU\" \/>\n<meta property=\"og:url\" content=\"https:\/\/originalperros.com\/en\/product\/emile-just-bachelet-1892-1981-6\/\" \/>\n<meta property=\"og:site_name\" content=\"Original Perros\" \/>\n<meta property=\"article:modified_time\" content=\"2025-12-06T14:24:36+00:00\" \/>\n<meta property=\"og:image\" content=\"https:\/\/originalperros.com\/wp-content\/uploads\/2025\/08\/Photoroom_001_20241002_175948.jpg\" \/>\n\t<meta property=\"og:image:width\" content=\"590\" \/>\n\t<meta property=\"og:image:height\" content=\"787\" \/>\n\t<meta property=\"og:image:type\" content=\"image\/jpeg\" \/>\n<meta name=\"twitter:card\" content=\"summary_large_image\" \/>\n<meta name=\"twitter:label1\" content=\"Est. reading time\" \/>\n\t<meta name=\"twitter:data1\" content=\"1 minute\" \/>\n<script type=\"application\/ld+json\" class=\"yoast-schema-graph\">{\"@context\":\"https:\/\/schema.org\",\"@graph\":[{\"@type\":\"WebPage\",\"@id\":\"https:\/\/originalperros.com\/produit\/emile-just-bachelet-1892-1981-6\/\",\"url\":\"https:\/\/originalperros.com\/produit\/emile-just-bachelet-1892-1981-6\/\",\"name\":\"Les mari\u00e9s breton, \u00c9mile Just BACHELET - Original Perros\",\"isPartOf\":{\"@id\":\"https:\/\/originalperros.com\/#website\"},\"primaryImageOfPage\":{\"@id\":\"https:\/\/originalperros.com\/produit\/emile-just-bachelet-1892-1981-6\/#primaryimage\"},\"image\":{\"@id\":\"https:\/\/originalperros.com\/produit\/emile-just-bachelet-1892-1981-6\/#primaryimage\"},\"thumbnailUrl\":\"https:\/\/originalperros.com\/wp-content\/uploads\/2025\/08\/Photoroom_001_20241002_175948.jpg\",\"datePublished\":\"2025-08-16T21:41:15+00:00\",\"dateModified\":\"2025-12-06T14:24:36+00:00\",\"breadcrumb\":{\"@id\":\"https:\/\/originalperros.com\/produit\/emile-just-bachelet-1892-1981-6\/#breadcrumb\"},\"inLanguage\":\"en-US\",\"potentialAction\":[{\"@type\":\"ReadAction\",\"target\":[\"https:\/\/originalperros.com\/produit\/emile-just-bachelet-1892-1981-6\/\"]}]},{\"@type\":\"ImageObject\",\"inLanguage\":\"en-US\",\"@id\":\"https:\/\/originalperros.com\/produit\/emile-just-bachelet-1892-1981-6\/#primaryimage\",\"url\":\"https:\/\/originalperros.com\/wp-content\/uploads\/2025\/08\/Photoroom_001_20241002_175948.jpg\",\"contentUrl\":\"https:\/\/originalperros.com\/wp-content\/uploads\/2025\/08\/Photoroom_001_20241002_175948.jpg\",\"width\":590,\"height\":787},{\"@type\":\"BreadcrumbList\",\"@id\":\"https:\/\/originalperros.com\/produit\/emile-just-bachelet-1892-1981-6\/#breadcrumb\",\"itemListElement\":[{\"@type\":\"ListItem\",\"position\":1,\"name\":\"Home\",\"item\":\"https:\/\/originalperros.com\/\"},{\"@type\":\"ListItem\",\"position\":2,\"name\":\"Produits\",\"item\":\"https:\/\/originalperros.com\/produits\/\"},{\"@type\":\"ListItem\",\"position\":3,\"name\":\"Les mari\u00e9s breton, \u00c9mile Just BACHELET\"}]},{\"@type\":\"WebSite\",\"@id\":\"https:\/\/originalperros.com\/#website\",\"url\":\"https:\/\/originalperros.com\/\",\"name\":\"Original Perros\",\"description\":\"\",\"potentialAction\":[{\"@type\":\"SearchAction\",\"target\":{\"@type\":\"EntryPoint\",\"urlTemplate\":\"https:\/\/originalperros.com\/?s={search_term_string}\"},\"query-input\":{\"@type\":\"PropertyValueSpecification\",\"valueRequired\":true,\"valueName\":\"search_term_string\"}}],\"inLanguage\":\"en-US\"}]}<\/script>\n<!-- \/ Yoast SEO plugin. -->","yoast_head_json":{"title":"Les mari\u00e9s breton, \u00c9mile Just BACHELET - Original Perros","robots":{"index":"index","follow":"follow","max-snippet":"max-snippet:-1","max-image-preview":"max-image-preview:large","max-video-preview":"max-video-preview:-1"},"canonical":"https:\/\/originalperros.com\/en\/product\/emile-just-bachelet-1892-1981-6\/","og_locale":"en_US","og_type":"article","og_title":"Les mari\u00e9s breton, \u00c9mile Just BACHELET - Original Perros","og_description":"\" Les mari\u00e9s sur un cheval de poste \" groupe en fa\u00efence \u00e9maill\u00e9e polychrome ,  par \u00c9mile Just BACHELET pour Hentiot-Quimper.  Monogramm\u00e9 EJB sign\u00e9 Henriot Quimper 145.    &nbsp; VENDU","og_url":"https:\/\/originalperros.com\/en\/product\/emile-just-bachelet-1892-1981-6\/","og_site_name":"Original Perros","article_modified_time":"2025-12-06T14:24:36+00:00","og_image":[{"width":590,"height":787,"url":"https:\/\/originalperros.com\/wp-content\/uploads\/2025\/08\/Photoroom_001_20241002_175948.jpg","type":"image\/jpeg"}],"twitter_card":"summary_large_image","twitter_misc":{"Est. reading time":"1 minute"},"schema":{"@context":"https:\/\/schema.org","@graph":[{"@type":"WebPage","@id":"https:\/\/originalperros.com\/produit\/emile-just-bachelet-1892-1981-6\/","url":"https:\/\/originalperros.com\/produit\/emile-just-bachelet-1892-1981-6\/","name":"Les mari\u00e9s breton, \u00c9mile Just BACHELET - Original Perros","isPartOf":{"@id":"https:\/\/originalperros.com\/#website"},"primaryImageOfPage":{"@id":"https:\/\/originalperros.com\/produit\/emile-just-bachelet-1892-1981-6\/#primaryimage"},"image":{"@id":"https:\/\/originalperros.com\/produit\/emile-just-bachelet-1892-1981-6\/#primaryimage"},"thumbnailUrl":"https:\/\/originalperros.com\/wp-content\/uploads\/2025\/08\/Photoroom_001_20241002_175948.jpg","datePublished":"2025-08-16T21:41:15+00:00","dateModified":"2025-12-06T14:24:36+00:00","breadcrumb":{"@id":"https:\/\/originalperros.com\/produit\/emile-just-bachelet-1892-1981-6\/#breadcrumb"},"inLanguage":"en-US","potentialAction":[{"@type":"ReadAction","target":["https:\/\/originalperros.com\/produit\/emile-just-bachelet-1892-1981-6\/"]}]},{"@type":"ImageObject","inLanguage":"en-US","@id":"https:\/\/originalperros.com\/produit\/emile-just-bachelet-1892-1981-6\/#primaryimage","url":"https:\/\/originalperros.com\/wp-content\/uploads\/2025\/08\/Photoroom_001_20241002_175948.jpg","contentUrl":"https:\/\/originalperros.com\/wp-content\/uploads\/2025\/08\/Photoroom_001_20241002_175948.jpg","width":590,"height":787},{"@type":"BreadcrumbList","@id":"https:\/\/originalperros.com\/produit\/emile-just-bachelet-1892-1981-6\/#breadcrumb","itemListElement":[{"@type":"ListItem","position":1,"name":"Home","item":"https:\/\/originalperros.com\/"},{"@type":"ListItem","position":2,"name":"Produits","item":"https:\/\/originalperros.com\/produits\/"},{"@type":"ListItem","position":3,"name":"Les mari\u00e9s breton, \u00c9mile Just BACHELET"}]},{"@type":"WebSite","@id":"https:\/\/originalperros.com\/#website","url":"https:\/\/originalperros.com\/","name":"Original Perros","description":"","potentialAction":[{"@type":"SearchAction","target":{"@type":"EntryPoint","urlTemplate":"https:\/\/originalperros.com\/?s={search_term_string}"},"query-input":{"@type":"PropertyValueSpecification","valueRequired":true,"valueName":"search_term_string"}}],"inLanguage":"en-US"}]}},"_links":{"self":[{"href":"https:\/\/originalperros.com\/en\/wp-json\/wp\/v2\/product\/6358","targetHints":{"allow":["GET"]}}],"collection":[{"href":"https:\/\/originalperros.com\/en\/wp-json\/wp\/v2\/product"}],"about":[{"href":"https:\/\/originalperros.com\/en\/wp-json\/wp\/v2\/types\/product"}],"wp:featuredmedia":[{"embeddable":true,"href":"https:\/\/originalperros.com\/en\/wp-json\/wp\/v2\/media\/6477"}],"wp:attachment":[{"href":"https:\/\/originalperros.com\/en\/wp-json\/wp\/v2\/media?parent=6358"}],"wp:term":[{"taxonomy":"product_brand","embeddable":true,"href":"https:\/\/originalperros.com\/en\/wp-json\/wp\/v2\/product_brand?post=6358"},{"taxonomy":"product_cat","embeddable":true,"href":"https:\/\/originalperros.com\/en\/wp-json\/wp\/v2\/product_cat?post=6358"},{"taxonomy":"product_tag","embeddable":true,"href":"https:\/\/originalperros.com\/en\/wp-json\/wp\/v2\/product_tag?post=6358"}],"curies":[{"name":"wp","href":"https:\/\/api.w.org\/{rel}","templated":true}]}}