{"id":6399,"date":"2025-08-16T23:43:46","date_gmt":"2025-08-16T21:43:46","guid":{"rendered":"https:\/\/www.originalperros.com\/?post_type=product&#038;p=6399"},"modified":"2026-03-07T16:07:29","modified_gmt":"2026-03-07T15:07:29","slug":"robert-micheau-vernez-1907-1989-8","status":"publish","type":"product","link":"https:\/\/originalperros.com\/en\/product\/robert-micheau-vernez-1907-1989-8\/","title":{"rendered":"Penmarc'h dancers, Robert MICHEAU-VERNEZ"},"content":{"rendered":"","protected":false},"excerpt":{"rendered":"<p>Couple of dancers from Penmarc'h, by Robert MICHEAU-VERNEZ for HENRIOT QUIMPER.<\/p>\n<p>Robert Micheau-Vernez is a French painter and ceramist who made a major contribution to the development of Henriot Quimper, one of Brittany's most famous earthenware factories. Renowned for his colorful, modern style, he breathed new life into the production of this historic company. His work is marked by stylized representations of Breton characters, often in traditional costume, as well as scenes from everyday life in Brittany. The use of bright colors, simplified forms and a keen sense of composition give his creations a dimension that is both modern and timeless.<\/p>\n<p><!--more--><\/p>\n<h1><span style=\"color: #ff6600;\">SOLD<\/span><\/h1>","protected":false},"featured_media":6518,"template":"","meta":{"_acf_changed":false},"product_brand":[],"product_cat":[64],"product_tag":[],"class_list":{"0":"post-6399","1":"product","2":"type-product","3":"status-publish","4":"has-post-thumbnail","6":"product_cat-art-breton","8":"first","9":"outofstock","10":"shipping-taxable","11":"product-type-simple"},"acf":[],"yoast_head":"<!-- This site is optimized with the Yoast SEO plugin v25.7 - https:\/\/yoast.com\/wordpress\/plugins\/seo\/ -->\n<title>Danseurs de Penmarc\u2019h, Robert MICHEAU-VERNEZ - Original Perros<\/title>\n<meta name=\"robots\" content=\"index, follow, max-snippet:-1, max-image-preview:large, max-video-preview:-1\" \/>\n<link rel=\"canonical\" href=\"https:\/\/originalperros.com\/en\/product\/robert-micheau-vernez-1907-1989-8\/\" \/>\n<meta property=\"og:locale\" content=\"en_US\" \/>\n<meta property=\"og:type\" content=\"article\" \/>\n<meta property=\"og:title\" content=\"Danseurs de Penmarc\u2019h, Robert MICHEAU-VERNEZ - Original Perros\" \/>\n<meta property=\"og:description\" content=\"Couple de danseurs de Penmarc&#039;h, par Robert MICHEAU-VERNEZ pour HENRIOT QUIMPER.  Robert Micheau-Vernez est un artiste peintre et c\u00e9ramiste fran\u00e7ais qui a grandement contribu\u00e9 \u00e0 l&#039;essor des fa\u00efenceries Henriot Quimper, l&#039;une des plus c\u00e9l\u00e8bres manufactures de fa\u00efence en Bretagne. Reconnu pour son style color\u00e9 et moderne, il a apport\u00e9 un souffle nouveau \u00e0 la production de cette maison historique. Ses \u0153uvres sont marqu\u00e9es par des repr\u00e9sentations stylis\u00e9es de personnages bretons, souvent en costume traditionnel, ainsi que des sc\u00e8nes de la vie quotidienne en Bretagne. L\u2019utilisation de couleurs vives, de formes simplifi\u00e9es, et son sens aigu de la composition donnent \u00e0 ses cr\u00e9ations une dimension \u00e0 la fois moderne et intemporelle.   VENDU\" \/>\n<meta property=\"og:url\" content=\"https:\/\/originalperros.com\/en\/product\/robert-micheau-vernez-1907-1989-8\/\" \/>\n<meta property=\"og:site_name\" content=\"Original Perros\" \/>\n<meta property=\"article:modified_time\" content=\"2026-03-07T15:07:29+00:00\" \/>\n<meta property=\"og:image\" content=\"https:\/\/originalperros.com\/wp-content\/uploads\/2025\/08\/Photoroom_004_20241205_133622.jpg\" \/>\n\t<meta property=\"og:image:width\" content=\"1800\" \/>\n\t<meta property=\"og:image:height\" content=\"2400\" \/>\n\t<meta property=\"og:image:type\" content=\"image\/jpeg\" \/>\n<meta name=\"twitter:card\" content=\"summary_large_image\" \/>\n<meta name=\"twitter:label1\" content=\"Est. reading time\" \/>\n\t<meta name=\"twitter:data1\" content=\"1 minute\" \/>\n<script type=\"application\/ld+json\" class=\"yoast-schema-graph\">{\"@context\":\"https:\/\/schema.org\",\"@graph\":[{\"@type\":\"WebPage\",\"@id\":\"https:\/\/originalperros.com\/produit\/robert-micheau-vernez-1907-1989-8\/\",\"url\":\"https:\/\/originalperros.com\/produit\/robert-micheau-vernez-1907-1989-8\/\",\"name\":\"Danseurs de Penmarc\u2019h, Robert MICHEAU-VERNEZ - Original Perros\",\"isPartOf\":{\"@id\":\"https:\/\/originalperros.com\/#website\"},\"primaryImageOfPage\":{\"@id\":\"https:\/\/originalperros.com\/produit\/robert-micheau-vernez-1907-1989-8\/#primaryimage\"},\"image\":{\"@id\":\"https:\/\/originalperros.com\/produit\/robert-micheau-vernez-1907-1989-8\/#primaryimage\"},\"thumbnailUrl\":\"https:\/\/originalperros.com\/wp-content\/uploads\/2025\/08\/Photoroom_004_20241205_133622.jpg\",\"datePublished\":\"2025-08-16T21:43:46+00:00\",\"dateModified\":\"2026-03-07T15:07:29+00:00\",\"breadcrumb\":{\"@id\":\"https:\/\/originalperros.com\/produit\/robert-micheau-vernez-1907-1989-8\/#breadcrumb\"},\"inLanguage\":\"en-US\",\"potentialAction\":[{\"@type\":\"ReadAction\",\"target\":[\"https:\/\/originalperros.com\/produit\/robert-micheau-vernez-1907-1989-8\/\"]}]},{\"@type\":\"ImageObject\",\"inLanguage\":\"en-US\",\"@id\":\"https:\/\/originalperros.com\/produit\/robert-micheau-vernez-1907-1989-8\/#primaryimage\",\"url\":\"https:\/\/originalperros.com\/wp-content\/uploads\/2025\/08\/Photoroom_004_20241205_133622.jpg\",\"contentUrl\":\"https:\/\/originalperros.com\/wp-content\/uploads\/2025\/08\/Photoroom_004_20241205_133622.jpg\",\"width\":1800,\"height\":2400},{\"@type\":\"BreadcrumbList\",\"@id\":\"https:\/\/originalperros.com\/produit\/robert-micheau-vernez-1907-1989-8\/#breadcrumb\",\"itemListElement\":[{\"@type\":\"ListItem\",\"position\":1,\"name\":\"Home\",\"item\":\"https:\/\/originalperros.com\/\"},{\"@type\":\"ListItem\",\"position\":2,\"name\":\"Produits\",\"item\":\"https:\/\/originalperros.com\/produits\/\"},{\"@type\":\"ListItem\",\"position\":3,\"name\":\"Danseurs de Penmarc\u2019h, Robert MICHEAU-VERNEZ\"}]},{\"@type\":\"WebSite\",\"@id\":\"https:\/\/originalperros.com\/#website\",\"url\":\"https:\/\/originalperros.com\/\",\"name\":\"Original Perros\",\"description\":\"\",\"potentialAction\":[{\"@type\":\"SearchAction\",\"target\":{\"@type\":\"EntryPoint\",\"urlTemplate\":\"https:\/\/originalperros.com\/?s={search_term_string}\"},\"query-input\":{\"@type\":\"PropertyValueSpecification\",\"valueRequired\":true,\"valueName\":\"search_term_string\"}}],\"inLanguage\":\"en-US\"}]}<\/script>\n<!-- \/ Yoast SEO plugin. -->","yoast_head_json":{"title":"Danseurs de Penmarc\u2019h, Robert MICHEAU-VERNEZ - Original Perros","robots":{"index":"index","follow":"follow","max-snippet":"max-snippet:-1","max-image-preview":"max-image-preview:large","max-video-preview":"max-video-preview:-1"},"canonical":"https:\/\/originalperros.com\/en\/product\/robert-micheau-vernez-1907-1989-8\/","og_locale":"en_US","og_type":"article","og_title":"Danseurs de Penmarc\u2019h, Robert MICHEAU-VERNEZ - Original Perros","og_description":"Couple de danseurs de Penmarc'h, par Robert MICHEAU-VERNEZ pour HENRIOT QUIMPER.  Robert Micheau-Vernez est un artiste peintre et c\u00e9ramiste fran\u00e7ais qui a grandement contribu\u00e9 \u00e0 l'essor des fa\u00efenceries Henriot Quimper, l'une des plus c\u00e9l\u00e8bres manufactures de fa\u00efence en Bretagne. Reconnu pour son style color\u00e9 et moderne, il a apport\u00e9 un souffle nouveau \u00e0 la production de cette maison historique. Ses \u0153uvres sont marqu\u00e9es par des repr\u00e9sentations stylis\u00e9es de personnages bretons, souvent en costume traditionnel, ainsi que des sc\u00e8nes de la vie quotidienne en Bretagne. L\u2019utilisation de couleurs vives, de formes simplifi\u00e9es, et son sens aigu de la composition donnent \u00e0 ses cr\u00e9ations une dimension \u00e0 la fois moderne et intemporelle.   VENDU","og_url":"https:\/\/originalperros.com\/en\/product\/robert-micheau-vernez-1907-1989-8\/","og_site_name":"Original Perros","article_modified_time":"2026-03-07T15:07:29+00:00","og_image":[{"width":1800,"height":2400,"url":"https:\/\/originalperros.com\/wp-content\/uploads\/2025\/08\/Photoroom_004_20241205_133622.jpg","type":"image\/jpeg"}],"twitter_card":"summary_large_image","twitter_misc":{"Est. reading time":"1 minute"},"schema":{"@context":"https:\/\/schema.org","@graph":[{"@type":"WebPage","@id":"https:\/\/originalperros.com\/produit\/robert-micheau-vernez-1907-1989-8\/","url":"https:\/\/originalperros.com\/produit\/robert-micheau-vernez-1907-1989-8\/","name":"Danseurs de Penmarc\u2019h, Robert MICHEAU-VERNEZ - Original Perros","isPartOf":{"@id":"https:\/\/originalperros.com\/#website"},"primaryImageOfPage":{"@id":"https:\/\/originalperros.com\/produit\/robert-micheau-vernez-1907-1989-8\/#primaryimage"},"image":{"@id":"https:\/\/originalperros.com\/produit\/robert-micheau-vernez-1907-1989-8\/#primaryimage"},"thumbnailUrl":"https:\/\/originalperros.com\/wp-content\/uploads\/2025\/08\/Photoroom_004_20241205_133622.jpg","datePublished":"2025-08-16T21:43:46+00:00","dateModified":"2026-03-07T15:07:29+00:00","breadcrumb":{"@id":"https:\/\/originalperros.com\/produit\/robert-micheau-vernez-1907-1989-8\/#breadcrumb"},"inLanguage":"en-US","potentialAction":[{"@type":"ReadAction","target":["https:\/\/originalperros.com\/produit\/robert-micheau-vernez-1907-1989-8\/"]}]},{"@type":"ImageObject","inLanguage":"en-US","@id":"https:\/\/originalperros.com\/produit\/robert-micheau-vernez-1907-1989-8\/#primaryimage","url":"https:\/\/originalperros.com\/wp-content\/uploads\/2025\/08\/Photoroom_004_20241205_133622.jpg","contentUrl":"https:\/\/originalperros.com\/wp-content\/uploads\/2025\/08\/Photoroom_004_20241205_133622.jpg","width":1800,"height":2400},{"@type":"BreadcrumbList","@id":"https:\/\/originalperros.com\/produit\/robert-micheau-vernez-1907-1989-8\/#breadcrumb","itemListElement":[{"@type":"ListItem","position":1,"name":"Home","item":"https:\/\/originalperros.com\/"},{"@type":"ListItem","position":2,"name":"Produits","item":"https:\/\/originalperros.com\/produits\/"},{"@type":"ListItem","position":3,"name":"Danseurs de Penmarc\u2019h, Robert MICHEAU-VERNEZ"}]},{"@type":"WebSite","@id":"https:\/\/originalperros.com\/#website","url":"https:\/\/originalperros.com\/","name":"Original Perros","description":"","potentialAction":[{"@type":"SearchAction","target":{"@type":"EntryPoint","urlTemplate":"https:\/\/originalperros.com\/?s={search_term_string}"},"query-input":{"@type":"PropertyValueSpecification","valueRequired":true,"valueName":"search_term_string"}}],"inLanguage":"en-US"}]}},"_links":{"self":[{"href":"https:\/\/originalperros.com\/en\/wp-json\/wp\/v2\/product\/6399","targetHints":{"allow":["GET"]}}],"collection":[{"href":"https:\/\/originalperros.com\/en\/wp-json\/wp\/v2\/product"}],"about":[{"href":"https:\/\/originalperros.com\/en\/wp-json\/wp\/v2\/types\/product"}],"wp:featuredmedia":[{"embeddable":true,"href":"https:\/\/originalperros.com\/en\/wp-json\/wp\/v2\/media\/6518"}],"wp:attachment":[{"href":"https:\/\/originalperros.com\/en\/wp-json\/wp\/v2\/media?parent=6399"}],"wp:term":[{"taxonomy":"product_brand","embeddable":true,"href":"https:\/\/originalperros.com\/en\/wp-json\/wp\/v2\/product_brand?post=6399"},{"taxonomy":"product_cat","embeddable":true,"href":"https:\/\/originalperros.com\/en\/wp-json\/wp\/v2\/product_cat?post=6399"},{"taxonomy":"product_tag","embeddable":true,"href":"https:\/\/originalperros.com\/en\/wp-json\/wp\/v2\/product_tag?post=6399"}],"curies":[{"name":"wp","href":"https:\/\/api.w.org\/{rel}","templated":true}]}}