{"id":6408,"date":"2025-08-16T23:44:15","date_gmt":"2025-08-16T21:44:15","guid":{"rendered":"https:\/\/www.originalperros.com\/?post_type=product&#038;p=6408"},"modified":"2025-08-29T12:58:48","modified_gmt":"2025-08-29T10:58:48","slug":"houel-macharit-1907-2002-3","status":"publish","type":"product","link":"https:\/\/originalperros.com\/en\/product\/houel-macharit-1907-2002-3\/","title":{"rendered":"HOUEL Mac'harit for HB-Quimper"},"content":{"rendered":"","protected":false},"excerpt":{"rendered":"<p id=\"product-title\" class=\"title-lvl-1 notice-title\">Dish\u00a0<span class=\"notice-detail-item-list-value\">\"By the little finger<\/span> in polychrome earthenware, by HOUEL Mac'harit for HB Quimper.<\/p>\n<hr \/>\n<p><strong><em><span class=\"notice-detail-item-list-title\">Biography: <\/span><\/em><\/strong><span class=\"notice-detail-item-list-value\">Rennes, 1907- Versailles, 2002<br \/>\nMarc'harit Dodart des Loges, n\u00e9e Houel, was a pupil of director J. Ronsin at the Beaux-Arts in Rennes. Ronsin, and for engraving Jeanne Malivel. <\/span><\/p>\n<p><span class=\"notice-detail-item-list-value\">She illustrated nursery rhymes and songs by Botrel for dishes at La Grande Maison: <\/span><\/p>\n<p><span class=\"notice-detail-item-list-value\">\"La Paimpolaise\", <\/span><\/p>\n<p><span class=\"notice-detail-item-list-value\">\"My sweet Annette\", <\/span><\/p>\n<p><span class=\"notice-detail-item-list-value\">\"En avant les g\u00e2s! <\/span><\/p>\n<p><span class=\"notice-detail-item-list-value\">\"White Lullaby <\/span><\/p>\n<p><span class=\"notice-detail-item-list-value\">\"By the little finger, <\/span><\/p>\n<p><span class=\"notice-detail-item-list-value\">\"The voice of the broom, <\/span><\/p>\n<p><span class=\"notice-detail-item-list-value\">\"There was a little ship, <\/span><\/p>\n<p><span class=\"notice-detail-item-list-value\">\"The little ones. <\/span><\/p>\n<p><span class=\"notice-detail-item-list-value\">With Suzanne Creston, she led the \"Nadeziou\" textile design group founded by Georges Robin.<\/span><\/p>\n<p><!--more--><\/p>\n<div class=\"wpcf7 no-js\" id=\"wpcf7-f4081-o1\" lang=\"en-US\" dir=\"ltr\" data-wpcf7-id=\"4081\">\n<div class=\"screen-reader-response\">\n<p role=\"status\" aria-live=\"polite\" aria-atomic=\"true\">\n<ul><\/ul>\n<\/div>\n<form action=\"\/en\/wp-json\/wp\/v2\/product\/6408#wpcf7-f4081-o1\" method=\"post\" class=\"wpcf7-form init\" aria-label=\"Contact form\" novalidate=\"novalidate\" data-status=\"init\" data-trp-original-action=\"\/en\/wp-json\/wp\/v2\/product\/6408#wpcf7-f4081-o1\">\n<fieldset class=\"hidden-fields-container\"><input type=\"hidden\" name=\"_wpcf7\" value=\"4081\" \/><input type=\"hidden\" name=\"_wpcf7_version\" value=\"6.1.1\" \/><input type=\"hidden\" name=\"_wpcf7_locale\" value=\"en_US\" \/><input type=\"hidden\" name=\"_wpcf7_unit_tag\" value=\"wpcf7-f4081-o1\" \/><input type=\"hidden\" name=\"_wpcf7_container_post\" value=\"0\" \/><input type=\"hidden\" name=\"_wpcf7_posted_data_hash\" value=\"\" \/><input type=\"hidden\" name=\"_wpcf7_recaptcha_response\" value=\"\" \/><br \/>\n<\/fieldset>\n<div class=\"ct-contact-form\">\n<span class=\"wpcf7-form-control-wrap\" data-name=\"text-833\"><input size=\"40\" maxlength=\"400\" class=\"wpcf7-form-control wpcf7-text wpcf7-validates-as-required theme-input\" aria-required=\"true\" aria-invalid=\"false\" placeholder=\"Your name*\" value=\"\" type=\"text\" name=\"text-833\" \/><\/span><br \/>\n<span class=\"wpcf7-form-control-wrap\" data-name=\"email-426\"><input size=\"40\" maxlength=\"400\" class=\"wpcf7-form-control wpcf7-email wpcf7-validates-as-required wpcf7-text wpcf7-validates-as-email theme-input\" aria-required=\"true\" aria-invalid=\"false\" placeholder=\"Your email*\" value=\"\" type=\"email\" name=\"email-426\" \/><\/span><br \/>\n<span class=\"wpcf7-form-control-wrap\" data-name=\"text-834\"><input size=\"40\" maxlength=\"400\" class=\"wpcf7-form-control wpcf7-text wpcf7-validates-as-required theme-input\" aria-required=\"true\" aria-invalid=\"false\" placeholder=\"Your phone*\" value=\"\" type=\"text\" name=\"text-834\" \/><\/span><br \/>\n<span class=\"wpcf7-form-control-wrap\" data-name=\"textarea-518\"><textarea cols=\"40\" rows=\"10\" maxlength=\"2000\" class=\"wpcf7-form-control wpcf7-textarea\" aria-invalid=\"false\" placeholder=\"Please write the details...\" name=\"textarea-518\"><\/textarea><\/span><br \/>\n<button type=\"submit\" class=\"wpcf7-form-control wpcf7-submit template-btn primary-btn\">Send<\/button>\n<\/div>\n<div class=\"wpcf7-response-output\" aria-hidden=\"true\"><\/div>\n<input type=\"hidden\" name=\"trp-form-language\" value=\"en\"\/><\/form>\n<\/div>","protected":false},"featured_media":6533,"template":"","meta":{"_acf_changed":false},"product_brand":[],"product_cat":[64],"product_tag":[],"class_list":{"0":"post-6408","1":"product","2":"type-product","3":"status-publish","4":"has-post-thumbnail","6":"product_cat-art-breton","8":"first","9":"instock","10":"shipping-taxable","11":"product-type-simple"},"acf":[],"yoast_head":"<!-- This site is optimized with the Yoast SEO plugin v25.7 - https:\/\/yoast.com\/wordpress\/plugins\/seo\/ -->\n<title>HOUEL Mac&#039;harit pour HB-Quimper - Original Perros<\/title>\n<meta name=\"robots\" content=\"index, follow, max-snippet:-1, max-image-preview:large, max-video-preview:-1\" \/>\n<link rel=\"canonical\" href=\"https:\/\/originalperros.com\/en\/product\/houel-macharit-1907-2002-3\/\" \/>\n<meta property=\"og:locale\" content=\"en_US\" \/>\n<meta property=\"og:type\" content=\"article\" \/>\n<meta property=\"og:title\" content=\"HOUEL Mac&#039;harit pour HB-Quimper - Original Perros\" \/>\n<meta property=\"og:description\" content=\"Plat\u00a0&quot;Par le petit doigt&quot; en fa\u00efence polychrome, par HOUEL Mac&#039;harit pour HB Quimper.     Biographie: Rennes, 1907- Versailles, 2002 Marc&#039;harit Dodart des Loges, n\u00e9e Houel fut \u00e0 Rennes aux Beaux-Arts l&#039;\u00e9l\u00e8ve du directeur J. Ronsin, et pour la gravure de Jeanne Malivel.   Elle illustra pour des plats de la Grande Maison des comptines et des chansons de Botrel :   &quot;La Paimpolaise&quot;,   &quot;Ma douce Annette&quot;,   &quot;En avant les g\u00e2s !&quot;,   &quot;Berceuse blanche&quot;,   &quot;Par le petit doigt&quot;,   &quot;La voix des gen\u00eats&quot;,   &quot;Il \u00e9tait un petit navire&quot;,   &quot;Les touts petits&quot;.   Elle anima avec Suzanne Creston le groupe de cr\u00e9ation textile &quot;Nadeziou&quot; fond\u00e9 par Georges Robin.\" \/>\n<meta property=\"og:url\" content=\"https:\/\/originalperros.com\/en\/product\/houel-macharit-1907-2002-3\/\" \/>\n<meta property=\"og:site_name\" content=\"Original Perros\" \/>\n<meta property=\"article:modified_time\" content=\"2025-08-29T10:58:48+00:00\" \/>\n<meta property=\"og:image\" content=\"https:\/\/originalperros.com\/wp-content\/uploads\/2025\/08\/Photoroom_006_20241208_143335.jpg\" \/>\n\t<meta property=\"og:image:width\" content=\"1512\" \/>\n\t<meta property=\"og:image:height\" content=\"1512\" \/>\n\t<meta property=\"og:image:type\" content=\"image\/jpeg\" \/>\n<meta name=\"twitter:card\" content=\"summary_large_image\" \/>\n<script type=\"application\/ld+json\" class=\"yoast-schema-graph\">{\"@context\":\"https:\/\/schema.org\",\"@graph\":[{\"@type\":\"WebPage\",\"@id\":\"https:\/\/originalperros.com\/produit\/houel-macharit-1907-2002-3\/\",\"url\":\"https:\/\/originalperros.com\/produit\/houel-macharit-1907-2002-3\/\",\"name\":\"HOUEL Mac'harit pour HB-Quimper - Original Perros\",\"isPartOf\":{\"@id\":\"https:\/\/originalperros.com\/#website\"},\"primaryImageOfPage\":{\"@id\":\"https:\/\/originalperros.com\/produit\/houel-macharit-1907-2002-3\/#primaryimage\"},\"image\":{\"@id\":\"https:\/\/originalperros.com\/produit\/houel-macharit-1907-2002-3\/#primaryimage\"},\"thumbnailUrl\":\"https:\/\/originalperros.com\/wp-content\/uploads\/2025\/08\/Photoroom_006_20241208_143335.jpg\",\"datePublished\":\"2025-08-16T21:44:15+00:00\",\"dateModified\":\"2025-08-29T10:58:48+00:00\",\"breadcrumb\":{\"@id\":\"https:\/\/originalperros.com\/produit\/houel-macharit-1907-2002-3\/#breadcrumb\"},\"inLanguage\":\"en-US\",\"potentialAction\":[{\"@type\":\"ReadAction\",\"target\":[\"https:\/\/originalperros.com\/produit\/houel-macharit-1907-2002-3\/\"]}]},{\"@type\":\"ImageObject\",\"inLanguage\":\"en-US\",\"@id\":\"https:\/\/originalperros.com\/produit\/houel-macharit-1907-2002-3\/#primaryimage\",\"url\":\"https:\/\/originalperros.com\/wp-content\/uploads\/2025\/08\/Photoroom_006_20241208_143335.jpg\",\"contentUrl\":\"https:\/\/originalperros.com\/wp-content\/uploads\/2025\/08\/Photoroom_006_20241208_143335.jpg\",\"width\":1512,\"height\":1512},{\"@type\":\"BreadcrumbList\",\"@id\":\"https:\/\/originalperros.com\/produit\/houel-macharit-1907-2002-3\/#breadcrumb\",\"itemListElement\":[{\"@type\":\"ListItem\",\"position\":1,\"name\":\"Home\",\"item\":\"https:\/\/originalperros.com\/\"},{\"@type\":\"ListItem\",\"position\":2,\"name\":\"Produits\",\"item\":\"https:\/\/originalperros.com\/produits\/\"},{\"@type\":\"ListItem\",\"position\":3,\"name\":\"HOUEL Mac&rsquo;harit pour HB-Quimper\"}]},{\"@type\":\"WebSite\",\"@id\":\"https:\/\/originalperros.com\/#website\",\"url\":\"https:\/\/originalperros.com\/\",\"name\":\"Original Perros\",\"description\":\"\",\"potentialAction\":[{\"@type\":\"SearchAction\",\"target\":{\"@type\":\"EntryPoint\",\"urlTemplate\":\"https:\/\/originalperros.com\/?s={search_term_string}\"},\"query-input\":{\"@type\":\"PropertyValueSpecification\",\"valueRequired\":true,\"valueName\":\"search_term_string\"}}],\"inLanguage\":\"en-US\"}]}<\/script>\n<!-- \/ Yoast SEO plugin. -->","yoast_head_json":{"title":"HOUEL Mac'harit pour HB-Quimper - Original Perros","robots":{"index":"index","follow":"follow","max-snippet":"max-snippet:-1","max-image-preview":"max-image-preview:large","max-video-preview":"max-video-preview:-1"},"canonical":"https:\/\/originalperros.com\/en\/product\/houel-macharit-1907-2002-3\/","og_locale":"en_US","og_type":"article","og_title":"HOUEL Mac'harit pour HB-Quimper - Original Perros","og_description":"Plat\u00a0\"Par le petit doigt\" en fa\u00efence polychrome, par HOUEL Mac'harit pour HB Quimper.     Biographie: Rennes, 1907- Versailles, 2002 Marc'harit Dodart des Loges, n\u00e9e Houel fut \u00e0 Rennes aux Beaux-Arts l'\u00e9l\u00e8ve du directeur J. Ronsin, et pour la gravure de Jeanne Malivel.   Elle illustra pour des plats de la Grande Maison des comptines et des chansons de Botrel :   \"La Paimpolaise\",   \"Ma douce Annette\",   \"En avant les g\u00e2s !\",   \"Berceuse blanche\",   \"Par le petit doigt\",   \"La voix des gen\u00eats\",   \"Il \u00e9tait un petit navire\",   \"Les touts petits\".   Elle anima avec Suzanne Creston le groupe de cr\u00e9ation textile \"Nadeziou\" fond\u00e9 par Georges Robin.","og_url":"https:\/\/originalperros.com\/en\/product\/houel-macharit-1907-2002-3\/","og_site_name":"Original Perros","article_modified_time":"2025-08-29T10:58:48+00:00","og_image":[{"width":1512,"height":1512,"url":"https:\/\/originalperros.com\/wp-content\/uploads\/2025\/08\/Photoroom_006_20241208_143335.jpg","type":"image\/jpeg"}],"twitter_card":"summary_large_image","schema":{"@context":"https:\/\/schema.org","@graph":[{"@type":"WebPage","@id":"https:\/\/originalperros.com\/produit\/houel-macharit-1907-2002-3\/","url":"https:\/\/originalperros.com\/produit\/houel-macharit-1907-2002-3\/","name":"HOUEL Mac'harit pour HB-Quimper - Original Perros","isPartOf":{"@id":"https:\/\/originalperros.com\/#website"},"primaryImageOfPage":{"@id":"https:\/\/originalperros.com\/produit\/houel-macharit-1907-2002-3\/#primaryimage"},"image":{"@id":"https:\/\/originalperros.com\/produit\/houel-macharit-1907-2002-3\/#primaryimage"},"thumbnailUrl":"https:\/\/originalperros.com\/wp-content\/uploads\/2025\/08\/Photoroom_006_20241208_143335.jpg","datePublished":"2025-08-16T21:44:15+00:00","dateModified":"2025-08-29T10:58:48+00:00","breadcrumb":{"@id":"https:\/\/originalperros.com\/produit\/houel-macharit-1907-2002-3\/#breadcrumb"},"inLanguage":"en-US","potentialAction":[{"@type":"ReadAction","target":["https:\/\/originalperros.com\/produit\/houel-macharit-1907-2002-3\/"]}]},{"@type":"ImageObject","inLanguage":"en-US","@id":"https:\/\/originalperros.com\/produit\/houel-macharit-1907-2002-3\/#primaryimage","url":"https:\/\/originalperros.com\/wp-content\/uploads\/2025\/08\/Photoroom_006_20241208_143335.jpg","contentUrl":"https:\/\/originalperros.com\/wp-content\/uploads\/2025\/08\/Photoroom_006_20241208_143335.jpg","width":1512,"height":1512},{"@type":"BreadcrumbList","@id":"https:\/\/originalperros.com\/produit\/houel-macharit-1907-2002-3\/#breadcrumb","itemListElement":[{"@type":"ListItem","position":1,"name":"Home","item":"https:\/\/originalperros.com\/"},{"@type":"ListItem","position":2,"name":"Produits","item":"https:\/\/originalperros.com\/produits\/"},{"@type":"ListItem","position":3,"name":"HOUEL Mac&rsquo;harit pour HB-Quimper"}]},{"@type":"WebSite","@id":"https:\/\/originalperros.com\/#website","url":"https:\/\/originalperros.com\/","name":"Original Perros","description":"","potentialAction":[{"@type":"SearchAction","target":{"@type":"EntryPoint","urlTemplate":"https:\/\/originalperros.com\/?s={search_term_string}"},"query-input":{"@type":"PropertyValueSpecification","valueRequired":true,"valueName":"search_term_string"}}],"inLanguage":"en-US"}]}},"_links":{"self":[{"href":"https:\/\/originalperros.com\/en\/wp-json\/wp\/v2\/product\/6408","targetHints":{"allow":["GET"]}}],"collection":[{"href":"https:\/\/originalperros.com\/en\/wp-json\/wp\/v2\/product"}],"about":[{"href":"https:\/\/originalperros.com\/en\/wp-json\/wp\/v2\/types\/product"}],"wp:featuredmedia":[{"embeddable":true,"href":"https:\/\/originalperros.com\/en\/wp-json\/wp\/v2\/media\/6533"}],"wp:attachment":[{"href":"https:\/\/originalperros.com\/en\/wp-json\/wp\/v2\/media?parent=6408"}],"wp:term":[{"taxonomy":"product_brand","embeddable":true,"href":"https:\/\/originalperros.com\/en\/wp-json\/wp\/v2\/product_brand?post=6408"},{"taxonomy":"product_cat","embeddable":true,"href":"https:\/\/originalperros.com\/en\/wp-json\/wp\/v2\/product_cat?post=6408"},{"taxonomy":"product_tag","embeddable":true,"href":"https:\/\/originalperros.com\/en\/wp-json\/wp\/v2\/product_tag?post=6408"}],"curies":[{"name":"wp","href":"https:\/\/api.w.org\/{rel}","templated":true}]}}