{"id":6486,"date":"2025-08-16T23:48:23","date_gmt":"2025-08-16T21:48:23","guid":{"rendered":"https:\/\/www.originalperros.com\/?post_type=product&#038;p=6486"},"modified":"2025-10-13T12:37:36","modified_gmt":"2025-10-13T10:37:36","slug":"camille-faure-1874-1956-2","status":"publish","type":"product","link":"https:\/\/originalperros.com\/en\/product\/camille-faure-1874-1956-2\/","title":{"rendered":"Camille FAURE, Limoges"},"content":{"rendered":"","protected":false},"excerpt":{"rendered":"<p>Vase en \u00e9maux sur cuivre \u00e0\u00a0 d\u00e9cor de fleurs, sign\u00e9 C. FAURE &#8211; Limoges<\/p>\n<p><b>Camille<\/b> <b>Raymond<\/b> <b>Faur\u00e9<\/b> est un artiste \u00e9mailleur fran\u00e7ais, n\u00e9 le <time class=\"nowrap\" datetime=\"1874-11-16\" data-sort-value=\"1874-11-16\">16 novembre 1874<\/time> \u00e0 <a title=\"P\u00e9rigueux\" href=\"https:\/\/fr.wikipedia.org\/wiki\/P%C3%A9rigueux\">P\u00e9rigueux<\/a> et mort le <time class=\"nowrap\" datetime=\"1956-10-07\" data-sort-value=\"1956-10-07\">7 octobre 1956<\/time> \u00e0 <a title=\"Limoges\" href=\"https:\/\/fr.wikipedia.org\/wiki\/Limoges\">Limoges<\/a><sup id=\"cite_ref-1\" class=\"reference\"><a href=\"https:\/\/fr.wikipedia.org\/wiki\/Camille_Faur%C3%A9#cite_note-1\"><span class=\"cite-bracket\">[<\/span>1<span class=\"cite-bracket\">]<\/span><\/a><\/sup>. Il est surtout connu pour son travail de conception d&rsquo;<a title=\"\u00c9mail (verre)\" href=\"https:\/\/fr.wikipedia.org\/wiki\/%C3%89mail_(verre)\">\u00e9maux<\/a> pour les soci\u00e9t\u00e9s fabriquant la <a title=\"Porcelaine de Limoges\" href=\"https:\/\/fr.wikipedia.org\/wiki\/Porcelaine_de_Limoges\">porcelaine de Limoges<\/a>. Les motifs floraux et figuratifs dans des couleurs richement \u00e9maill\u00e9es sont sa signature.<\/p>\n<p><!--more--><\/p>\n<h1><span style=\"color: #ff6600;\">VENDU<\/span><\/h1>\n","protected":false},"featured_media":5001,"template":"","meta":{"_acf_changed":false},"product_brand":[],"product_cat":[76],"product_tag":[],"class_list":{"0":"post-6486","1":"product","2":"type-product","3":"status-publish","4":"has-post-thumbnail","6":"product_cat-objets","8":"first","9":"outofstock","10":"shipping-taxable","11":"product-type-simple"},"acf":[],"yoast_head":"<!-- This site is optimized with the Yoast SEO plugin v25.7 - https:\/\/yoast.com\/wordpress\/plugins\/seo\/ -->\n<title>Camille FAURE, Limoges - Original Perros<\/title>\n<meta name=\"robots\" content=\"index, follow, max-snippet:-1, max-image-preview:large, max-video-preview:-1\" \/>\n<link rel=\"canonical\" href=\"https:\/\/originalperros.com\/en\/product\/camille-faure-1874-1956-2\/\" \/>\n<meta property=\"og:locale\" content=\"en_US\" \/>\n<meta property=\"og:type\" content=\"article\" \/>\n<meta property=\"og:title\" content=\"Camille FAURE, Limoges - Original Perros\" \/>\n<meta property=\"og:description\" content=\"Vase en \u00e9maux sur cuivre \u00e0\u00a0 d\u00e9cor de fleurs, sign\u00e9 C. FAURE - Limoges  Camille Raymond Faur\u00e9 est un artiste \u00e9mailleur fran\u00e7ais, n\u00e9 le 16 novembre 1874 \u00e0 P\u00e9rigueux et mort le 7 octobre 1956 \u00e0 Limoges[1]. Il est surtout connu pour son travail de conception d&#039;\u00e9maux pour les soci\u00e9t\u00e9s fabriquant la porcelaine de Limoges. Les motifs floraux et figuratifs dans des couleurs richement \u00e9maill\u00e9es sont sa signature.   VENDU\" \/>\n<meta property=\"og:url\" content=\"https:\/\/originalperros.com\/en\/product\/camille-faure-1874-1956-2\/\" \/>\n<meta property=\"og:site_name\" content=\"Original Perros\" \/>\n<meta property=\"article:modified_time\" content=\"2025-10-13T10:37:36+00:00\" \/>\n<meta property=\"og:image\" content=\"https:\/\/originalperros.com\/wp-content\/uploads\/2025\/08\/Photoroom_006_20250328_112818.jpeg\" \/>\n\t<meta property=\"og:image:width\" content=\"1800\" \/>\n\t<meta property=\"og:image:height\" content=\"2400\" \/>\n\t<meta property=\"og:image:type\" content=\"image\/jpeg\" \/>\n<meta name=\"twitter:card\" content=\"summary_large_image\" \/>\n<meta name=\"twitter:label1\" content=\"Est. reading time\" \/>\n\t<meta name=\"twitter:data1\" content=\"1 minute\" \/>\n<script type=\"application\/ld+json\" class=\"yoast-schema-graph\">{\"@context\":\"https:\/\/schema.org\",\"@graph\":[{\"@type\":\"WebPage\",\"@id\":\"https:\/\/originalperros.com\/produit\/camille-faure-1874-1956-2\/\",\"url\":\"https:\/\/originalperros.com\/produit\/camille-faure-1874-1956-2\/\",\"name\":\"Camille FAURE, Limoges - Original Perros\",\"isPartOf\":{\"@id\":\"https:\/\/originalperros.com\/#website\"},\"primaryImageOfPage\":{\"@id\":\"https:\/\/originalperros.com\/produit\/camille-faure-1874-1956-2\/#primaryimage\"},\"image\":{\"@id\":\"https:\/\/originalperros.com\/produit\/camille-faure-1874-1956-2\/#primaryimage\"},\"thumbnailUrl\":\"https:\/\/originalperros.com\/wp-content\/uploads\/2025\/08\/Photoroom_006_20250328_112818.jpeg\",\"datePublished\":\"2025-08-16T21:48:23+00:00\",\"dateModified\":\"2025-10-13T10:37:36+00:00\",\"breadcrumb\":{\"@id\":\"https:\/\/originalperros.com\/produit\/camille-faure-1874-1956-2\/#breadcrumb\"},\"inLanguage\":\"en-US\",\"potentialAction\":[{\"@type\":\"ReadAction\",\"target\":[\"https:\/\/originalperros.com\/produit\/camille-faure-1874-1956-2\/\"]}]},{\"@type\":\"ImageObject\",\"inLanguage\":\"en-US\",\"@id\":\"https:\/\/originalperros.com\/produit\/camille-faure-1874-1956-2\/#primaryimage\",\"url\":\"https:\/\/originalperros.com\/wp-content\/uploads\/2025\/08\/Photoroom_006_20250328_112818.jpeg\",\"contentUrl\":\"https:\/\/originalperros.com\/wp-content\/uploads\/2025\/08\/Photoroom_006_20250328_112818.jpeg\",\"width\":1800,\"height\":2400},{\"@type\":\"BreadcrumbList\",\"@id\":\"https:\/\/originalperros.com\/produit\/camille-faure-1874-1956-2\/#breadcrumb\",\"itemListElement\":[{\"@type\":\"ListItem\",\"position\":1,\"name\":\"Home\",\"item\":\"https:\/\/originalperros.com\/\"},{\"@type\":\"ListItem\",\"position\":2,\"name\":\"Produits\",\"item\":\"https:\/\/originalperros.com\/produits\/\"},{\"@type\":\"ListItem\",\"position\":3,\"name\":\"Camille FAURE, Limoges\"}]},{\"@type\":\"WebSite\",\"@id\":\"https:\/\/originalperros.com\/#website\",\"url\":\"https:\/\/originalperros.com\/\",\"name\":\"Original Perros\",\"description\":\"\",\"potentialAction\":[{\"@type\":\"SearchAction\",\"target\":{\"@type\":\"EntryPoint\",\"urlTemplate\":\"https:\/\/originalperros.com\/?s={search_term_string}\"},\"query-input\":{\"@type\":\"PropertyValueSpecification\",\"valueRequired\":true,\"valueName\":\"search_term_string\"}}],\"inLanguage\":\"en-US\"}]}<\/script>\n<!-- \/ Yoast SEO plugin. -->","yoast_head_json":{"title":"Camille FAURE, Limoges - Original Perros","robots":{"index":"index","follow":"follow","max-snippet":"max-snippet:-1","max-image-preview":"max-image-preview:large","max-video-preview":"max-video-preview:-1"},"canonical":"https:\/\/originalperros.com\/en\/product\/camille-faure-1874-1956-2\/","og_locale":"en_US","og_type":"article","og_title":"Camille FAURE, Limoges - Original Perros","og_description":"Vase en \u00e9maux sur cuivre \u00e0\u00a0 d\u00e9cor de fleurs, sign\u00e9 C. FAURE - Limoges  Camille Raymond Faur\u00e9 est un artiste \u00e9mailleur fran\u00e7ais, n\u00e9 le 16 novembre 1874 \u00e0 P\u00e9rigueux et mort le 7 octobre 1956 \u00e0 Limoges[1]. Il est surtout connu pour son travail de conception d'\u00e9maux pour les soci\u00e9t\u00e9s fabriquant la porcelaine de Limoges. Les motifs floraux et figuratifs dans des couleurs richement \u00e9maill\u00e9es sont sa signature.   VENDU","og_url":"https:\/\/originalperros.com\/en\/product\/camille-faure-1874-1956-2\/","og_site_name":"Original Perros","article_modified_time":"2025-10-13T10:37:36+00:00","og_image":[{"width":1800,"height":2400,"url":"https:\/\/originalperros.com\/wp-content\/uploads\/2025\/08\/Photoroom_006_20250328_112818.jpeg","type":"image\/jpeg"}],"twitter_card":"summary_large_image","twitter_misc":{"Est. reading time":"1 minute"},"schema":{"@context":"https:\/\/schema.org","@graph":[{"@type":"WebPage","@id":"https:\/\/originalperros.com\/produit\/camille-faure-1874-1956-2\/","url":"https:\/\/originalperros.com\/produit\/camille-faure-1874-1956-2\/","name":"Camille FAURE, Limoges - Original Perros","isPartOf":{"@id":"https:\/\/originalperros.com\/#website"},"primaryImageOfPage":{"@id":"https:\/\/originalperros.com\/produit\/camille-faure-1874-1956-2\/#primaryimage"},"image":{"@id":"https:\/\/originalperros.com\/produit\/camille-faure-1874-1956-2\/#primaryimage"},"thumbnailUrl":"https:\/\/originalperros.com\/wp-content\/uploads\/2025\/08\/Photoroom_006_20250328_112818.jpeg","datePublished":"2025-08-16T21:48:23+00:00","dateModified":"2025-10-13T10:37:36+00:00","breadcrumb":{"@id":"https:\/\/originalperros.com\/produit\/camille-faure-1874-1956-2\/#breadcrumb"},"inLanguage":"en-US","potentialAction":[{"@type":"ReadAction","target":["https:\/\/originalperros.com\/produit\/camille-faure-1874-1956-2\/"]}]},{"@type":"ImageObject","inLanguage":"en-US","@id":"https:\/\/originalperros.com\/produit\/camille-faure-1874-1956-2\/#primaryimage","url":"https:\/\/originalperros.com\/wp-content\/uploads\/2025\/08\/Photoroom_006_20250328_112818.jpeg","contentUrl":"https:\/\/originalperros.com\/wp-content\/uploads\/2025\/08\/Photoroom_006_20250328_112818.jpeg","width":1800,"height":2400},{"@type":"BreadcrumbList","@id":"https:\/\/originalperros.com\/produit\/camille-faure-1874-1956-2\/#breadcrumb","itemListElement":[{"@type":"ListItem","position":1,"name":"Home","item":"https:\/\/originalperros.com\/"},{"@type":"ListItem","position":2,"name":"Produits","item":"https:\/\/originalperros.com\/produits\/"},{"@type":"ListItem","position":3,"name":"Camille FAURE, Limoges"}]},{"@type":"WebSite","@id":"https:\/\/originalperros.com\/#website","url":"https:\/\/originalperros.com\/","name":"Original Perros","description":"","potentialAction":[{"@type":"SearchAction","target":{"@type":"EntryPoint","urlTemplate":"https:\/\/originalperros.com\/?s={search_term_string}"},"query-input":{"@type":"PropertyValueSpecification","valueRequired":true,"valueName":"search_term_string"}}],"inLanguage":"en-US"}]}},"_links":{"self":[{"href":"https:\/\/originalperros.com\/en\/wp-json\/wp\/v2\/product\/6486","targetHints":{"allow":["GET"]}}],"collection":[{"href":"https:\/\/originalperros.com\/en\/wp-json\/wp\/v2\/product"}],"about":[{"href":"https:\/\/originalperros.com\/en\/wp-json\/wp\/v2\/types\/product"}],"wp:featuredmedia":[{"embeddable":true,"href":"https:\/\/originalperros.com\/en\/wp-json\/wp\/v2\/media\/5001"}],"wp:attachment":[{"href":"https:\/\/originalperros.com\/en\/wp-json\/wp\/v2\/media?parent=6486"}],"wp:term":[{"taxonomy":"product_brand","embeddable":true,"href":"https:\/\/originalperros.com\/en\/wp-json\/wp\/v2\/product_brand?post=6486"},{"taxonomy":"product_cat","embeddable":true,"href":"https:\/\/originalperros.com\/en\/wp-json\/wp\/v2\/product_cat?post=6486"},{"taxonomy":"product_tag","embeddable":true,"href":"https:\/\/originalperros.com\/en\/wp-json\/wp\/v2\/product_tag?post=6486"}],"curies":[{"name":"wp","href":"https:\/\/api.w.org\/{rel}","templated":true}]}}