{"id":6540,"date":"2025-08-16T23:51:23","date_gmt":"2025-08-16T21:51:23","guid":{"rendered":"https:\/\/www.originalperros.com\/?post_type=product&#038;p=6540"},"modified":"2025-08-31T10:55:43","modified_gmt":"2025-08-31T08:55:43","slug":"art-moderne-4","status":"publish","type":"product","link":"https:\/\/originalperros.com\/en\/product\/art-moderne-4\/","title":{"rendered":"Modern Sculpture"},"content":{"rendered":"","protected":false},"excerpt":{"rendered":"<p>Modern sculpture, title \"MiMi\" in bronze with green patina<\/p>\n<p>signed and numbered 02\/12 - marked Fonderie Bergobronze.<br \/>\n<!--more--><\/p>\n<div class=\"wpcf7 no-js\" id=\"wpcf7-f4081-o1\" lang=\"en-US\" dir=\"ltr\" data-wpcf7-id=\"4081\">\n<div class=\"screen-reader-response\">\n<p role=\"status\" aria-live=\"polite\" aria-atomic=\"true\">\n<ul><\/ul>\n<\/div>\n<form action=\"\/en\/wp-json\/wp\/v2\/product\/6540#wpcf7-f4081-o1\" method=\"post\" class=\"wpcf7-form init\" aria-label=\"Contact form\" novalidate=\"novalidate\" data-status=\"init\" data-trp-original-action=\"\/en\/wp-json\/wp\/v2\/product\/6540#wpcf7-f4081-o1\">\n<fieldset class=\"hidden-fields-container\"><input type=\"hidden\" name=\"_wpcf7\" value=\"4081\" \/><input type=\"hidden\" name=\"_wpcf7_version\" value=\"6.1.1\" \/><input type=\"hidden\" name=\"_wpcf7_locale\" value=\"en_US\" \/><input type=\"hidden\" name=\"_wpcf7_unit_tag\" value=\"wpcf7-f4081-o1\" \/><input type=\"hidden\" name=\"_wpcf7_container_post\" value=\"0\" \/><input type=\"hidden\" name=\"_wpcf7_posted_data_hash\" value=\"\" \/><input type=\"hidden\" name=\"_wpcf7_recaptcha_response\" value=\"\" \/><br \/>\n<\/fieldset>\n<div class=\"ct-contact-form\">\n<span class=\"wpcf7-form-control-wrap\" data-name=\"text-833\"><input size=\"40\" maxlength=\"400\" class=\"wpcf7-form-control wpcf7-text wpcf7-validates-as-required theme-input\" aria-required=\"true\" aria-invalid=\"false\" placeholder=\"Your name*\" value=\"\" type=\"text\" name=\"text-833\" \/><\/span><br \/>\n<span class=\"wpcf7-form-control-wrap\" data-name=\"email-426\"><input size=\"40\" maxlength=\"400\" class=\"wpcf7-form-control wpcf7-email wpcf7-validates-as-required wpcf7-text wpcf7-validates-as-email theme-input\" aria-required=\"true\" aria-invalid=\"false\" placeholder=\"Your email*\" value=\"\" type=\"email\" name=\"email-426\" \/><\/span><br \/>\n<span class=\"wpcf7-form-control-wrap\" data-name=\"text-834\"><input size=\"40\" maxlength=\"400\" class=\"wpcf7-form-control wpcf7-text wpcf7-validates-as-required theme-input\" aria-required=\"true\" aria-invalid=\"false\" placeholder=\"Your phone*\" value=\"\" type=\"text\" name=\"text-834\" \/><\/span><br \/>\n<span class=\"wpcf7-form-control-wrap\" data-name=\"textarea-518\"><textarea cols=\"40\" rows=\"10\" maxlength=\"2000\" class=\"wpcf7-form-control wpcf7-textarea\" aria-invalid=\"false\" placeholder=\"Please write the details...\" name=\"textarea-518\"><\/textarea><\/span><br \/>\n<button type=\"submit\" class=\"wpcf7-form-control wpcf7-submit template-btn primary-btn\">Send<\/button>\n<\/div>\n<div class=\"wpcf7-response-output\" aria-hidden=\"true\"><\/div>\n<input type=\"hidden\" name=\"trp-form-language\" value=\"en\"\/><\/form>\n<\/div>","protected":false},"featured_media":6659,"template":"","meta":{"_acf_changed":false},"product_brand":[],"product_cat":[77],"product_tag":[],"class_list":{"0":"post-6540","1":"product","2":"type-product","3":"status-publish","4":"has-post-thumbnail","6":"product_cat-sculptures","8":"first","9":"instock","10":"shipping-taxable","11":"product-type-simple"},"acf":[],"yoast_head":"<!-- This site is optimized with the Yoast SEO plugin v25.7 - https:\/\/yoast.com\/wordpress\/plugins\/seo\/ -->\n<title>Sculpture Moderne - Original Perros<\/title>\n<meta name=\"robots\" content=\"index, follow, max-snippet:-1, max-image-preview:large, max-video-preview:-1\" \/>\n<link rel=\"canonical\" href=\"https:\/\/originalperros.com\/en\/product\/art-moderne-4\/\" \/>\n<meta property=\"og:locale\" content=\"en_US\" \/>\n<meta property=\"og:type\" content=\"article\" \/>\n<meta property=\"og:title\" content=\"Sculpture Moderne - Original Perros\" \/>\n<meta property=\"og:description\" content=\"Sculpture moderne, titre \u00ab MiMi \u00bb en bronze \u00e0 patine verte  sign\u00e9e et num\u00e9rot\u00e9e 02\/12 - marqu\u00e9e Fonderie Bergobronze.\" \/>\n<meta property=\"og:url\" content=\"https:\/\/originalperros.com\/en\/product\/art-moderne-4\/\" \/>\n<meta property=\"og:site_name\" content=\"Original Perros\" \/>\n<meta property=\"article:modified_time\" content=\"2025-08-31T08:55:43+00:00\" \/>\n<meta property=\"og:image\" content=\"https:\/\/originalperros.com\/wp-content\/uploads\/2025\/08\/Photoroom_005_20250430_151447.jpeg\" \/>\n\t<meta property=\"og:image:width\" content=\"1800\" \/>\n\t<meta property=\"og:image:height\" content=\"2400\" \/>\n\t<meta property=\"og:image:type\" content=\"image\/jpeg\" \/>\n<meta name=\"twitter:card\" content=\"summary_large_image\" \/>\n<script type=\"application\/ld+json\" class=\"yoast-schema-graph\">{\"@context\":\"https:\/\/schema.org\",\"@graph\":[{\"@type\":\"WebPage\",\"@id\":\"https:\/\/originalperros.com\/produit\/art-moderne-4\/\",\"url\":\"https:\/\/originalperros.com\/produit\/art-moderne-4\/\",\"name\":\"Sculpture Moderne - Original Perros\",\"isPartOf\":{\"@id\":\"https:\/\/originalperros.com\/#website\"},\"primaryImageOfPage\":{\"@id\":\"https:\/\/originalperros.com\/produit\/art-moderne-4\/#primaryimage\"},\"image\":{\"@id\":\"https:\/\/originalperros.com\/produit\/art-moderne-4\/#primaryimage\"},\"thumbnailUrl\":\"https:\/\/originalperros.com\/wp-content\/uploads\/2025\/08\/Photoroom_005_20250430_151447.jpeg\",\"datePublished\":\"2025-08-16T21:51:23+00:00\",\"dateModified\":\"2025-08-31T08:55:43+00:00\",\"breadcrumb\":{\"@id\":\"https:\/\/originalperros.com\/produit\/art-moderne-4\/#breadcrumb\"},\"inLanguage\":\"en-US\",\"potentialAction\":[{\"@type\":\"ReadAction\",\"target\":[\"https:\/\/originalperros.com\/produit\/art-moderne-4\/\"]}]},{\"@type\":\"ImageObject\",\"inLanguage\":\"en-US\",\"@id\":\"https:\/\/originalperros.com\/produit\/art-moderne-4\/#primaryimage\",\"url\":\"https:\/\/originalperros.com\/wp-content\/uploads\/2025\/08\/Photoroom_005_20250430_151447.jpeg\",\"contentUrl\":\"https:\/\/originalperros.com\/wp-content\/uploads\/2025\/08\/Photoroom_005_20250430_151447.jpeg\",\"width\":1800,\"height\":2400},{\"@type\":\"BreadcrumbList\",\"@id\":\"https:\/\/originalperros.com\/produit\/art-moderne-4\/#breadcrumb\",\"itemListElement\":[{\"@type\":\"ListItem\",\"position\":1,\"name\":\"Home\",\"item\":\"https:\/\/originalperros.com\/\"},{\"@type\":\"ListItem\",\"position\":2,\"name\":\"Produits\",\"item\":\"https:\/\/originalperros.com\/produits\/\"},{\"@type\":\"ListItem\",\"position\":3,\"name\":\"Sculpture Moderne\"}]},{\"@type\":\"WebSite\",\"@id\":\"https:\/\/originalperros.com\/#website\",\"url\":\"https:\/\/originalperros.com\/\",\"name\":\"Original Perros\",\"description\":\"\",\"potentialAction\":[{\"@type\":\"SearchAction\",\"target\":{\"@type\":\"EntryPoint\",\"urlTemplate\":\"https:\/\/originalperros.com\/?s={search_term_string}\"},\"query-input\":{\"@type\":\"PropertyValueSpecification\",\"valueRequired\":true,\"valueName\":\"search_term_string\"}}],\"inLanguage\":\"en-US\"}]}<\/script>\n<!-- \/ Yoast SEO plugin. -->","yoast_head_json":{"title":"Sculpture Moderne - Original Perros","robots":{"index":"index","follow":"follow","max-snippet":"max-snippet:-1","max-image-preview":"max-image-preview:large","max-video-preview":"max-video-preview:-1"},"canonical":"https:\/\/originalperros.com\/en\/product\/art-moderne-4\/","og_locale":"en_US","og_type":"article","og_title":"Sculpture Moderne - Original Perros","og_description":"Sculpture moderne, titre \u00ab MiMi \u00bb en bronze \u00e0 patine verte  sign\u00e9e et num\u00e9rot\u00e9e 02\/12 - marqu\u00e9e Fonderie Bergobronze.","og_url":"https:\/\/originalperros.com\/en\/product\/art-moderne-4\/","og_site_name":"Original Perros","article_modified_time":"2025-08-31T08:55:43+00:00","og_image":[{"width":1800,"height":2400,"url":"https:\/\/originalperros.com\/wp-content\/uploads\/2025\/08\/Photoroom_005_20250430_151447.jpeg","type":"image\/jpeg"}],"twitter_card":"summary_large_image","schema":{"@context":"https:\/\/schema.org","@graph":[{"@type":"WebPage","@id":"https:\/\/originalperros.com\/produit\/art-moderne-4\/","url":"https:\/\/originalperros.com\/produit\/art-moderne-4\/","name":"Sculpture Moderne - Original Perros","isPartOf":{"@id":"https:\/\/originalperros.com\/#website"},"primaryImageOfPage":{"@id":"https:\/\/originalperros.com\/produit\/art-moderne-4\/#primaryimage"},"image":{"@id":"https:\/\/originalperros.com\/produit\/art-moderne-4\/#primaryimage"},"thumbnailUrl":"https:\/\/originalperros.com\/wp-content\/uploads\/2025\/08\/Photoroom_005_20250430_151447.jpeg","datePublished":"2025-08-16T21:51:23+00:00","dateModified":"2025-08-31T08:55:43+00:00","breadcrumb":{"@id":"https:\/\/originalperros.com\/produit\/art-moderne-4\/#breadcrumb"},"inLanguage":"en-US","potentialAction":[{"@type":"ReadAction","target":["https:\/\/originalperros.com\/produit\/art-moderne-4\/"]}]},{"@type":"ImageObject","inLanguage":"en-US","@id":"https:\/\/originalperros.com\/produit\/art-moderne-4\/#primaryimage","url":"https:\/\/originalperros.com\/wp-content\/uploads\/2025\/08\/Photoroom_005_20250430_151447.jpeg","contentUrl":"https:\/\/originalperros.com\/wp-content\/uploads\/2025\/08\/Photoroom_005_20250430_151447.jpeg","width":1800,"height":2400},{"@type":"BreadcrumbList","@id":"https:\/\/originalperros.com\/produit\/art-moderne-4\/#breadcrumb","itemListElement":[{"@type":"ListItem","position":1,"name":"Home","item":"https:\/\/originalperros.com\/"},{"@type":"ListItem","position":2,"name":"Produits","item":"https:\/\/originalperros.com\/produits\/"},{"@type":"ListItem","position":3,"name":"Sculpture Moderne"}]},{"@type":"WebSite","@id":"https:\/\/originalperros.com\/#website","url":"https:\/\/originalperros.com\/","name":"Original Perros","description":"","potentialAction":[{"@type":"SearchAction","target":{"@type":"EntryPoint","urlTemplate":"https:\/\/originalperros.com\/?s={search_term_string}"},"query-input":{"@type":"PropertyValueSpecification","valueRequired":true,"valueName":"search_term_string"}}],"inLanguage":"en-US"}]}},"_links":{"self":[{"href":"https:\/\/originalperros.com\/en\/wp-json\/wp\/v2\/product\/6540","targetHints":{"allow":["GET"]}}],"collection":[{"href":"https:\/\/originalperros.com\/en\/wp-json\/wp\/v2\/product"}],"about":[{"href":"https:\/\/originalperros.com\/en\/wp-json\/wp\/v2\/types\/product"}],"wp:featuredmedia":[{"embeddable":true,"href":"https:\/\/originalperros.com\/en\/wp-json\/wp\/v2\/media\/6659"}],"wp:attachment":[{"href":"https:\/\/originalperros.com\/en\/wp-json\/wp\/v2\/media?parent=6540"}],"wp:term":[{"taxonomy":"product_brand","embeddable":true,"href":"https:\/\/originalperros.com\/en\/wp-json\/wp\/v2\/product_brand?post=6540"},{"taxonomy":"product_cat","embeddable":true,"href":"https:\/\/originalperros.com\/en\/wp-json\/wp\/v2\/product_cat?post=6540"},{"taxonomy":"product_tag","embeddable":true,"href":"https:\/\/originalperros.com\/en\/wp-json\/wp\/v2\/product_tag?post=6540"}],"curies":[{"name":"wp","href":"https:\/\/api.w.org\/{rel}","templated":true}]}}