{"id":7136,"date":"2025-09-28T12:03:42","date_gmt":"2025-09-28T10:03:42","guid":{"rendered":"https:\/\/originalperros.com\/?post_type=product&#038;p=7136"},"modified":"2025-10-17T11:02:51","modified_gmt":"2025-10-17T09:02:51","slug":"la-messe-en-bretagne","status":"publish","type":"product","link":"https:\/\/originalperros.com\/en\/product\/la-messe-en-bretagne\/","title":{"rendered":"Mass in Brittany"},"content":{"rendered":"","protected":false},"excerpt":{"rendered":"<p class=\"mw-mmv-credit mw-mmv-ttf-container mw-mmv-ttf-normal\"><i>\u00c9mile Dezaunay (1854 - 1938)<\/i><\/p>\n<p class=\"mw-mmv-credit mw-mmv-ttf-container mw-mmv-ttf-normal\"><i>\"Mass in Bannalec<\/i><\/p>\n<p class=\"mw-mmv-credit mw-mmv-ttf-container mw-mmv-ttf-normal\">Etching, group of women in Sunday best in front of a church. All wear the \"giz fouenn\" headdress, a Fouesnant fashion. ( 70x61cm with frame )<\/p>\n<p>\u00c9mile Alfred Marie Dezaunay was a French painter and engraver, born February 25, 1854, and died June 4, 1938. He is known for his talent in watercolor and engraving. His most intense creative period was between 1892 and 1909. Born in Nantes into a wealthy family, he was raised by his mother, widowed in 1857. Jules-Elie Delaunay, a painter from Nantes, encouraged \u00c9mile Alfred Dezaunay to enter the \u00c9cole des Beaux-Arts in Paris, which he did in 1875 at the age of 19. During his training, he was a pupil of Pierre Puvis de Chavannes.<\/p>\n<p>In the early 1880s, \u00c9mile Alfred Dezaunay returned to his hometown, where he married in 1884 and took part in the Triennial Exhibition of Fine Arts in Nantes two years later. On this occasion, he met Maxime Maufra. They became close friends and explored new horizons, notably in Brittany...<\/p>\n<p><!--more--><\/p>\n<div class=\"wpcf7 no-js\" id=\"wpcf7-f4081-o1\" lang=\"en-US\" dir=\"ltr\" data-wpcf7-id=\"4081\">\n<div class=\"screen-reader-response\">\n<p role=\"status\" aria-live=\"polite\" aria-atomic=\"true\">\n<ul><\/ul>\n<\/div>\n<form action=\"\/en\/wp-json\/wp\/v2\/product\/7136#wpcf7-f4081-o1\" method=\"post\" class=\"wpcf7-form init\" aria-label=\"Contact form\" novalidate=\"novalidate\" data-status=\"init\" data-trp-original-action=\"\/en\/wp-json\/wp\/v2\/product\/7136#wpcf7-f4081-o1\">\n<fieldset class=\"hidden-fields-container\"><input type=\"hidden\" name=\"_wpcf7\" value=\"4081\" \/><input type=\"hidden\" name=\"_wpcf7_version\" value=\"6.1.1\" \/><input type=\"hidden\" name=\"_wpcf7_locale\" value=\"en_US\" \/><input type=\"hidden\" name=\"_wpcf7_unit_tag\" value=\"wpcf7-f4081-o1\" \/><input type=\"hidden\" name=\"_wpcf7_container_post\" value=\"0\" \/><input type=\"hidden\" name=\"_wpcf7_posted_data_hash\" value=\"\" \/><input type=\"hidden\" name=\"_wpcf7_recaptcha_response\" value=\"\" \/><br \/>\n<\/fieldset>\n<div class=\"ct-contact-form\">\n<span class=\"wpcf7-form-control-wrap\" data-name=\"text-833\"><input size=\"40\" maxlength=\"400\" class=\"wpcf7-form-control wpcf7-text wpcf7-validates-as-required theme-input\" aria-required=\"true\" aria-invalid=\"false\" placeholder=\"Your name*\" value=\"\" type=\"text\" name=\"text-833\" \/><\/span><br \/>\n<span class=\"wpcf7-form-control-wrap\" data-name=\"email-426\"><input size=\"40\" maxlength=\"400\" class=\"wpcf7-form-control wpcf7-email wpcf7-validates-as-required wpcf7-text wpcf7-validates-as-email theme-input\" aria-required=\"true\" aria-invalid=\"false\" placeholder=\"Your email*\" value=\"\" type=\"email\" name=\"email-426\" \/><\/span><br \/>\n<span class=\"wpcf7-form-control-wrap\" data-name=\"text-834\"><input size=\"40\" maxlength=\"400\" class=\"wpcf7-form-control wpcf7-text wpcf7-validates-as-required theme-input\" aria-required=\"true\" aria-invalid=\"false\" placeholder=\"Your phone*\" value=\"\" type=\"text\" name=\"text-834\" \/><\/span><br \/>\n<span class=\"wpcf7-form-control-wrap\" data-name=\"textarea-518\"><textarea cols=\"40\" rows=\"10\" maxlength=\"2000\" class=\"wpcf7-form-control wpcf7-textarea\" aria-invalid=\"false\" placeholder=\"Please write the details...\" name=\"textarea-518\"><\/textarea><\/span><br \/>\n<button type=\"submit\" class=\"wpcf7-form-control wpcf7-submit template-btn primary-btn\">Send<\/button>\n<\/div>\n<div class=\"wpcf7-response-output\" aria-hidden=\"true\"><\/div>\n<input type=\"hidden\" name=\"trp-form-language\" value=\"en\"\/><\/form>\n<\/div>\n<p>&nbsp;<\/p>","protected":false},"featured_media":7145,"template":"","meta":{"_acf_changed":false},"product_brand":[],"product_cat":[65,64],"product_tag":[],"class_list":{"0":"post-7136","1":"product","2":"type-product","3":"status-publish","4":"has-post-thumbnail","6":"product_cat-peintures","7":"product_cat-art-breton","9":"first","10":"instock","11":"shipping-taxable","12":"product-type-simple"},"acf":[],"yoast_head":"<!-- This site is optimized with the Yoast SEO plugin v25.7 - https:\/\/yoast.com\/wordpress\/plugins\/seo\/ -->\n<title>La Messe en Bretagne - Original Perros<\/title>\n<meta name=\"robots\" content=\"index, follow, max-snippet:-1, max-image-preview:large, max-video-preview:-1\" \/>\n<link rel=\"canonical\" href=\"https:\/\/originalperros.com\/en\/product\/la-messe-en-bretagne\/\" \/>\n<meta property=\"og:locale\" content=\"en_US\" \/>\n<meta property=\"og:type\" content=\"article\" \/>\n<meta property=\"og:title\" content=\"La Messe en Bretagne - Original Perros\" \/>\n<meta property=\"og:description\" content=\"\u00c9mile Dezaunay (1854 - 1938) &quot;Sortie de messe \u00e0 Bannalec&quot; Eau-forte, groupe de femmes en costumes du dimanche devant une \u00e9glise. Toutes portent la coiffe &quot;giz fouenn&quot;, mode de Fouesnant. ( 70x61cm avec cadre ) \u00c9mile Alfred Marie Dezaunay est un peintre et graveur fran\u00e7ais, n\u00e9 le 25 f\u00e9vrier 1854 et mort le 4 juin 1938. Il est connu pour son talent dans l\u2019art de l\u2019aquarelle et de la gravure. Sa p\u00e9riode de cr\u00e9ation la plus intense se situe entre 1892 et 1909. Originaire de Nantes et issu d\u2019une famille ais\u00e9e, il est \u00e9lev\u00e9 par sa m\u00e8re, devenue veuve en 1857. Jules-Elie Delaunay, peintre nantais, encourage \u00c9mile Alfred Dezaunay \u00e0 entrer \u00e0 l\u2019\u00c9cole des Beaux-Arts de Paris, qu\u2019il int\u00e8gre en 1875 \u00e0 l\u2019\u00e2ge de 19 ans. Durant sa formation, il est l\u2019\u00e9l\u00e8ve de Pierre Puvis de Chavannes.  Au d\u00e9but des ann\u00e9es 1880, \u00c9mile Alfred Dezaunay retourne dans sa ville natale o\u00f9 il se marie en 1884 et participe \u00e0 l\u2019Exposition triennale des Beaux-Arts de Nantes deux ans plus tard. A cette occasion, il rencontre Maxime Maufra. Ils deviennent tr\u00e8s amis et explorent de nouveaux horizons, notamment en Bretagne...      &nbsp;\" \/>\n<meta property=\"og:url\" content=\"https:\/\/originalperros.com\/en\/product\/la-messe-en-bretagne\/\" \/>\n<meta property=\"og:site_name\" content=\"Original Perros\" \/>\n<meta property=\"article:modified_time\" content=\"2025-10-17T09:02:51+00:00\" \/>\n<meta property=\"og:image\" content=\"https:\/\/originalperros.com\/wp-content\/uploads\/2025\/09\/IMG_5604-1-scaled.jpg\" \/>\n\t<meta property=\"og:image:width\" content=\"2560\" \/>\n\t<meta property=\"og:image:height\" content=\"2009\" \/>\n\t<meta property=\"og:image:type\" content=\"image\/jpeg\" \/>\n<meta name=\"twitter:card\" content=\"summary_large_image\" \/>\n<meta name=\"twitter:label1\" content=\"Est. reading time\" \/>\n\t<meta name=\"twitter:data1\" content=\"1 minute\" \/>\n<script type=\"application\/ld+json\" class=\"yoast-schema-graph\">{\"@context\":\"https:\/\/schema.org\",\"@graph\":[{\"@type\":\"WebPage\",\"@id\":\"https:\/\/originalperros.com\/produit\/la-messe-en-bretagne\/\",\"url\":\"https:\/\/originalperros.com\/produit\/la-messe-en-bretagne\/\",\"name\":\"La Messe en Bretagne - Original Perros\",\"isPartOf\":{\"@id\":\"https:\/\/originalperros.com\/#website\"},\"primaryImageOfPage\":{\"@id\":\"https:\/\/originalperros.com\/produit\/la-messe-en-bretagne\/#primaryimage\"},\"image\":{\"@id\":\"https:\/\/originalperros.com\/produit\/la-messe-en-bretagne\/#primaryimage\"},\"thumbnailUrl\":\"https:\/\/originalperros.com\/wp-content\/uploads\/2025\/09\/IMG_5604-1-scaled.jpg\",\"datePublished\":\"2025-09-28T10:03:42+00:00\",\"dateModified\":\"2025-10-17T09:02:51+00:00\",\"breadcrumb\":{\"@id\":\"https:\/\/originalperros.com\/produit\/la-messe-en-bretagne\/#breadcrumb\"},\"inLanguage\":\"en-US\",\"potentialAction\":[{\"@type\":\"ReadAction\",\"target\":[\"https:\/\/originalperros.com\/produit\/la-messe-en-bretagne\/\"]}]},{\"@type\":\"ImageObject\",\"inLanguage\":\"en-US\",\"@id\":\"https:\/\/originalperros.com\/produit\/la-messe-en-bretagne\/#primaryimage\",\"url\":\"https:\/\/originalperros.com\/wp-content\/uploads\/2025\/09\/IMG_5604-1-scaled.jpg\",\"contentUrl\":\"https:\/\/originalperros.com\/wp-content\/uploads\/2025\/09\/IMG_5604-1-scaled.jpg\",\"width\":2560,\"height\":2009},{\"@type\":\"BreadcrumbList\",\"@id\":\"https:\/\/originalperros.com\/produit\/la-messe-en-bretagne\/#breadcrumb\",\"itemListElement\":[{\"@type\":\"ListItem\",\"position\":1,\"name\":\"Home\",\"item\":\"https:\/\/originalperros.com\/\"},{\"@type\":\"ListItem\",\"position\":2,\"name\":\"Produits\",\"item\":\"https:\/\/originalperros.com\/produits\/\"},{\"@type\":\"ListItem\",\"position\":3,\"name\":\"La Messe en Bretagne\"}]},{\"@type\":\"WebSite\",\"@id\":\"https:\/\/originalperros.com\/#website\",\"url\":\"https:\/\/originalperros.com\/\",\"name\":\"Original Perros\",\"description\":\"\",\"potentialAction\":[{\"@type\":\"SearchAction\",\"target\":{\"@type\":\"EntryPoint\",\"urlTemplate\":\"https:\/\/originalperros.com\/?s={search_term_string}\"},\"query-input\":{\"@type\":\"PropertyValueSpecification\",\"valueRequired\":true,\"valueName\":\"search_term_string\"}}],\"inLanguage\":\"en-US\"}]}<\/script>\n<!-- \/ Yoast SEO plugin. -->","yoast_head_json":{"title":"La Messe en Bretagne - Original Perros","robots":{"index":"index","follow":"follow","max-snippet":"max-snippet:-1","max-image-preview":"max-image-preview:large","max-video-preview":"max-video-preview:-1"},"canonical":"https:\/\/originalperros.com\/en\/product\/la-messe-en-bretagne\/","og_locale":"en_US","og_type":"article","og_title":"La Messe en Bretagne - Original Perros","og_description":"\u00c9mile Dezaunay (1854 - 1938) \"Sortie de messe \u00e0 Bannalec\" Eau-forte, groupe de femmes en costumes du dimanche devant une \u00e9glise. Toutes portent la coiffe \"giz fouenn\", mode de Fouesnant. ( 70x61cm avec cadre ) \u00c9mile Alfred Marie Dezaunay est un peintre et graveur fran\u00e7ais, n\u00e9 le 25 f\u00e9vrier 1854 et mort le 4 juin 1938. Il est connu pour son talent dans l\u2019art de l\u2019aquarelle et de la gravure. Sa p\u00e9riode de cr\u00e9ation la plus intense se situe entre 1892 et 1909. Originaire de Nantes et issu d\u2019une famille ais\u00e9e, il est \u00e9lev\u00e9 par sa m\u00e8re, devenue veuve en 1857. Jules-Elie Delaunay, peintre nantais, encourage \u00c9mile Alfred Dezaunay \u00e0 entrer \u00e0 l\u2019\u00c9cole des Beaux-Arts de Paris, qu\u2019il int\u00e8gre en 1875 \u00e0 l\u2019\u00e2ge de 19 ans. Durant sa formation, il est l\u2019\u00e9l\u00e8ve de Pierre Puvis de Chavannes.  Au d\u00e9but des ann\u00e9es 1880, \u00c9mile Alfred Dezaunay retourne dans sa ville natale o\u00f9 il se marie en 1884 et participe \u00e0 l\u2019Exposition triennale des Beaux-Arts de Nantes deux ans plus tard. A cette occasion, il rencontre Maxime Maufra. Ils deviennent tr\u00e8s amis et explorent de nouveaux horizons, notamment en Bretagne...      &nbsp;","og_url":"https:\/\/originalperros.com\/en\/product\/la-messe-en-bretagne\/","og_site_name":"Original Perros","article_modified_time":"2025-10-17T09:02:51+00:00","og_image":[{"width":2560,"height":2009,"url":"https:\/\/originalperros.com\/wp-content\/uploads\/2025\/09\/IMG_5604-1-scaled.jpg","type":"image\/jpeg"}],"twitter_card":"summary_large_image","twitter_misc":{"Est. reading time":"1 minute"},"schema":{"@context":"https:\/\/schema.org","@graph":[{"@type":"WebPage","@id":"https:\/\/originalperros.com\/produit\/la-messe-en-bretagne\/","url":"https:\/\/originalperros.com\/produit\/la-messe-en-bretagne\/","name":"La Messe en Bretagne - Original Perros","isPartOf":{"@id":"https:\/\/originalperros.com\/#website"},"primaryImageOfPage":{"@id":"https:\/\/originalperros.com\/produit\/la-messe-en-bretagne\/#primaryimage"},"image":{"@id":"https:\/\/originalperros.com\/produit\/la-messe-en-bretagne\/#primaryimage"},"thumbnailUrl":"https:\/\/originalperros.com\/wp-content\/uploads\/2025\/09\/IMG_5604-1-scaled.jpg","datePublished":"2025-09-28T10:03:42+00:00","dateModified":"2025-10-17T09:02:51+00:00","breadcrumb":{"@id":"https:\/\/originalperros.com\/produit\/la-messe-en-bretagne\/#breadcrumb"},"inLanguage":"en-US","potentialAction":[{"@type":"ReadAction","target":["https:\/\/originalperros.com\/produit\/la-messe-en-bretagne\/"]}]},{"@type":"ImageObject","inLanguage":"en-US","@id":"https:\/\/originalperros.com\/produit\/la-messe-en-bretagne\/#primaryimage","url":"https:\/\/originalperros.com\/wp-content\/uploads\/2025\/09\/IMG_5604-1-scaled.jpg","contentUrl":"https:\/\/originalperros.com\/wp-content\/uploads\/2025\/09\/IMG_5604-1-scaled.jpg","width":2560,"height":2009},{"@type":"BreadcrumbList","@id":"https:\/\/originalperros.com\/produit\/la-messe-en-bretagne\/#breadcrumb","itemListElement":[{"@type":"ListItem","position":1,"name":"Home","item":"https:\/\/originalperros.com\/"},{"@type":"ListItem","position":2,"name":"Produits","item":"https:\/\/originalperros.com\/produits\/"},{"@type":"ListItem","position":3,"name":"La Messe en Bretagne"}]},{"@type":"WebSite","@id":"https:\/\/originalperros.com\/#website","url":"https:\/\/originalperros.com\/","name":"Original Perros","description":"","potentialAction":[{"@type":"SearchAction","target":{"@type":"EntryPoint","urlTemplate":"https:\/\/originalperros.com\/?s={search_term_string}"},"query-input":{"@type":"PropertyValueSpecification","valueRequired":true,"valueName":"search_term_string"}}],"inLanguage":"en-US"}]}},"_links":{"self":[{"href":"https:\/\/originalperros.com\/en\/wp-json\/wp\/v2\/product\/7136","targetHints":{"allow":["GET"]}}],"collection":[{"href":"https:\/\/originalperros.com\/en\/wp-json\/wp\/v2\/product"}],"about":[{"href":"https:\/\/originalperros.com\/en\/wp-json\/wp\/v2\/types\/product"}],"wp:featuredmedia":[{"embeddable":true,"href":"https:\/\/originalperros.com\/en\/wp-json\/wp\/v2\/media\/7145"}],"wp:attachment":[{"href":"https:\/\/originalperros.com\/en\/wp-json\/wp\/v2\/media?parent=7136"}],"wp:term":[{"taxonomy":"product_brand","embeddable":true,"href":"https:\/\/originalperros.com\/en\/wp-json\/wp\/v2\/product_brand?post=7136"},{"taxonomy":"product_cat","embeddable":true,"href":"https:\/\/originalperros.com\/en\/wp-json\/wp\/v2\/product_cat?post=7136"},{"taxonomy":"product_tag","embeddable":true,"href":"https:\/\/originalperros.com\/en\/wp-json\/wp\/v2\/product_tag?post=7136"}],"curies":[{"name":"wp","href":"https:\/\/api.w.org\/{rel}","templated":true}]}}