{"id":7140,"date":"2025-09-27T13:58:04","date_gmt":"2025-09-27T11:58:04","guid":{"rendered":"https:\/\/originalperros.com\/?post_type=product&#038;p=7140"},"modified":"2026-04-28T10:08:26","modified_gmt":"2026-04-28T08:08:26","slug":"roger-chapelet","status":"publish","type":"product","link":"https:\/\/originalperros.com\/en\/product\/roger-chapelet\/","title":{"rendered":"Roger Chapelet"},"content":{"rendered":"","protected":false},"excerpt":{"rendered":"<p>Roger Chapelet (1903-1995)<\/p>\n<div class=\"x14z9mp xat24cr x1lziwak x1vvkbs xtlvy1s x126k92a\">\n<div dir=\"auto\">\"Le Cancalais\" gouache on paper<\/div>\n<div dir=\"auto\">57 x 72 cm - with frame.<\/div>\n<\/div>\n<div dir=\"auto\">\n<p>&nbsp;<\/p>\n<p>Along with Marin-Marie and Albert Brenet, he is considered one of the three great French marine painters of the 20th century. An exhibition of his work was held at the Mus\u00e9e National de la Marine from October 8, 1993 to December 5, 1994.<\/p>\n<p>&nbsp;<\/p>\n<\/div>\n<div dir=\"auto\"><\/div>\n<p><!--more--><\/p>\n<p>&nbsp;<\/p>\n<h1><span style=\"color: #ff6600;\">SOLD<\/span><\/h1>\n<p>&nbsp;<\/p>","protected":false},"featured_media":7124,"template":"","meta":{"_acf_changed":false},"product_brand":[],"product_cat":[65],"product_tag":[],"class_list":{"0":"post-7140","1":"product","2":"type-product","3":"status-publish","4":"has-post-thumbnail","6":"product_cat-peintures","8":"first","9":"outofstock","10":"shipping-taxable","11":"product-type-simple"},"acf":[],"yoast_head":"<!-- This site is optimized with the Yoast SEO plugin v25.7 - https:\/\/yoast.com\/wordpress\/plugins\/seo\/ -->\n<title>Roger Chapelet - Original Perros<\/title>\n<meta name=\"robots\" content=\"index, follow, max-snippet:-1, max-image-preview:large, max-video-preview:-1\" \/>\n<link rel=\"canonical\" href=\"https:\/\/originalperros.com\/en\/product\/roger-chapelet\/\" \/>\n<meta property=\"og:locale\" content=\"en_US\" \/>\n<meta property=\"og:type\" content=\"article\" \/>\n<meta property=\"og:title\" content=\"Roger Chapelet - Original Perros\" \/>\n<meta property=\"og:description\" content=\"Roger Chapelet (1903-1995)  &quot;Le Cancalais&quot; gouache sur papier 57 x 72 cm - avec cadre.    &nbsp;  Avec Marin-Marie et Albert Brenet, il est consid\u00e9r\u00e9 comme l&#039;un des trois grands peintres de marine fran\u00e7ais du XXe\u00a0si\u00e8cle. Une exposition lui est consacr\u00e9e au Mus\u00e9e national de la Marine du 8 octobre 1993 au 5 d\u00e9cembre 1994.  &nbsp;      &nbsp; VENDU &nbsp;\" \/>\n<meta property=\"og:url\" content=\"https:\/\/originalperros.com\/en\/product\/roger-chapelet\/\" \/>\n<meta property=\"og:site_name\" content=\"Original Perros\" \/>\n<meta property=\"article:modified_time\" content=\"2026-04-28T08:08:26+00:00\" \/>\n<meta property=\"og:image\" content=\"https:\/\/originalperros.com\/wp-content\/uploads\/2025\/09\/IMG_5607-scaled.jpg\" \/>\n\t<meta property=\"og:image:width\" content=\"2560\" \/>\n\t<meta property=\"og:image:height\" content=\"1920\" \/>\n\t<meta property=\"og:image:type\" content=\"image\/jpeg\" \/>\n<meta name=\"twitter:card\" content=\"summary_large_image\" \/>\n<meta name=\"twitter:label1\" content=\"Est. reading time\" \/>\n\t<meta name=\"twitter:data1\" content=\"1 minute\" \/>\n<script type=\"application\/ld+json\" class=\"yoast-schema-graph\">{\"@context\":\"https:\/\/schema.org\",\"@graph\":[{\"@type\":\"WebPage\",\"@id\":\"https:\/\/originalperros.com\/produit\/roger-chapelet\/\",\"url\":\"https:\/\/originalperros.com\/produit\/roger-chapelet\/\",\"name\":\"Roger Chapelet - Original Perros\",\"isPartOf\":{\"@id\":\"https:\/\/originalperros.com\/#website\"},\"primaryImageOfPage\":{\"@id\":\"https:\/\/originalperros.com\/produit\/roger-chapelet\/#primaryimage\"},\"image\":{\"@id\":\"https:\/\/originalperros.com\/produit\/roger-chapelet\/#primaryimage\"},\"thumbnailUrl\":\"https:\/\/originalperros.com\/wp-content\/uploads\/2025\/09\/IMG_5607-scaled.jpg\",\"datePublished\":\"2025-09-27T11:58:04+00:00\",\"dateModified\":\"2026-04-28T08:08:26+00:00\",\"breadcrumb\":{\"@id\":\"https:\/\/originalperros.com\/produit\/roger-chapelet\/#breadcrumb\"},\"inLanguage\":\"en-US\",\"potentialAction\":[{\"@type\":\"ReadAction\",\"target\":[\"https:\/\/originalperros.com\/produit\/roger-chapelet\/\"]}]},{\"@type\":\"ImageObject\",\"inLanguage\":\"en-US\",\"@id\":\"https:\/\/originalperros.com\/produit\/roger-chapelet\/#primaryimage\",\"url\":\"https:\/\/originalperros.com\/wp-content\/uploads\/2025\/09\/IMG_5607-scaled.jpg\",\"contentUrl\":\"https:\/\/originalperros.com\/wp-content\/uploads\/2025\/09\/IMG_5607-scaled.jpg\",\"width\":2560,\"height\":1920},{\"@type\":\"BreadcrumbList\",\"@id\":\"https:\/\/originalperros.com\/produit\/roger-chapelet\/#breadcrumb\",\"itemListElement\":[{\"@type\":\"ListItem\",\"position\":1,\"name\":\"Home\",\"item\":\"https:\/\/originalperros.com\/\"},{\"@type\":\"ListItem\",\"position\":2,\"name\":\"Produits\",\"item\":\"https:\/\/originalperros.com\/produits\/\"},{\"@type\":\"ListItem\",\"position\":3,\"name\":\"Roger Chapelet\"}]},{\"@type\":\"WebSite\",\"@id\":\"https:\/\/originalperros.com\/#website\",\"url\":\"https:\/\/originalperros.com\/\",\"name\":\"Original Perros\",\"description\":\"\",\"potentialAction\":[{\"@type\":\"SearchAction\",\"target\":{\"@type\":\"EntryPoint\",\"urlTemplate\":\"https:\/\/originalperros.com\/?s={search_term_string}\"},\"query-input\":{\"@type\":\"PropertyValueSpecification\",\"valueRequired\":true,\"valueName\":\"search_term_string\"}}],\"inLanguage\":\"en-US\"}]}<\/script>\n<!-- \/ Yoast SEO plugin. -->","yoast_head_json":{"title":"Roger Chapelet - Original Perros","robots":{"index":"index","follow":"follow","max-snippet":"max-snippet:-1","max-image-preview":"max-image-preview:large","max-video-preview":"max-video-preview:-1"},"canonical":"https:\/\/originalperros.com\/en\/product\/roger-chapelet\/","og_locale":"en_US","og_type":"article","og_title":"Roger Chapelet - Original Perros","og_description":"Roger Chapelet (1903-1995)  \"Le Cancalais\" gouache sur papier 57 x 72 cm - avec cadre.    &nbsp;  Avec Marin-Marie et Albert Brenet, il est consid\u00e9r\u00e9 comme l'un des trois grands peintres de marine fran\u00e7ais du XXe\u00a0si\u00e8cle. Une exposition lui est consacr\u00e9e au Mus\u00e9e national de la Marine du 8 octobre 1993 au 5 d\u00e9cembre 1994.  &nbsp;      &nbsp; VENDU &nbsp;","og_url":"https:\/\/originalperros.com\/en\/product\/roger-chapelet\/","og_site_name":"Original Perros","article_modified_time":"2026-04-28T08:08:26+00:00","og_image":[{"width":2560,"height":1920,"url":"https:\/\/originalperros.com\/wp-content\/uploads\/2025\/09\/IMG_5607-scaled.jpg","type":"image\/jpeg"}],"twitter_card":"summary_large_image","twitter_misc":{"Est. reading time":"1 minute"},"schema":{"@context":"https:\/\/schema.org","@graph":[{"@type":"WebPage","@id":"https:\/\/originalperros.com\/produit\/roger-chapelet\/","url":"https:\/\/originalperros.com\/produit\/roger-chapelet\/","name":"Roger Chapelet - Original Perros","isPartOf":{"@id":"https:\/\/originalperros.com\/#website"},"primaryImageOfPage":{"@id":"https:\/\/originalperros.com\/produit\/roger-chapelet\/#primaryimage"},"image":{"@id":"https:\/\/originalperros.com\/produit\/roger-chapelet\/#primaryimage"},"thumbnailUrl":"https:\/\/originalperros.com\/wp-content\/uploads\/2025\/09\/IMG_5607-scaled.jpg","datePublished":"2025-09-27T11:58:04+00:00","dateModified":"2026-04-28T08:08:26+00:00","breadcrumb":{"@id":"https:\/\/originalperros.com\/produit\/roger-chapelet\/#breadcrumb"},"inLanguage":"en-US","potentialAction":[{"@type":"ReadAction","target":["https:\/\/originalperros.com\/produit\/roger-chapelet\/"]}]},{"@type":"ImageObject","inLanguage":"en-US","@id":"https:\/\/originalperros.com\/produit\/roger-chapelet\/#primaryimage","url":"https:\/\/originalperros.com\/wp-content\/uploads\/2025\/09\/IMG_5607-scaled.jpg","contentUrl":"https:\/\/originalperros.com\/wp-content\/uploads\/2025\/09\/IMG_5607-scaled.jpg","width":2560,"height":1920},{"@type":"BreadcrumbList","@id":"https:\/\/originalperros.com\/produit\/roger-chapelet\/#breadcrumb","itemListElement":[{"@type":"ListItem","position":1,"name":"Home","item":"https:\/\/originalperros.com\/"},{"@type":"ListItem","position":2,"name":"Produits","item":"https:\/\/originalperros.com\/produits\/"},{"@type":"ListItem","position":3,"name":"Roger Chapelet"}]},{"@type":"WebSite","@id":"https:\/\/originalperros.com\/#website","url":"https:\/\/originalperros.com\/","name":"Original Perros","description":"","potentialAction":[{"@type":"SearchAction","target":{"@type":"EntryPoint","urlTemplate":"https:\/\/originalperros.com\/?s={search_term_string}"},"query-input":{"@type":"PropertyValueSpecification","valueRequired":true,"valueName":"search_term_string"}}],"inLanguage":"en-US"}]}},"_links":{"self":[{"href":"https:\/\/originalperros.com\/en\/wp-json\/wp\/v2\/product\/7140","targetHints":{"allow":["GET"]}}],"collection":[{"href":"https:\/\/originalperros.com\/en\/wp-json\/wp\/v2\/product"}],"about":[{"href":"https:\/\/originalperros.com\/en\/wp-json\/wp\/v2\/types\/product"}],"wp:featuredmedia":[{"embeddable":true,"href":"https:\/\/originalperros.com\/en\/wp-json\/wp\/v2\/media\/7124"}],"wp:attachment":[{"href":"https:\/\/originalperros.com\/en\/wp-json\/wp\/v2\/media?parent=7140"}],"wp:term":[{"taxonomy":"product_brand","embeddable":true,"href":"https:\/\/originalperros.com\/en\/wp-json\/wp\/v2\/product_brand?post=7140"},{"taxonomy":"product_cat","embeddable":true,"href":"https:\/\/originalperros.com\/en\/wp-json\/wp\/v2\/product_cat?post=7140"},{"taxonomy":"product_tag","embeddable":true,"href":"https:\/\/originalperros.com\/en\/wp-json\/wp\/v2\/product_tag?post=7140"}],"curies":[{"name":"wp","href":"https:\/\/api.w.org\/{rel}","templated":true}]}}