{"id":7280,"date":"2025-12-04T13:16:37","date_gmt":"2025-12-04T12:16:37","guid":{"rendered":"https:\/\/originalperros.com\/?post_type=product&#038;p=7280"},"modified":"2026-04-28T13:06:03","modified_gmt":"2026-04-28T11:06:03","slug":"odetta-rene-beauclair","status":"publish","type":"product","link":"https:\/\/originalperros.com\/en\/product\/odetta-rene-beauclair\/","title":{"rendered":"ODETTA, Ren\u00e9 BEAUCLAIR"},"content":{"rendered":"","protected":false},"excerpt":{"rendered":"<p>Vase cylindrique <span class=\"ux-textspans ux-textspans--BOLD\">en c\u00e9ramique, gr\u00e8s<\/span>, \u00e9maill\u00e9<\/p>\n<p>par Ren\u00e9 BEAUCLAIR\u00a0 (1877 &#8211; 1960) pour HB-Quimper, Odetta.<\/p>\n<p>Signed under the base and numbered 655\/1349<\/p>\n<p>Height: 20cm \/ Diameter: 24 cm<\/p>\n<p><!--more--><\/p>\n<p>&nbsp;<\/p>\n<h1><span style=\"color: #ff6600;\">SOLD<\/span><\/h1>\n<p>&nbsp;<\/p>\n<p>&nbsp;<\/p>","protected":false},"featured_media":7272,"template":"","meta":{"_acf_changed":false},"product_brand":[],"product_cat":[64,58],"product_tag":[],"class_list":{"0":"post-7280","1":"product","2":"type-product","3":"status-publish","4":"has-post-thumbnail","6":"product_cat-art-breton","7":"product_cat-ceramiques","9":"first","10":"outofstock","11":"shipping-taxable","12":"product-type-simple"},"acf":[],"yoast_head":"<!-- This site is optimized with the Yoast SEO plugin v25.7 - https:\/\/yoast.com\/wordpress\/plugins\/seo\/ -->\n<title>ODETTA, Ren\u00e9 BEAUCLAIR - Original Perros<\/title>\n<meta name=\"robots\" content=\"index, follow, max-snippet:-1, max-image-preview:large, max-video-preview:-1\" \/>\n<link rel=\"canonical\" href=\"https:\/\/originalperros.com\/en\/product\/odetta-rene-beauclair\/\" \/>\n<meta property=\"og:locale\" content=\"en_US\" \/>\n<meta property=\"og:type\" content=\"article\" \/>\n<meta property=\"og:title\" content=\"ODETTA, Ren\u00e9 BEAUCLAIR - Original Perros\" \/>\n<meta property=\"og:description\" content=\"Vase cylindrique en c\u00e9ramique, gr\u00e8s, \u00e9maill\u00e9  par Ren\u00e9 BEAUCLAIR\u00a0 (1877 - 1960) pour HB-Quimper, Odetta.  Sign\u00e9 sous la base et num\u00e9rot\u00e9 655\/1349  Hauteur: 20cm \/ Diam\u00e8tre: 24 cm    &nbsp; VENDU &nbsp;  &nbsp;\" \/>\n<meta property=\"og:url\" content=\"https:\/\/originalperros.com\/en\/product\/odetta-rene-beauclair\/\" \/>\n<meta property=\"og:site_name\" content=\"Original Perros\" \/>\n<meta property=\"article:modified_time\" content=\"2026-04-28T11:06:03+00:00\" \/>\n<meta property=\"og:image\" content=\"https:\/\/originalperros.com\/wp-content\/uploads\/2025\/12\/Photoroom_004_20251203_163851.jpeg\" \/>\n\t<meta property=\"og:image:width\" content=\"1800\" \/>\n\t<meta property=\"og:image:height\" content=\"2400\" \/>\n\t<meta property=\"og:image:type\" content=\"image\/jpeg\" \/>\n<meta name=\"twitter:card\" content=\"summary_large_image\" \/>\n<meta name=\"twitter:label1\" content=\"Est. reading time\" \/>\n\t<meta name=\"twitter:data1\" content=\"1 minute\" \/>\n<script type=\"application\/ld+json\" class=\"yoast-schema-graph\">{\"@context\":\"https:\/\/schema.org\",\"@graph\":[{\"@type\":\"WebPage\",\"@id\":\"https:\/\/originalperros.com\/produit\/odetta-rene-beauclair\/\",\"url\":\"https:\/\/originalperros.com\/produit\/odetta-rene-beauclair\/\",\"name\":\"ODETTA, Ren\u00e9 BEAUCLAIR - Original Perros\",\"isPartOf\":{\"@id\":\"https:\/\/originalperros.com\/#website\"},\"primaryImageOfPage\":{\"@id\":\"https:\/\/originalperros.com\/produit\/odetta-rene-beauclair\/#primaryimage\"},\"image\":{\"@id\":\"https:\/\/originalperros.com\/produit\/odetta-rene-beauclair\/#primaryimage\"},\"thumbnailUrl\":\"https:\/\/originalperros.com\/wp-content\/uploads\/2025\/12\/Photoroom_004_20251203_163851.jpeg\",\"datePublished\":\"2025-12-04T12:16:37+00:00\",\"dateModified\":\"2026-04-28T11:06:03+00:00\",\"breadcrumb\":{\"@id\":\"https:\/\/originalperros.com\/produit\/odetta-rene-beauclair\/#breadcrumb\"},\"inLanguage\":\"en-US\",\"potentialAction\":[{\"@type\":\"ReadAction\",\"target\":[\"https:\/\/originalperros.com\/produit\/odetta-rene-beauclair\/\"]}]},{\"@type\":\"ImageObject\",\"inLanguage\":\"en-US\",\"@id\":\"https:\/\/originalperros.com\/produit\/odetta-rene-beauclair\/#primaryimage\",\"url\":\"https:\/\/originalperros.com\/wp-content\/uploads\/2025\/12\/Photoroom_004_20251203_163851.jpeg\",\"contentUrl\":\"https:\/\/originalperros.com\/wp-content\/uploads\/2025\/12\/Photoroom_004_20251203_163851.jpeg\",\"width\":1800,\"height\":2400},{\"@type\":\"BreadcrumbList\",\"@id\":\"https:\/\/originalperros.com\/produit\/odetta-rene-beauclair\/#breadcrumb\",\"itemListElement\":[{\"@type\":\"ListItem\",\"position\":1,\"name\":\"Home\",\"item\":\"https:\/\/originalperros.com\/\"},{\"@type\":\"ListItem\",\"position\":2,\"name\":\"Produits\",\"item\":\"https:\/\/originalperros.com\/produits\/\"},{\"@type\":\"ListItem\",\"position\":3,\"name\":\"ODETTA, Ren\u00e9 BEAUCLAIR\"}]},{\"@type\":\"WebSite\",\"@id\":\"https:\/\/originalperros.com\/#website\",\"url\":\"https:\/\/originalperros.com\/\",\"name\":\"Original Perros\",\"description\":\"\",\"potentialAction\":[{\"@type\":\"SearchAction\",\"target\":{\"@type\":\"EntryPoint\",\"urlTemplate\":\"https:\/\/originalperros.com\/?s={search_term_string}\"},\"query-input\":{\"@type\":\"PropertyValueSpecification\",\"valueRequired\":true,\"valueName\":\"search_term_string\"}}],\"inLanguage\":\"en-US\"}]}<\/script>\n<!-- \/ Yoast SEO plugin. -->","yoast_head_json":{"title":"ODETTA, Ren\u00e9 BEAUCLAIR - Original Perros","robots":{"index":"index","follow":"follow","max-snippet":"max-snippet:-1","max-image-preview":"max-image-preview:large","max-video-preview":"max-video-preview:-1"},"canonical":"https:\/\/originalperros.com\/en\/product\/odetta-rene-beauclair\/","og_locale":"en_US","og_type":"article","og_title":"ODETTA, Ren\u00e9 BEAUCLAIR - Original Perros","og_description":"Vase cylindrique en c\u00e9ramique, gr\u00e8s, \u00e9maill\u00e9  par Ren\u00e9 BEAUCLAIR\u00a0 (1877 - 1960) pour HB-Quimper, Odetta.  Sign\u00e9 sous la base et num\u00e9rot\u00e9 655\/1349  Hauteur: 20cm \/ Diam\u00e8tre: 24 cm    &nbsp; VENDU &nbsp;  &nbsp;","og_url":"https:\/\/originalperros.com\/en\/product\/odetta-rene-beauclair\/","og_site_name":"Original Perros","article_modified_time":"2026-04-28T11:06:03+00:00","og_image":[{"width":1800,"height":2400,"url":"https:\/\/originalperros.com\/wp-content\/uploads\/2025\/12\/Photoroom_004_20251203_163851.jpeg","type":"image\/jpeg"}],"twitter_card":"summary_large_image","twitter_misc":{"Est. reading time":"1 minute"},"schema":{"@context":"https:\/\/schema.org","@graph":[{"@type":"WebPage","@id":"https:\/\/originalperros.com\/produit\/odetta-rene-beauclair\/","url":"https:\/\/originalperros.com\/produit\/odetta-rene-beauclair\/","name":"ODETTA, Ren\u00e9 BEAUCLAIR - Original Perros","isPartOf":{"@id":"https:\/\/originalperros.com\/#website"},"primaryImageOfPage":{"@id":"https:\/\/originalperros.com\/produit\/odetta-rene-beauclair\/#primaryimage"},"image":{"@id":"https:\/\/originalperros.com\/produit\/odetta-rene-beauclair\/#primaryimage"},"thumbnailUrl":"https:\/\/originalperros.com\/wp-content\/uploads\/2025\/12\/Photoroom_004_20251203_163851.jpeg","datePublished":"2025-12-04T12:16:37+00:00","dateModified":"2026-04-28T11:06:03+00:00","breadcrumb":{"@id":"https:\/\/originalperros.com\/produit\/odetta-rene-beauclair\/#breadcrumb"},"inLanguage":"en-US","potentialAction":[{"@type":"ReadAction","target":["https:\/\/originalperros.com\/produit\/odetta-rene-beauclair\/"]}]},{"@type":"ImageObject","inLanguage":"en-US","@id":"https:\/\/originalperros.com\/produit\/odetta-rene-beauclair\/#primaryimage","url":"https:\/\/originalperros.com\/wp-content\/uploads\/2025\/12\/Photoroom_004_20251203_163851.jpeg","contentUrl":"https:\/\/originalperros.com\/wp-content\/uploads\/2025\/12\/Photoroom_004_20251203_163851.jpeg","width":1800,"height":2400},{"@type":"BreadcrumbList","@id":"https:\/\/originalperros.com\/produit\/odetta-rene-beauclair\/#breadcrumb","itemListElement":[{"@type":"ListItem","position":1,"name":"Home","item":"https:\/\/originalperros.com\/"},{"@type":"ListItem","position":2,"name":"Produits","item":"https:\/\/originalperros.com\/produits\/"},{"@type":"ListItem","position":3,"name":"ODETTA, Ren\u00e9 BEAUCLAIR"}]},{"@type":"WebSite","@id":"https:\/\/originalperros.com\/#website","url":"https:\/\/originalperros.com\/","name":"Original Perros","description":"","potentialAction":[{"@type":"SearchAction","target":{"@type":"EntryPoint","urlTemplate":"https:\/\/originalperros.com\/?s={search_term_string}"},"query-input":{"@type":"PropertyValueSpecification","valueRequired":true,"valueName":"search_term_string"}}],"inLanguage":"en-US"}]}},"_links":{"self":[{"href":"https:\/\/originalperros.com\/en\/wp-json\/wp\/v2\/product\/7280","targetHints":{"allow":["GET"]}}],"collection":[{"href":"https:\/\/originalperros.com\/en\/wp-json\/wp\/v2\/product"}],"about":[{"href":"https:\/\/originalperros.com\/en\/wp-json\/wp\/v2\/types\/product"}],"wp:featuredmedia":[{"embeddable":true,"href":"https:\/\/originalperros.com\/en\/wp-json\/wp\/v2\/media\/7272"}],"wp:attachment":[{"href":"https:\/\/originalperros.com\/en\/wp-json\/wp\/v2\/media?parent=7280"}],"wp:term":[{"taxonomy":"product_brand","embeddable":true,"href":"https:\/\/originalperros.com\/en\/wp-json\/wp\/v2\/product_brand?post=7280"},{"taxonomy":"product_cat","embeddable":true,"href":"https:\/\/originalperros.com\/en\/wp-json\/wp\/v2\/product_cat?post=7280"},{"taxonomy":"product_tag","embeddable":true,"href":"https:\/\/originalperros.com\/en\/wp-json\/wp\/v2\/product_tag?post=7280"}],"curies":[{"name":"wp","href":"https:\/\/api.w.org\/{rel}","templated":true}]}}