{"id":7282,"date":"2025-12-07T13:30:49","date_gmt":"2025-12-07T12:30:49","guid":{"rendered":"https:\/\/originalperros.com\/?post_type=product&#038;p=7282"},"modified":"2026-03-26T12:23:05","modified_gmt":"2026-03-26T11:23:05","slug":"retour-de-peche-francois-meheut","status":"publish","type":"product","link":"https:\/\/originalperros.com\/en\/product\/retour-de-peche-francois-meheut\/","title":{"rendered":"Back from fishing, Fran\u00e7ois M\u00c9HEUT"},"content":{"rendered":"","protected":false},"excerpt":{"rendered":"<p>Group in green patinated terracotta by Fran\u00e7ois M\u00c9HEUT (1905-1981)<\/p>\n<p>\u00a0\"Back from fishing<\/p>\n<p>Signed: F. MEHEUT - circa 1930.<\/p>\n<p>H: 27cm \/ W: 52cm \/ D: 18cm<\/p>\n<p><!--more--><\/p>\n<p>&nbsp;<\/p>\n<h1><span style=\"color: #ff6600;\">SOLD<\/span><\/h1>","protected":false},"featured_media":7275,"template":"","meta":{"_acf_changed":false},"product_brand":[],"product_cat":[64,77],"product_tag":[],"class_list":{"0":"post-7282","1":"product","2":"type-product","3":"status-publish","4":"has-post-thumbnail","6":"product_cat-art-breton","7":"product_cat-sculptures","9":"first","10":"outofstock","11":"shipping-taxable","12":"product-type-simple"},"acf":[],"yoast_head":"<!-- This site is optimized with the Yoast SEO plugin v25.7 - https:\/\/yoast.com\/wordpress\/plugins\/seo\/ -->\n<title>Retour de p\u00eache, Fran\u00e7ois M\u00c9HEUT - Original Perros<\/title>\n<meta name=\"robots\" content=\"index, follow, max-snippet:-1, max-image-preview:large, max-video-preview:-1\" \/>\n<link rel=\"canonical\" href=\"https:\/\/originalperros.com\/en\/product\/retour-de-peche-francois-meheut\/\" \/>\n<meta property=\"og:locale\" content=\"en_US\" \/>\n<meta property=\"og:type\" content=\"article\" \/>\n<meta property=\"og:title\" content=\"Retour de p\u00eache, Fran\u00e7ois M\u00c9HEUT - Original Perros\" \/>\n<meta property=\"og:description\" content=\"Groupe en terre cuite patin\u00e9e verte par Fran\u00e7ois M\u00c9HEUT (1905-1981)  &quot; Retour de p\u00eache &quot;  Sign\u00e9: F. MEHEUT - vers 1930.  H: 27cm \/ L: 52cm \/ P: 18cm    &nbsp; VENDU\" \/>\n<meta property=\"og:url\" content=\"https:\/\/originalperros.com\/en\/product\/retour-de-peche-francois-meheut\/\" \/>\n<meta property=\"og:site_name\" content=\"Original Perros\" \/>\n<meta property=\"article:modified_time\" content=\"2026-03-26T11:23:05+00:00\" \/>\n<meta property=\"og:image\" content=\"https:\/\/originalperros.com\/wp-content\/uploads\/2025\/12\/Photoroom_20251203_121714.jpg\" \/>\n\t<meta property=\"og:image:width\" content=\"1024\" \/>\n\t<meta property=\"og:image:height\" content=\"1024\" \/>\n\t<meta property=\"og:image:type\" content=\"image\/jpeg\" \/>\n<meta name=\"twitter:card\" content=\"summary_large_image\" \/>\n<meta name=\"twitter:label1\" content=\"Est. reading time\" \/>\n\t<meta name=\"twitter:data1\" content=\"1 minute\" \/>\n<script type=\"application\/ld+json\" class=\"yoast-schema-graph\">{\"@context\":\"https:\/\/schema.org\",\"@graph\":[{\"@type\":\"WebPage\",\"@id\":\"https:\/\/originalperros.com\/produit\/retour-de-peche-francois-meheut\/\",\"url\":\"https:\/\/originalperros.com\/produit\/retour-de-peche-francois-meheut\/\",\"name\":\"Retour de p\u00eache, Fran\u00e7ois M\u00c9HEUT - Original Perros\",\"isPartOf\":{\"@id\":\"https:\/\/originalperros.com\/#website\"},\"primaryImageOfPage\":{\"@id\":\"https:\/\/originalperros.com\/produit\/retour-de-peche-francois-meheut\/#primaryimage\"},\"image\":{\"@id\":\"https:\/\/originalperros.com\/produit\/retour-de-peche-francois-meheut\/#primaryimage\"},\"thumbnailUrl\":\"https:\/\/originalperros.com\/wp-content\/uploads\/2025\/12\/Photoroom_20251203_121714.jpg\",\"datePublished\":\"2025-12-07T12:30:49+00:00\",\"dateModified\":\"2026-03-26T11:23:05+00:00\",\"breadcrumb\":{\"@id\":\"https:\/\/originalperros.com\/produit\/retour-de-peche-francois-meheut\/#breadcrumb\"},\"inLanguage\":\"en-US\",\"potentialAction\":[{\"@type\":\"ReadAction\",\"target\":[\"https:\/\/originalperros.com\/produit\/retour-de-peche-francois-meheut\/\"]}]},{\"@type\":\"ImageObject\",\"inLanguage\":\"en-US\",\"@id\":\"https:\/\/originalperros.com\/produit\/retour-de-peche-francois-meheut\/#primaryimage\",\"url\":\"https:\/\/originalperros.com\/wp-content\/uploads\/2025\/12\/Photoroom_20251203_121714.jpg\",\"contentUrl\":\"https:\/\/originalperros.com\/wp-content\/uploads\/2025\/12\/Photoroom_20251203_121714.jpg\",\"width\":1024,\"height\":1024},{\"@type\":\"BreadcrumbList\",\"@id\":\"https:\/\/originalperros.com\/produit\/retour-de-peche-francois-meheut\/#breadcrumb\",\"itemListElement\":[{\"@type\":\"ListItem\",\"position\":1,\"name\":\"Home\",\"item\":\"https:\/\/originalperros.com\/\"},{\"@type\":\"ListItem\",\"position\":2,\"name\":\"Produits\",\"item\":\"https:\/\/originalperros.com\/produits\/\"},{\"@type\":\"ListItem\",\"position\":3,\"name\":\"Retour de p\u00eache, Fran\u00e7ois M\u00c9HEUT\"}]},{\"@type\":\"WebSite\",\"@id\":\"https:\/\/originalperros.com\/#website\",\"url\":\"https:\/\/originalperros.com\/\",\"name\":\"Original Perros\",\"description\":\"\",\"potentialAction\":[{\"@type\":\"SearchAction\",\"target\":{\"@type\":\"EntryPoint\",\"urlTemplate\":\"https:\/\/originalperros.com\/?s={search_term_string}\"},\"query-input\":{\"@type\":\"PropertyValueSpecification\",\"valueRequired\":true,\"valueName\":\"search_term_string\"}}],\"inLanguage\":\"en-US\"}]}<\/script>\n<!-- \/ Yoast SEO plugin. -->","yoast_head_json":{"title":"Retour de p\u00eache, Fran\u00e7ois M\u00c9HEUT - Original Perros","robots":{"index":"index","follow":"follow","max-snippet":"max-snippet:-1","max-image-preview":"max-image-preview:large","max-video-preview":"max-video-preview:-1"},"canonical":"https:\/\/originalperros.com\/en\/product\/retour-de-peche-francois-meheut\/","og_locale":"en_US","og_type":"article","og_title":"Retour de p\u00eache, Fran\u00e7ois M\u00c9HEUT - Original Perros","og_description":"Groupe en terre cuite patin\u00e9e verte par Fran\u00e7ois M\u00c9HEUT (1905-1981)  \" Retour de p\u00eache \"  Sign\u00e9: F. MEHEUT - vers 1930.  H: 27cm \/ L: 52cm \/ P: 18cm    &nbsp; VENDU","og_url":"https:\/\/originalperros.com\/en\/product\/retour-de-peche-francois-meheut\/","og_site_name":"Original Perros","article_modified_time":"2026-03-26T11:23:05+00:00","og_image":[{"width":1024,"height":1024,"url":"https:\/\/originalperros.com\/wp-content\/uploads\/2025\/12\/Photoroom_20251203_121714.jpg","type":"image\/jpeg"}],"twitter_card":"summary_large_image","twitter_misc":{"Est. reading time":"1 minute"},"schema":{"@context":"https:\/\/schema.org","@graph":[{"@type":"WebPage","@id":"https:\/\/originalperros.com\/produit\/retour-de-peche-francois-meheut\/","url":"https:\/\/originalperros.com\/produit\/retour-de-peche-francois-meheut\/","name":"Retour de p\u00eache, Fran\u00e7ois M\u00c9HEUT - Original Perros","isPartOf":{"@id":"https:\/\/originalperros.com\/#website"},"primaryImageOfPage":{"@id":"https:\/\/originalperros.com\/produit\/retour-de-peche-francois-meheut\/#primaryimage"},"image":{"@id":"https:\/\/originalperros.com\/produit\/retour-de-peche-francois-meheut\/#primaryimage"},"thumbnailUrl":"https:\/\/originalperros.com\/wp-content\/uploads\/2025\/12\/Photoroom_20251203_121714.jpg","datePublished":"2025-12-07T12:30:49+00:00","dateModified":"2026-03-26T11:23:05+00:00","breadcrumb":{"@id":"https:\/\/originalperros.com\/produit\/retour-de-peche-francois-meheut\/#breadcrumb"},"inLanguage":"en-US","potentialAction":[{"@type":"ReadAction","target":["https:\/\/originalperros.com\/produit\/retour-de-peche-francois-meheut\/"]}]},{"@type":"ImageObject","inLanguage":"en-US","@id":"https:\/\/originalperros.com\/produit\/retour-de-peche-francois-meheut\/#primaryimage","url":"https:\/\/originalperros.com\/wp-content\/uploads\/2025\/12\/Photoroom_20251203_121714.jpg","contentUrl":"https:\/\/originalperros.com\/wp-content\/uploads\/2025\/12\/Photoroom_20251203_121714.jpg","width":1024,"height":1024},{"@type":"BreadcrumbList","@id":"https:\/\/originalperros.com\/produit\/retour-de-peche-francois-meheut\/#breadcrumb","itemListElement":[{"@type":"ListItem","position":1,"name":"Home","item":"https:\/\/originalperros.com\/"},{"@type":"ListItem","position":2,"name":"Produits","item":"https:\/\/originalperros.com\/produits\/"},{"@type":"ListItem","position":3,"name":"Retour de p\u00eache, Fran\u00e7ois M\u00c9HEUT"}]},{"@type":"WebSite","@id":"https:\/\/originalperros.com\/#website","url":"https:\/\/originalperros.com\/","name":"Original Perros","description":"","potentialAction":[{"@type":"SearchAction","target":{"@type":"EntryPoint","urlTemplate":"https:\/\/originalperros.com\/?s={search_term_string}"},"query-input":{"@type":"PropertyValueSpecification","valueRequired":true,"valueName":"search_term_string"}}],"inLanguage":"en-US"}]}},"_links":{"self":[{"href":"https:\/\/originalperros.com\/en\/wp-json\/wp\/v2\/product\/7282","targetHints":{"allow":["GET"]}}],"collection":[{"href":"https:\/\/originalperros.com\/en\/wp-json\/wp\/v2\/product"}],"about":[{"href":"https:\/\/originalperros.com\/en\/wp-json\/wp\/v2\/types\/product"}],"wp:featuredmedia":[{"embeddable":true,"href":"https:\/\/originalperros.com\/en\/wp-json\/wp\/v2\/media\/7275"}],"wp:attachment":[{"href":"https:\/\/originalperros.com\/en\/wp-json\/wp\/v2\/media?parent=7282"}],"wp:term":[{"taxonomy":"product_brand","embeddable":true,"href":"https:\/\/originalperros.com\/en\/wp-json\/wp\/v2\/product_brand?post=7282"},{"taxonomy":"product_cat","embeddable":true,"href":"https:\/\/originalperros.com\/en\/wp-json\/wp\/v2\/product_cat?post=7282"},{"taxonomy":"product_tag","embeddable":true,"href":"https:\/\/originalperros.com\/en\/wp-json\/wp\/v2\/product_tag?post=7282"}],"curies":[{"name":"wp","href":"https:\/\/api.w.org\/{rel}","templated":true}]}}