{"id":7388,"date":"2026-02-02T10:52:54","date_gmt":"2026-02-02T09:52:54","guid":{"rendered":"https:\/\/originalperros.com\/?post_type=product&#038;p=7388"},"modified":"2026-02-26T16:33:35","modified_gmt":"2026-02-26T15:33:35","slug":"7388","status":"publish","type":"product","link":"https:\/\/originalperros.com\/en\/product\/7388\/","title":{"rendered":"Les marins par Edouard Cazaux"},"content":{"rendered":"","protected":false},"excerpt":{"rendered":"<p>Les marins en fa\u00efence \u00e9maill\u00e9e polychrome par Edouard Cazaux pour Dax.<\/p>\n<p>Ca. 1930<\/p>\n<p>H. 28cm \/\/ Larg. 32,5cm<\/p>\n<p><span class=\"JCzEY tNxQIb\"><span class=\"CSkcDe\">en parfait \u00e9tat<\/span><\/span>.<\/p>\n<p><!--more--><\/p>\n<p>&nbsp;<\/p>\n<h1><span style=\"color: #ff6600;\">SOLD<\/span><\/h1>\n<p>&nbsp;<\/p>","protected":false},"featured_media":7387,"template":"","meta":{"_acf_changed":false},"product_brand":[],"product_cat":[58,77],"product_tag":[],"class_list":{"0":"post-7388","1":"product","2":"type-product","3":"status-publish","4":"has-post-thumbnail","6":"product_cat-ceramiques","7":"product_cat-sculptures","9":"first","10":"outofstock","11":"shipping-taxable","12":"product-type-simple"},"acf":[],"yoast_head":"<!-- This site is optimized with the Yoast SEO plugin v25.7 - https:\/\/yoast.com\/wordpress\/plugins\/seo\/ -->\n<title>Les marins par Edouard Cazaux - Original Perros<\/title>\n<meta name=\"robots\" content=\"index, follow, max-snippet:-1, max-image-preview:large, max-video-preview:-1\" \/>\n<link rel=\"canonical\" href=\"https:\/\/originalperros.com\/en\/product\/7388\/\" \/>\n<meta property=\"og:locale\" content=\"en_US\" \/>\n<meta property=\"og:type\" content=\"article\" \/>\n<meta property=\"og:title\" content=\"Les marins par Edouard Cazaux - Original Perros\" \/>\n<meta property=\"og:description\" content=\"Les marins en fa\u00efence \u00e9maill\u00e9e polychrome par Edouard Cazaux pour Dax.  Ca. 1930  H. 28cm \/\/ Larg. 32,5cm  en parfait \u00e9tat.    &nbsp; VENDU &nbsp;\" \/>\n<meta property=\"og:url\" content=\"https:\/\/originalperros.com\/en\/product\/7388\/\" \/>\n<meta property=\"og:site_name\" content=\"Original Perros\" \/>\n<meta property=\"article:modified_time\" content=\"2026-02-26T15:33:35+00:00\" \/>\n<meta property=\"og:image\" content=\"https:\/\/originalperros.com\/wp-content\/uploads\/2026\/02\/Photoroom_20260202_102737.jpg\" \/>\n\t<meta property=\"og:image:width\" content=\"832\" \/>\n\t<meta property=\"og:image:height\" content=\"1248\" \/>\n\t<meta property=\"og:image:type\" content=\"image\/jpeg\" \/>\n<meta name=\"twitter:card\" content=\"summary_large_image\" \/>\n<meta name=\"twitter:label1\" content=\"Est. reading time\" \/>\n\t<meta name=\"twitter:data1\" content=\"1 minute\" \/>\n<script type=\"application\/ld+json\" class=\"yoast-schema-graph\">{\"@context\":\"https:\/\/schema.org\",\"@graph\":[{\"@type\":\"WebPage\",\"@id\":\"https:\/\/originalperros.com\/produit\/7388\/\",\"url\":\"https:\/\/originalperros.com\/produit\/7388\/\",\"name\":\"Les marins par Edouard Cazaux - Original Perros\",\"isPartOf\":{\"@id\":\"https:\/\/originalperros.com\/#website\"},\"primaryImageOfPage\":{\"@id\":\"https:\/\/originalperros.com\/produit\/7388\/#primaryimage\"},\"image\":{\"@id\":\"https:\/\/originalperros.com\/produit\/7388\/#primaryimage\"},\"thumbnailUrl\":\"https:\/\/originalperros.com\/wp-content\/uploads\/2026\/02\/Photoroom_20260202_102737.jpg\",\"datePublished\":\"2026-02-02T09:52:54+00:00\",\"dateModified\":\"2026-02-26T15:33:35+00:00\",\"breadcrumb\":{\"@id\":\"https:\/\/originalperros.com\/produit\/7388\/#breadcrumb\"},\"inLanguage\":\"en-US\",\"potentialAction\":[{\"@type\":\"ReadAction\",\"target\":[\"https:\/\/originalperros.com\/produit\/7388\/\"]}]},{\"@type\":\"ImageObject\",\"inLanguage\":\"en-US\",\"@id\":\"https:\/\/originalperros.com\/produit\/7388\/#primaryimage\",\"url\":\"https:\/\/originalperros.com\/wp-content\/uploads\/2026\/02\/Photoroom_20260202_102737.jpg\",\"contentUrl\":\"https:\/\/originalperros.com\/wp-content\/uploads\/2026\/02\/Photoroom_20260202_102737.jpg\",\"width\":832,\"height\":1248},{\"@type\":\"BreadcrumbList\",\"@id\":\"https:\/\/originalperros.com\/produit\/7388\/#breadcrumb\",\"itemListElement\":[{\"@type\":\"ListItem\",\"position\":1,\"name\":\"Home\",\"item\":\"https:\/\/originalperros.com\/\"},{\"@type\":\"ListItem\",\"position\":2,\"name\":\"Produits\",\"item\":\"https:\/\/originalperros.com\/produits\/\"},{\"@type\":\"ListItem\",\"position\":3,\"name\":\"Les marins par Edouard Cazaux\"}]},{\"@type\":\"WebSite\",\"@id\":\"https:\/\/originalperros.com\/#website\",\"url\":\"https:\/\/originalperros.com\/\",\"name\":\"Original Perros\",\"description\":\"\",\"potentialAction\":[{\"@type\":\"SearchAction\",\"target\":{\"@type\":\"EntryPoint\",\"urlTemplate\":\"https:\/\/originalperros.com\/?s={search_term_string}\"},\"query-input\":{\"@type\":\"PropertyValueSpecification\",\"valueRequired\":true,\"valueName\":\"search_term_string\"}}],\"inLanguage\":\"en-US\"}]}<\/script>\n<!-- \/ Yoast SEO plugin. -->","yoast_head_json":{"title":"Les marins par Edouard Cazaux - Original Perros","robots":{"index":"index","follow":"follow","max-snippet":"max-snippet:-1","max-image-preview":"max-image-preview:large","max-video-preview":"max-video-preview:-1"},"canonical":"https:\/\/originalperros.com\/en\/product\/7388\/","og_locale":"en_US","og_type":"article","og_title":"Les marins par Edouard Cazaux - Original Perros","og_description":"Les marins en fa\u00efence \u00e9maill\u00e9e polychrome par Edouard Cazaux pour Dax.  Ca. 1930  H. 28cm \/\/ Larg. 32,5cm  en parfait \u00e9tat.    &nbsp; VENDU &nbsp;","og_url":"https:\/\/originalperros.com\/en\/product\/7388\/","og_site_name":"Original Perros","article_modified_time":"2026-02-26T15:33:35+00:00","og_image":[{"width":832,"height":1248,"url":"https:\/\/originalperros.com\/wp-content\/uploads\/2026\/02\/Photoroom_20260202_102737.jpg","type":"image\/jpeg"}],"twitter_card":"summary_large_image","twitter_misc":{"Est. reading time":"1 minute"},"schema":{"@context":"https:\/\/schema.org","@graph":[{"@type":"WebPage","@id":"https:\/\/originalperros.com\/produit\/7388\/","url":"https:\/\/originalperros.com\/produit\/7388\/","name":"Les marins par Edouard Cazaux - Original Perros","isPartOf":{"@id":"https:\/\/originalperros.com\/#website"},"primaryImageOfPage":{"@id":"https:\/\/originalperros.com\/produit\/7388\/#primaryimage"},"image":{"@id":"https:\/\/originalperros.com\/produit\/7388\/#primaryimage"},"thumbnailUrl":"https:\/\/originalperros.com\/wp-content\/uploads\/2026\/02\/Photoroom_20260202_102737.jpg","datePublished":"2026-02-02T09:52:54+00:00","dateModified":"2026-02-26T15:33:35+00:00","breadcrumb":{"@id":"https:\/\/originalperros.com\/produit\/7388\/#breadcrumb"},"inLanguage":"en-US","potentialAction":[{"@type":"ReadAction","target":["https:\/\/originalperros.com\/produit\/7388\/"]}]},{"@type":"ImageObject","inLanguage":"en-US","@id":"https:\/\/originalperros.com\/produit\/7388\/#primaryimage","url":"https:\/\/originalperros.com\/wp-content\/uploads\/2026\/02\/Photoroom_20260202_102737.jpg","contentUrl":"https:\/\/originalperros.com\/wp-content\/uploads\/2026\/02\/Photoroom_20260202_102737.jpg","width":832,"height":1248},{"@type":"BreadcrumbList","@id":"https:\/\/originalperros.com\/produit\/7388\/#breadcrumb","itemListElement":[{"@type":"ListItem","position":1,"name":"Home","item":"https:\/\/originalperros.com\/"},{"@type":"ListItem","position":2,"name":"Produits","item":"https:\/\/originalperros.com\/produits\/"},{"@type":"ListItem","position":3,"name":"Les marins par Edouard Cazaux"}]},{"@type":"WebSite","@id":"https:\/\/originalperros.com\/#website","url":"https:\/\/originalperros.com\/","name":"Original Perros","description":"","potentialAction":[{"@type":"SearchAction","target":{"@type":"EntryPoint","urlTemplate":"https:\/\/originalperros.com\/?s={search_term_string}"},"query-input":{"@type":"PropertyValueSpecification","valueRequired":true,"valueName":"search_term_string"}}],"inLanguage":"en-US"}]}},"_links":{"self":[{"href":"https:\/\/originalperros.com\/en\/wp-json\/wp\/v2\/product\/7388","targetHints":{"allow":["GET"]}}],"collection":[{"href":"https:\/\/originalperros.com\/en\/wp-json\/wp\/v2\/product"}],"about":[{"href":"https:\/\/originalperros.com\/en\/wp-json\/wp\/v2\/types\/product"}],"wp:featuredmedia":[{"embeddable":true,"href":"https:\/\/originalperros.com\/en\/wp-json\/wp\/v2\/media\/7387"}],"wp:attachment":[{"href":"https:\/\/originalperros.com\/en\/wp-json\/wp\/v2\/media?parent=7388"}],"wp:term":[{"taxonomy":"product_brand","embeddable":true,"href":"https:\/\/originalperros.com\/en\/wp-json\/wp\/v2\/product_brand?post=7388"},{"taxonomy":"product_cat","embeddable":true,"href":"https:\/\/originalperros.com\/en\/wp-json\/wp\/v2\/product_cat?post=7388"},{"taxonomy":"product_tag","embeddable":true,"href":"https:\/\/originalperros.com\/en\/wp-json\/wp\/v2\/product_tag?post=7388"}],"curies":[{"name":"wp","href":"https:\/\/api.w.org\/{rel}","templated":true}]}}