{"id":7447,"date":"2026-02-26T11:56:13","date_gmt":"2026-02-26T10:56:13","guid":{"rendered":"https:\/\/originalperros.com\/?post_type=product&#038;p=7447"},"modified":"2026-02-26T12:00:32","modified_gmt":"2026-02-26T11:00:32","slug":"studio-del-campo","status":"publish","type":"product","link":"https:\/\/originalperros.com\/en\/product\/studio-del-campo\/","title":{"rendered":"Studio Del Campo"},"content":{"rendered":"","protected":false},"excerpt":{"rendered":"<p>Centre de table en cuivre \u00e9maill\u00e9 sign\u00e9 Studio Del Campo,\u00a0 vers 1960.<\/p>\n<p>Atelier artisanal sp\u00e9cialis\u00e9 dans la production d&rsquo;\u00e9maux de haute temp\u00e9rature, fond\u00e9 en 1957 par les artistes Virgilio Bari, Euclide Chiambretti, Bianca Tuninetto et Lidia Lanfranconi in Turin, Italie.<\/p>\n<p>&nbsp;<\/p>\n<p>24,5 x 24,5 cm \/\/ H. 5,5cm<\/p>\n<p>en parfait \u00e9tat<\/p>\n<p><!--more--><\/p>\n<div class=\"wpcf7 no-js\" id=\"wpcf7-f4081-o1\" lang=\"en-US\" dir=\"ltr\" data-wpcf7-id=\"4081\">\n<div class=\"screen-reader-response\">\n<p role=\"status\" aria-live=\"polite\" aria-atomic=\"true\">\n<ul><\/ul>\n<\/div>\n<form action=\"\/en\/wp-json\/wp\/v2\/product\/7447#wpcf7-f4081-o1\" method=\"post\" class=\"wpcf7-form init\" aria-label=\"Contact form\" novalidate=\"novalidate\" data-status=\"init\" data-trp-original-action=\"\/en\/wp-json\/wp\/v2\/product\/7447#wpcf7-f4081-o1\">\n<fieldset class=\"hidden-fields-container\"><input type=\"hidden\" name=\"_wpcf7\" value=\"4081\" \/><input type=\"hidden\" name=\"_wpcf7_version\" value=\"6.1.1\" \/><input type=\"hidden\" name=\"_wpcf7_locale\" value=\"en_US\" \/><input type=\"hidden\" name=\"_wpcf7_unit_tag\" value=\"wpcf7-f4081-o1\" \/><input type=\"hidden\" name=\"_wpcf7_container_post\" value=\"0\" \/><input type=\"hidden\" name=\"_wpcf7_posted_data_hash\" value=\"\" \/><input type=\"hidden\" name=\"_wpcf7_recaptcha_response\" value=\"\" \/><br \/>\n<\/fieldset>\n<div class=\"ct-contact-form\">\n<span class=\"wpcf7-form-control-wrap\" data-name=\"text-833\"><input size=\"40\" maxlength=\"400\" class=\"wpcf7-form-control wpcf7-text wpcf7-validates-as-required theme-input\" aria-required=\"true\" aria-invalid=\"false\" placeholder=\"Your name*\" value=\"\" type=\"text\" name=\"text-833\" \/><\/span><br \/>\n<span class=\"wpcf7-form-control-wrap\" data-name=\"email-426\"><input size=\"40\" maxlength=\"400\" class=\"wpcf7-form-control wpcf7-email wpcf7-validates-as-required wpcf7-text wpcf7-validates-as-email theme-input\" aria-required=\"true\" aria-invalid=\"false\" placeholder=\"Your email*\" value=\"\" type=\"email\" name=\"email-426\" \/><\/span><br \/>\n<span class=\"wpcf7-form-control-wrap\" data-name=\"text-834\"><input size=\"40\" maxlength=\"400\" class=\"wpcf7-form-control wpcf7-text wpcf7-validates-as-required theme-input\" aria-required=\"true\" aria-invalid=\"false\" placeholder=\"Your phone*\" value=\"\" type=\"text\" name=\"text-834\" \/><\/span><br \/>\n<span class=\"wpcf7-form-control-wrap\" data-name=\"textarea-518\"><textarea cols=\"40\" rows=\"10\" maxlength=\"2000\" class=\"wpcf7-form-control wpcf7-textarea\" aria-invalid=\"false\" placeholder=\"Please write the details...\" name=\"textarea-518\"><\/textarea><\/span><br \/>\n<button type=\"submit\" class=\"wpcf7-form-control wpcf7-submit template-btn primary-btn\">Send<\/button>\n<\/div>\n<div class=\"wpcf7-response-output\" aria-hidden=\"true\"><\/div>\n<input type=\"hidden\" name=\"trp-form-language\" value=\"en\"\/><\/form>\n<\/div>\n<p>&nbsp;<\/p>","protected":false},"featured_media":7417,"template":"","meta":{"_acf_changed":false},"product_brand":[],"product_cat":[76],"product_tag":[],"class_list":{"0":"post-7447","1":"product","2":"type-product","3":"status-publish","4":"has-post-thumbnail","6":"product_cat-objets","8":"first","9":"instock","10":"shipping-taxable","11":"product-type-simple"},"acf":[],"yoast_head":"<!-- This site is optimized with the Yoast SEO plugin v25.7 - https:\/\/yoast.com\/wordpress\/plugins\/seo\/ -->\n<title>Studio Del Campo - Original Perros<\/title>\n<meta name=\"robots\" content=\"index, follow, max-snippet:-1, max-image-preview:large, max-video-preview:-1\" \/>\n<link rel=\"canonical\" href=\"https:\/\/originalperros.com\/en\/product\/studio-del-campo\/\" \/>\n<meta property=\"og:locale\" content=\"en_US\" \/>\n<meta property=\"og:type\" content=\"article\" \/>\n<meta property=\"og:title\" content=\"Studio Del Campo - Original Perros\" \/>\n<meta property=\"og:description\" content=\"Centre de table en cuivre \u00e9maill\u00e9 sign\u00e9 Studio Del Campo,\u00a0 vers 1960.  Atelier artisanal sp\u00e9cialis\u00e9 dans la production d&#039;\u00e9maux de haute temp\u00e9rature, fond\u00e9 en 1957 par les artistes Virgilio Bari, Euclide Chiambretti, Bianca Tuninetto et Lidia Lanfranconi in Turin, Italie.  &nbsp;  24,5 x 24,5 cm \/\/ H. 5,5cm  en parfait \u00e9tat      &nbsp;\" \/>\n<meta property=\"og:url\" content=\"https:\/\/originalperros.com\/en\/product\/studio-del-campo\/\" \/>\n<meta property=\"og:site_name\" content=\"Original Perros\" \/>\n<meta property=\"article:modified_time\" content=\"2026-02-26T11:00:32+00:00\" \/>\n<meta property=\"og:image\" content=\"https:\/\/originalperros.com\/wp-content\/uploads\/2026\/02\/Photoroom_20260223_162444.jpg\" \/>\n\t<meta property=\"og:image:width\" content=\"1080\" \/>\n\t<meta property=\"og:image:height\" content=\"1920\" \/>\n\t<meta property=\"og:image:type\" content=\"image\/jpeg\" \/>\n<meta name=\"twitter:card\" content=\"summary_large_image\" \/>\n<meta name=\"twitter:label1\" content=\"Est. reading time\" \/>\n\t<meta name=\"twitter:data1\" content=\"1 minute\" \/>\n<script type=\"application\/ld+json\" class=\"yoast-schema-graph\">{\"@context\":\"https:\/\/schema.org\",\"@graph\":[{\"@type\":\"WebPage\",\"@id\":\"https:\/\/originalperros.com\/produit\/studio-del-campo\/\",\"url\":\"https:\/\/originalperros.com\/produit\/studio-del-campo\/\",\"name\":\"Studio Del Campo - Original Perros\",\"isPartOf\":{\"@id\":\"https:\/\/originalperros.com\/#website\"},\"primaryImageOfPage\":{\"@id\":\"https:\/\/originalperros.com\/produit\/studio-del-campo\/#primaryimage\"},\"image\":{\"@id\":\"https:\/\/originalperros.com\/produit\/studio-del-campo\/#primaryimage\"},\"thumbnailUrl\":\"https:\/\/originalperros.com\/wp-content\/uploads\/2026\/02\/Photoroom_20260223_162444.jpg\",\"datePublished\":\"2026-02-26T10:56:13+00:00\",\"dateModified\":\"2026-02-26T11:00:32+00:00\",\"breadcrumb\":{\"@id\":\"https:\/\/originalperros.com\/produit\/studio-del-campo\/#breadcrumb\"},\"inLanguage\":\"en-US\",\"potentialAction\":[{\"@type\":\"ReadAction\",\"target\":[\"https:\/\/originalperros.com\/produit\/studio-del-campo\/\"]}]},{\"@type\":\"ImageObject\",\"inLanguage\":\"en-US\",\"@id\":\"https:\/\/originalperros.com\/produit\/studio-del-campo\/#primaryimage\",\"url\":\"https:\/\/originalperros.com\/wp-content\/uploads\/2026\/02\/Photoroom_20260223_162444.jpg\",\"contentUrl\":\"https:\/\/originalperros.com\/wp-content\/uploads\/2026\/02\/Photoroom_20260223_162444.jpg\",\"width\":1080,\"height\":1920},{\"@type\":\"BreadcrumbList\",\"@id\":\"https:\/\/originalperros.com\/produit\/studio-del-campo\/#breadcrumb\",\"itemListElement\":[{\"@type\":\"ListItem\",\"position\":1,\"name\":\"Home\",\"item\":\"https:\/\/originalperros.com\/\"},{\"@type\":\"ListItem\",\"position\":2,\"name\":\"Produits\",\"item\":\"https:\/\/originalperros.com\/produits\/\"},{\"@type\":\"ListItem\",\"position\":3,\"name\":\"Studio Del Campo\"}]},{\"@type\":\"WebSite\",\"@id\":\"https:\/\/originalperros.com\/#website\",\"url\":\"https:\/\/originalperros.com\/\",\"name\":\"Original Perros\",\"description\":\"\",\"potentialAction\":[{\"@type\":\"SearchAction\",\"target\":{\"@type\":\"EntryPoint\",\"urlTemplate\":\"https:\/\/originalperros.com\/?s={search_term_string}\"},\"query-input\":{\"@type\":\"PropertyValueSpecification\",\"valueRequired\":true,\"valueName\":\"search_term_string\"}}],\"inLanguage\":\"en-US\"}]}<\/script>\n<!-- \/ Yoast SEO plugin. -->","yoast_head_json":{"title":"Studio Del Campo - Original Perros","robots":{"index":"index","follow":"follow","max-snippet":"max-snippet:-1","max-image-preview":"max-image-preview:large","max-video-preview":"max-video-preview:-1"},"canonical":"https:\/\/originalperros.com\/en\/product\/studio-del-campo\/","og_locale":"en_US","og_type":"article","og_title":"Studio Del Campo - Original Perros","og_description":"Centre de table en cuivre \u00e9maill\u00e9 sign\u00e9 Studio Del Campo,\u00a0 vers 1960.  Atelier artisanal sp\u00e9cialis\u00e9 dans la production d'\u00e9maux de haute temp\u00e9rature, fond\u00e9 en 1957 par les artistes Virgilio Bari, Euclide Chiambretti, Bianca Tuninetto et Lidia Lanfranconi in Turin, Italie.  &nbsp;  24,5 x 24,5 cm \/\/ H. 5,5cm  en parfait \u00e9tat      &nbsp;","og_url":"https:\/\/originalperros.com\/en\/product\/studio-del-campo\/","og_site_name":"Original Perros","article_modified_time":"2026-02-26T11:00:32+00:00","og_image":[{"width":1080,"height":1920,"url":"https:\/\/originalperros.com\/wp-content\/uploads\/2026\/02\/Photoroom_20260223_162444.jpg","type":"image\/jpeg"}],"twitter_card":"summary_large_image","twitter_misc":{"Est. reading time":"1 minute"},"schema":{"@context":"https:\/\/schema.org","@graph":[{"@type":"WebPage","@id":"https:\/\/originalperros.com\/produit\/studio-del-campo\/","url":"https:\/\/originalperros.com\/produit\/studio-del-campo\/","name":"Studio Del Campo - Original Perros","isPartOf":{"@id":"https:\/\/originalperros.com\/#website"},"primaryImageOfPage":{"@id":"https:\/\/originalperros.com\/produit\/studio-del-campo\/#primaryimage"},"image":{"@id":"https:\/\/originalperros.com\/produit\/studio-del-campo\/#primaryimage"},"thumbnailUrl":"https:\/\/originalperros.com\/wp-content\/uploads\/2026\/02\/Photoroom_20260223_162444.jpg","datePublished":"2026-02-26T10:56:13+00:00","dateModified":"2026-02-26T11:00:32+00:00","breadcrumb":{"@id":"https:\/\/originalperros.com\/produit\/studio-del-campo\/#breadcrumb"},"inLanguage":"en-US","potentialAction":[{"@type":"ReadAction","target":["https:\/\/originalperros.com\/produit\/studio-del-campo\/"]}]},{"@type":"ImageObject","inLanguage":"en-US","@id":"https:\/\/originalperros.com\/produit\/studio-del-campo\/#primaryimage","url":"https:\/\/originalperros.com\/wp-content\/uploads\/2026\/02\/Photoroom_20260223_162444.jpg","contentUrl":"https:\/\/originalperros.com\/wp-content\/uploads\/2026\/02\/Photoroom_20260223_162444.jpg","width":1080,"height":1920},{"@type":"BreadcrumbList","@id":"https:\/\/originalperros.com\/produit\/studio-del-campo\/#breadcrumb","itemListElement":[{"@type":"ListItem","position":1,"name":"Home","item":"https:\/\/originalperros.com\/"},{"@type":"ListItem","position":2,"name":"Produits","item":"https:\/\/originalperros.com\/produits\/"},{"@type":"ListItem","position":3,"name":"Studio Del Campo"}]},{"@type":"WebSite","@id":"https:\/\/originalperros.com\/#website","url":"https:\/\/originalperros.com\/","name":"Original Perros","description":"","potentialAction":[{"@type":"SearchAction","target":{"@type":"EntryPoint","urlTemplate":"https:\/\/originalperros.com\/?s={search_term_string}"},"query-input":{"@type":"PropertyValueSpecification","valueRequired":true,"valueName":"search_term_string"}}],"inLanguage":"en-US"}]}},"_links":{"self":[{"href":"https:\/\/originalperros.com\/en\/wp-json\/wp\/v2\/product\/7447","targetHints":{"allow":["GET"]}}],"collection":[{"href":"https:\/\/originalperros.com\/en\/wp-json\/wp\/v2\/product"}],"about":[{"href":"https:\/\/originalperros.com\/en\/wp-json\/wp\/v2\/types\/product"}],"wp:featuredmedia":[{"embeddable":true,"href":"https:\/\/originalperros.com\/en\/wp-json\/wp\/v2\/media\/7417"}],"wp:attachment":[{"href":"https:\/\/originalperros.com\/en\/wp-json\/wp\/v2\/media?parent=7447"}],"wp:term":[{"taxonomy":"product_brand","embeddable":true,"href":"https:\/\/originalperros.com\/en\/wp-json\/wp\/v2\/product_brand?post=7447"},{"taxonomy":"product_cat","embeddable":true,"href":"https:\/\/originalperros.com\/en\/wp-json\/wp\/v2\/product_cat?post=7447"},{"taxonomy":"product_tag","embeddable":true,"href":"https:\/\/originalperros.com\/en\/wp-json\/wp\/v2\/product_tag?post=7447"}],"curies":[{"name":"wp","href":"https:\/\/api.w.org\/{rel}","templated":true}]}}