{"id":7499,"date":"2026-03-19T11:43:37","date_gmt":"2026-03-19T10:43:37","guid":{"rendered":"https:\/\/originalperros.com\/?post_type=product&#038;p=7499"},"modified":"2026-03-19T11:45:20","modified_gmt":"2026-03-19T10:45:20","slug":"mere-et-sa-fille-de-plougastel-elisabeth-sonrel","status":"publish","type":"product","link":"https:\/\/originalperros.com\/en\/product\/mere-et-sa-fille-de-plougastel-elisabeth-sonrel\/","title":{"rendered":"M\u00e8re et sa fille de Plougastel, \u00c9lisabeth Sonrel"},"content":{"rendered":"","protected":false},"excerpt":{"rendered":"<p><span class=\"x193iq5w xeuugli x13faqbe x1vvkbs xlh3980 xvmahel x1n0sxbx x1lliihq x1s928wv xhkezso x1gmr53x x1cpjm7i x1fgarty x1943h6x xudqn12 x3x7a5m x6prxxf xvq8zen xo1l8bm xzsf02u\" dir=\"auto\">\u00ab\u00a0M\u00e8re et sa fille de Plougastel\u00a0\u00bb, d&rsquo;Elisabeth Sonrel (1874-1953) <\/span><\/p>\n<p><span class=\"x193iq5w xeuugli x13faqbe x1vvkbs xlh3980 xvmahel x1n0sxbx x1lliihq x1s928wv xhkezso x1gmr53x x1cpjm7i x1fgarty x1943h6x xudqn12 x3x7a5m x6prxxf xvq8zen xo1l8bm xzsf02u\" dir=\"auto\">devant un paysage rocheux, souvent attribu\u00e9 \u00e0 la c\u00f4te nord-est de la presqu&rsquo;\u00eele de Plougastel. <br class=\"html-br\" \/><\/span><\/p>\n<p>Huile sur toile, sign\u00e9 \u00ab\u00a0E. Sonrel, 1904.\u00a0\u00bb<\/p>\n<p>L&rsquo;arri\u00e8re du ch\u00e2ssis est sign\u00e9 et porte le nom \u00ab Elisabeth Sonrel \u00bb.<\/p>\n<p>&nbsp;<\/p>\n<p>Format : 65 x 54 cm<\/p>\n<p><!--more--><\/p>\n<p>&nbsp;<\/p>\n<div class=\"wpcf7 no-js\" id=\"wpcf7-f4081-o1\" lang=\"en-US\" dir=\"ltr\" data-wpcf7-id=\"4081\">\n<div class=\"screen-reader-response\">\n<p role=\"status\" aria-live=\"polite\" aria-atomic=\"true\">\n<ul><\/ul>\n<\/div>\n<form action=\"\/en\/wp-json\/wp\/v2\/product\/7499#wpcf7-f4081-o1\" method=\"post\" class=\"wpcf7-form init\" aria-label=\"Contact form\" novalidate=\"novalidate\" data-status=\"init\" data-trp-original-action=\"\/en\/wp-json\/wp\/v2\/product\/7499#wpcf7-f4081-o1\">\n<fieldset class=\"hidden-fields-container\"><input type=\"hidden\" name=\"_wpcf7\" value=\"4081\" \/><input type=\"hidden\" name=\"_wpcf7_version\" value=\"6.1.1\" \/><input type=\"hidden\" name=\"_wpcf7_locale\" value=\"en_US\" \/><input type=\"hidden\" name=\"_wpcf7_unit_tag\" value=\"wpcf7-f4081-o1\" \/><input type=\"hidden\" name=\"_wpcf7_container_post\" value=\"0\" \/><input type=\"hidden\" name=\"_wpcf7_posted_data_hash\" value=\"\" \/><input type=\"hidden\" name=\"_wpcf7_recaptcha_response\" value=\"\" \/><br \/>\n<\/fieldset>\n<div class=\"ct-contact-form\">\n<span class=\"wpcf7-form-control-wrap\" data-name=\"text-833\"><input size=\"40\" maxlength=\"400\" class=\"wpcf7-form-control wpcf7-text wpcf7-validates-as-required theme-input\" aria-required=\"true\" aria-invalid=\"false\" placeholder=\"Your name*\" value=\"\" type=\"text\" name=\"text-833\" \/><\/span><br \/>\n<span class=\"wpcf7-form-control-wrap\" data-name=\"email-426\"><input size=\"40\" maxlength=\"400\" class=\"wpcf7-form-control wpcf7-email wpcf7-validates-as-required wpcf7-text wpcf7-validates-as-email theme-input\" aria-required=\"true\" aria-invalid=\"false\" placeholder=\"Your email*\" value=\"\" type=\"email\" name=\"email-426\" \/><\/span><br \/>\n<span class=\"wpcf7-form-control-wrap\" data-name=\"text-834\"><input size=\"40\" maxlength=\"400\" class=\"wpcf7-form-control wpcf7-text wpcf7-validates-as-required theme-input\" aria-required=\"true\" aria-invalid=\"false\" placeholder=\"Your phone*\" value=\"\" type=\"text\" name=\"text-834\" \/><\/span><br \/>\n<span class=\"wpcf7-form-control-wrap\" data-name=\"textarea-518\"><textarea cols=\"40\" rows=\"10\" maxlength=\"2000\" class=\"wpcf7-form-control wpcf7-textarea\" aria-invalid=\"false\" placeholder=\"Please write the details...\" name=\"textarea-518\"><\/textarea><\/span><br \/>\n<button type=\"submit\" class=\"wpcf7-form-control wpcf7-submit template-btn primary-btn\">Send<\/button>\n<\/div>\n<div class=\"wpcf7-response-output\" aria-hidden=\"true\"><\/div>\n<input type=\"hidden\" name=\"trp-form-language\" value=\"en\"\/><\/form>\n<\/div>\n<p>&nbsp;<\/p>","protected":false},"featured_media":7494,"template":"","meta":{"_acf_changed":false},"product_brand":[],"product_cat":[64,65],"product_tag":[],"class_list":{"0":"post-7499","1":"product","2":"type-product","3":"status-publish","4":"has-post-thumbnail","6":"product_cat-art-breton","7":"product_cat-peintures","9":"first","10":"instock","11":"shipping-taxable","12":"product-type-simple"},"acf":[],"yoast_head":"<!-- This site is optimized with the Yoast SEO plugin v25.7 - https:\/\/yoast.com\/wordpress\/plugins\/seo\/ -->\n<title>M\u00e8re et sa fille de Plougastel, \u00c9lisabeth Sonrel - Original Perros<\/title>\n<meta name=\"robots\" content=\"index, follow, max-snippet:-1, max-image-preview:large, max-video-preview:-1\" \/>\n<link rel=\"canonical\" href=\"https:\/\/originalperros.com\/en\/product\/mere-et-sa-fille-de-plougastel-elisabeth-sonrel\/\" \/>\n<meta property=\"og:locale\" content=\"en_US\" \/>\n<meta property=\"og:type\" content=\"article\" \/>\n<meta property=\"og:title\" content=\"M\u00e8re et sa fille de Plougastel, \u00c9lisabeth Sonrel - Original Perros\" \/>\n<meta property=\"og:description\" content=\"&quot;M\u00e8re et sa fille de Plougastel&quot;, d&#039;Elisabeth Sonrel (1874-1953)   devant un paysage rocheux, souvent attribu\u00e9 \u00e0 la c\u00f4te nord-est de la presqu&#039;\u00eele de Plougastel.   Huile sur toile, sign\u00e9 &quot;E. Sonrel, 1904.&quot;  L&#039;arri\u00e8re du ch\u00e2ssis est sign\u00e9 et porte le nom \u00ab Elisabeth Sonrel \u00bb.  &nbsp;  Format : 65 x 54 cm    &nbsp;    &nbsp;\" \/>\n<meta property=\"og:url\" content=\"https:\/\/originalperros.com\/en\/product\/mere-et-sa-fille-de-plougastel-elisabeth-sonrel\/\" \/>\n<meta property=\"og:site_name\" content=\"Original Perros\" \/>\n<meta property=\"article:modified_time\" content=\"2026-03-19T10:45:20+00:00\" \/>\n<meta property=\"og:image\" content=\"https:\/\/originalperros.com\/wp-content\/uploads\/2026\/03\/IMG_7937-Photoroom.jpg\" \/>\n\t<meta property=\"og:image:width\" content=\"1800\" \/>\n\t<meta property=\"og:image:height\" content=\"2400\" \/>\n\t<meta property=\"og:image:type\" content=\"image\/jpeg\" \/>\n<meta name=\"twitter:card\" content=\"summary_large_image\" \/>\n<meta name=\"twitter:label1\" content=\"Est. reading time\" \/>\n\t<meta name=\"twitter:data1\" content=\"1 minute\" \/>\n<script type=\"application\/ld+json\" class=\"yoast-schema-graph\">{\"@context\":\"https:\/\/schema.org\",\"@graph\":[{\"@type\":\"WebPage\",\"@id\":\"https:\/\/originalperros.com\/produit\/mere-et-sa-fille-de-plougastel-elisabeth-sonrel\/\",\"url\":\"https:\/\/originalperros.com\/produit\/mere-et-sa-fille-de-plougastel-elisabeth-sonrel\/\",\"name\":\"M\u00e8re et sa fille de Plougastel, \u00c9lisabeth Sonrel - Original Perros\",\"isPartOf\":{\"@id\":\"https:\/\/originalperros.com\/#website\"},\"primaryImageOfPage\":{\"@id\":\"https:\/\/originalperros.com\/produit\/mere-et-sa-fille-de-plougastel-elisabeth-sonrel\/#primaryimage\"},\"image\":{\"@id\":\"https:\/\/originalperros.com\/produit\/mere-et-sa-fille-de-plougastel-elisabeth-sonrel\/#primaryimage\"},\"thumbnailUrl\":\"https:\/\/originalperros.com\/wp-content\/uploads\/2026\/03\/IMG_7937-Photoroom.jpg\",\"datePublished\":\"2026-03-19T10:43:37+00:00\",\"dateModified\":\"2026-03-19T10:45:20+00:00\",\"breadcrumb\":{\"@id\":\"https:\/\/originalperros.com\/produit\/mere-et-sa-fille-de-plougastel-elisabeth-sonrel\/#breadcrumb\"},\"inLanguage\":\"en-US\",\"potentialAction\":[{\"@type\":\"ReadAction\",\"target\":[\"https:\/\/originalperros.com\/produit\/mere-et-sa-fille-de-plougastel-elisabeth-sonrel\/\"]}]},{\"@type\":\"ImageObject\",\"inLanguage\":\"en-US\",\"@id\":\"https:\/\/originalperros.com\/produit\/mere-et-sa-fille-de-plougastel-elisabeth-sonrel\/#primaryimage\",\"url\":\"https:\/\/originalperros.com\/wp-content\/uploads\/2026\/03\/IMG_7937-Photoroom.jpg\",\"contentUrl\":\"https:\/\/originalperros.com\/wp-content\/uploads\/2026\/03\/IMG_7937-Photoroom.jpg\",\"width\":1800,\"height\":2400},{\"@type\":\"BreadcrumbList\",\"@id\":\"https:\/\/originalperros.com\/produit\/mere-et-sa-fille-de-plougastel-elisabeth-sonrel\/#breadcrumb\",\"itemListElement\":[{\"@type\":\"ListItem\",\"position\":1,\"name\":\"Home\",\"item\":\"https:\/\/originalperros.com\/\"},{\"@type\":\"ListItem\",\"position\":2,\"name\":\"Produits\",\"item\":\"https:\/\/originalperros.com\/produits\/\"},{\"@type\":\"ListItem\",\"position\":3,\"name\":\"M\u00e8re et sa fille de Plougastel, \u00c9lisabeth Sonrel\"}]},{\"@type\":\"WebSite\",\"@id\":\"https:\/\/originalperros.com\/#website\",\"url\":\"https:\/\/originalperros.com\/\",\"name\":\"Original Perros\",\"description\":\"\",\"potentialAction\":[{\"@type\":\"SearchAction\",\"target\":{\"@type\":\"EntryPoint\",\"urlTemplate\":\"https:\/\/originalperros.com\/?s={search_term_string}\"},\"query-input\":{\"@type\":\"PropertyValueSpecification\",\"valueRequired\":true,\"valueName\":\"search_term_string\"}}],\"inLanguage\":\"en-US\"}]}<\/script>\n<!-- \/ Yoast SEO plugin. -->","yoast_head_json":{"title":"M\u00e8re et sa fille de Plougastel, \u00c9lisabeth Sonrel - Original Perros","robots":{"index":"index","follow":"follow","max-snippet":"max-snippet:-1","max-image-preview":"max-image-preview:large","max-video-preview":"max-video-preview:-1"},"canonical":"https:\/\/originalperros.com\/en\/product\/mere-et-sa-fille-de-plougastel-elisabeth-sonrel\/","og_locale":"en_US","og_type":"article","og_title":"M\u00e8re et sa fille de Plougastel, \u00c9lisabeth Sonrel - Original Perros","og_description":"\"M\u00e8re et sa fille de Plougastel\", d'Elisabeth Sonrel (1874-1953)   devant un paysage rocheux, souvent attribu\u00e9 \u00e0 la c\u00f4te nord-est de la presqu'\u00eele de Plougastel.   Huile sur toile, sign\u00e9 \"E. Sonrel, 1904.\"  L'arri\u00e8re du ch\u00e2ssis est sign\u00e9 et porte le nom \u00ab Elisabeth Sonrel \u00bb.  &nbsp;  Format : 65 x 54 cm    &nbsp;    &nbsp;","og_url":"https:\/\/originalperros.com\/en\/product\/mere-et-sa-fille-de-plougastel-elisabeth-sonrel\/","og_site_name":"Original Perros","article_modified_time":"2026-03-19T10:45:20+00:00","og_image":[{"width":1800,"height":2400,"url":"https:\/\/originalperros.com\/wp-content\/uploads\/2026\/03\/IMG_7937-Photoroom.jpg","type":"image\/jpeg"}],"twitter_card":"summary_large_image","twitter_misc":{"Est. reading time":"1 minute"},"schema":{"@context":"https:\/\/schema.org","@graph":[{"@type":"WebPage","@id":"https:\/\/originalperros.com\/produit\/mere-et-sa-fille-de-plougastel-elisabeth-sonrel\/","url":"https:\/\/originalperros.com\/produit\/mere-et-sa-fille-de-plougastel-elisabeth-sonrel\/","name":"M\u00e8re et sa fille de Plougastel, \u00c9lisabeth Sonrel - Original Perros","isPartOf":{"@id":"https:\/\/originalperros.com\/#website"},"primaryImageOfPage":{"@id":"https:\/\/originalperros.com\/produit\/mere-et-sa-fille-de-plougastel-elisabeth-sonrel\/#primaryimage"},"image":{"@id":"https:\/\/originalperros.com\/produit\/mere-et-sa-fille-de-plougastel-elisabeth-sonrel\/#primaryimage"},"thumbnailUrl":"https:\/\/originalperros.com\/wp-content\/uploads\/2026\/03\/IMG_7937-Photoroom.jpg","datePublished":"2026-03-19T10:43:37+00:00","dateModified":"2026-03-19T10:45:20+00:00","breadcrumb":{"@id":"https:\/\/originalperros.com\/produit\/mere-et-sa-fille-de-plougastel-elisabeth-sonrel\/#breadcrumb"},"inLanguage":"en-US","potentialAction":[{"@type":"ReadAction","target":["https:\/\/originalperros.com\/produit\/mere-et-sa-fille-de-plougastel-elisabeth-sonrel\/"]}]},{"@type":"ImageObject","inLanguage":"en-US","@id":"https:\/\/originalperros.com\/produit\/mere-et-sa-fille-de-plougastel-elisabeth-sonrel\/#primaryimage","url":"https:\/\/originalperros.com\/wp-content\/uploads\/2026\/03\/IMG_7937-Photoroom.jpg","contentUrl":"https:\/\/originalperros.com\/wp-content\/uploads\/2026\/03\/IMG_7937-Photoroom.jpg","width":1800,"height":2400},{"@type":"BreadcrumbList","@id":"https:\/\/originalperros.com\/produit\/mere-et-sa-fille-de-plougastel-elisabeth-sonrel\/#breadcrumb","itemListElement":[{"@type":"ListItem","position":1,"name":"Home","item":"https:\/\/originalperros.com\/"},{"@type":"ListItem","position":2,"name":"Produits","item":"https:\/\/originalperros.com\/produits\/"},{"@type":"ListItem","position":3,"name":"M\u00e8re et sa fille de Plougastel, \u00c9lisabeth Sonrel"}]},{"@type":"WebSite","@id":"https:\/\/originalperros.com\/#website","url":"https:\/\/originalperros.com\/","name":"Original Perros","description":"","potentialAction":[{"@type":"SearchAction","target":{"@type":"EntryPoint","urlTemplate":"https:\/\/originalperros.com\/?s={search_term_string}"},"query-input":{"@type":"PropertyValueSpecification","valueRequired":true,"valueName":"search_term_string"}}],"inLanguage":"en-US"}]}},"_links":{"self":[{"href":"https:\/\/originalperros.com\/en\/wp-json\/wp\/v2\/product\/7499","targetHints":{"allow":["GET"]}}],"collection":[{"href":"https:\/\/originalperros.com\/en\/wp-json\/wp\/v2\/product"}],"about":[{"href":"https:\/\/originalperros.com\/en\/wp-json\/wp\/v2\/types\/product"}],"wp:featuredmedia":[{"embeddable":true,"href":"https:\/\/originalperros.com\/en\/wp-json\/wp\/v2\/media\/7494"}],"wp:attachment":[{"href":"https:\/\/originalperros.com\/en\/wp-json\/wp\/v2\/media?parent=7499"}],"wp:term":[{"taxonomy":"product_brand","embeddable":true,"href":"https:\/\/originalperros.com\/en\/wp-json\/wp\/v2\/product_brand?post=7499"},{"taxonomy":"product_cat","embeddable":true,"href":"https:\/\/originalperros.com\/en\/wp-json\/wp\/v2\/product_cat?post=7499"},{"taxonomy":"product_tag","embeddable":true,"href":"https:\/\/originalperros.com\/en\/wp-json\/wp\/v2\/product_tag?post=7499"}],"curies":[{"name":"wp","href":"https:\/\/api.w.org\/{rel}","templated":true}]}}