{"id":7540,"date":"2026-03-30T13:32:54","date_gmt":"2026-03-30T11:32:54","guid":{"rendered":"https:\/\/originalperros.com\/?post_type=product&#038;p=7540"},"modified":"2026-03-30T13:58:47","modified_gmt":"2026-03-30T11:58:47","slug":"abstract-relief-par-gunther-gerzso","status":"publish","type":"product","link":"https:\/\/originalperros.com\/en\/product\/abstract-relief-par-gunther-gerzso\/","title":{"rendered":"Abstract reli\u00ebf par Gunther Gerzso"},"content":{"rendered":"","protected":false},"excerpt":{"rendered":"<p>Cette pi\u00e8ce est coul\u00e9e dans une sorte de pierre ou de r\u00e9sine granuleuse, puis patin\u00e9e avec une peinture m\u00e9tallis\u00e9e.<\/p>\n<p>Vers 1970s par Gunther Gerzso (1915\u20132000), Mexico.<\/p>\n<p>Gunther Gerzso est n\u00e9 le 17 juin 1915 \u00e0 Mexico, en pleine r\u00e9volution. Ses parents \u00e9taient Oscar Gerzso, un immigrant hongrois, et Dore Wendland, d&rsquo;origine allemande.<\/p>\n<p>https:\/\/fr.wikipedia.org\/wiki\/Gunther_Gerzso<\/p>\n<p>&nbsp;<\/p>\n<p>33 x 66 cm<\/p>\n<p>&nbsp;<\/p>\n<p><!--more--><\/p>\n<p>&nbsp;<\/p>\n<div class=\"wpcf7 no-js\" id=\"wpcf7-f4081-o1\" lang=\"en-US\" dir=\"ltr\" data-wpcf7-id=\"4081\">\n<div class=\"screen-reader-response\">\n<p role=\"status\" aria-live=\"polite\" aria-atomic=\"true\">\n<ul><\/ul>\n<\/div>\n<form action=\"\/en\/wp-json\/wp\/v2\/product\/7540#wpcf7-f4081-o1\" method=\"post\" class=\"wpcf7-form init\" aria-label=\"Contact form\" novalidate=\"novalidate\" data-status=\"init\" data-trp-original-action=\"\/en\/wp-json\/wp\/v2\/product\/7540#wpcf7-f4081-o1\">\n<fieldset class=\"hidden-fields-container\"><input type=\"hidden\" name=\"_wpcf7\" value=\"4081\" \/><input type=\"hidden\" name=\"_wpcf7_version\" value=\"6.1.1\" \/><input type=\"hidden\" name=\"_wpcf7_locale\" value=\"en_US\" \/><input type=\"hidden\" name=\"_wpcf7_unit_tag\" value=\"wpcf7-f4081-o1\" \/><input type=\"hidden\" name=\"_wpcf7_container_post\" value=\"0\" \/><input type=\"hidden\" name=\"_wpcf7_posted_data_hash\" value=\"\" \/><input type=\"hidden\" name=\"_wpcf7_recaptcha_response\" value=\"\" \/><br \/>\n<\/fieldset>\n<div class=\"ct-contact-form\">\n<span class=\"wpcf7-form-control-wrap\" data-name=\"text-833\"><input size=\"40\" maxlength=\"400\" class=\"wpcf7-form-control wpcf7-text wpcf7-validates-as-required theme-input\" aria-required=\"true\" aria-invalid=\"false\" placeholder=\"Your name*\" value=\"\" type=\"text\" name=\"text-833\" \/><\/span><br \/>\n<span class=\"wpcf7-form-control-wrap\" data-name=\"email-426\"><input size=\"40\" maxlength=\"400\" class=\"wpcf7-form-control wpcf7-email wpcf7-validates-as-required wpcf7-text wpcf7-validates-as-email theme-input\" aria-required=\"true\" aria-invalid=\"false\" placeholder=\"Your email*\" value=\"\" type=\"email\" name=\"email-426\" \/><\/span><br \/>\n<span class=\"wpcf7-form-control-wrap\" data-name=\"text-834\"><input size=\"40\" maxlength=\"400\" class=\"wpcf7-form-control wpcf7-text wpcf7-validates-as-required theme-input\" aria-required=\"true\" aria-invalid=\"false\" placeholder=\"Your phone*\" value=\"\" type=\"text\" name=\"text-834\" \/><\/span><br \/>\n<span class=\"wpcf7-form-control-wrap\" data-name=\"textarea-518\"><textarea cols=\"40\" rows=\"10\" maxlength=\"2000\" class=\"wpcf7-form-control wpcf7-textarea\" aria-invalid=\"false\" placeholder=\"Please write the details...\" name=\"textarea-518\"><\/textarea><\/span><br \/>\n<button type=\"submit\" class=\"wpcf7-form-control wpcf7-submit template-btn primary-btn\">Send<\/button>\n<\/div>\n<div class=\"wpcf7-response-output\" aria-hidden=\"true\"><\/div>\n<input type=\"hidden\" name=\"trp-form-language\" value=\"en\"\/><\/form>\n<\/div>\n<p>&nbsp;<\/p>\n<p>&nbsp;<\/p>","protected":false},"featured_media":7541,"template":"","meta":{"_acf_changed":false},"product_brand":[],"product_cat":[77],"product_tag":[],"class_list":{"0":"post-7540","1":"product","2":"type-product","3":"status-publish","4":"has-post-thumbnail","6":"product_cat-sculptures","8":"first","9":"instock","10":"shipping-taxable","11":"product-type-simple"},"acf":[],"yoast_head":"<!-- This site is optimized with the Yoast SEO plugin v25.7 - https:\/\/yoast.com\/wordpress\/plugins\/seo\/ -->\n<title>Abstract reli\u00ebf par Gunther Gerzso - Original Perros<\/title>\n<meta name=\"robots\" content=\"index, follow, max-snippet:-1, max-image-preview:large, max-video-preview:-1\" \/>\n<link rel=\"canonical\" href=\"https:\/\/originalperros.com\/en\/product\/abstract-relief-par-gunther-gerzso\/\" \/>\n<meta property=\"og:locale\" content=\"en_US\" \/>\n<meta property=\"og:type\" content=\"article\" \/>\n<meta property=\"og:title\" content=\"Abstract reli\u00ebf par Gunther Gerzso - Original Perros\" \/>\n<meta property=\"og:description\" content=\"Cette pi\u00e8ce est coul\u00e9e dans une sorte de pierre ou de r\u00e9sine granuleuse, puis patin\u00e9e avec une peinture m\u00e9tallis\u00e9e.  Vers 1970s par Gunther Gerzso (1915\u20132000), Mexico.  Gunther Gerzso est n\u00e9 le 17 juin 1915 \u00e0 Mexico, en pleine r\u00e9volution. Ses parents \u00e9taient Oscar Gerzso, un immigrant hongrois, et Dore Wendland, d&#039;origine allemande.  https:\/\/fr.wikipedia.org\/wiki\/Gunther_Gerzso  &nbsp;  33 x 66 cm  &nbsp;    &nbsp;    &nbsp;  &nbsp;\" \/>\n<meta property=\"og:url\" content=\"https:\/\/originalperros.com\/en\/product\/abstract-relief-par-gunther-gerzso\/\" \/>\n<meta property=\"og:site_name\" content=\"Original Perros\" \/>\n<meta property=\"article:modified_time\" content=\"2026-03-30T11:58:47+00:00\" \/>\n<meta property=\"og:image\" content=\"https:\/\/originalperros.com\/wp-content\/uploads\/2026\/03\/Photoroom_20260330_135200.jpg\" \/>\n\t<meta property=\"og:image:width\" content=\"768\" \/>\n\t<meta property=\"og:image:height\" content=\"1344\" \/>\n\t<meta property=\"og:image:type\" content=\"image\/jpeg\" \/>\n<meta name=\"twitter:card\" content=\"summary_large_image\" \/>\n<meta name=\"twitter:label1\" content=\"Est. reading time\" \/>\n\t<meta name=\"twitter:data1\" content=\"1 minute\" \/>\n<script type=\"application\/ld+json\" class=\"yoast-schema-graph\">{\"@context\":\"https:\/\/schema.org\",\"@graph\":[{\"@type\":\"WebPage\",\"@id\":\"https:\/\/originalperros.com\/produit\/abstract-relief-par-gunther-gerzso\/\",\"url\":\"https:\/\/originalperros.com\/produit\/abstract-relief-par-gunther-gerzso\/\",\"name\":\"Abstract reli\u00ebf par Gunther Gerzso - Original Perros\",\"isPartOf\":{\"@id\":\"https:\/\/originalperros.com\/#website\"},\"primaryImageOfPage\":{\"@id\":\"https:\/\/originalperros.com\/produit\/abstract-relief-par-gunther-gerzso\/#primaryimage\"},\"image\":{\"@id\":\"https:\/\/originalperros.com\/produit\/abstract-relief-par-gunther-gerzso\/#primaryimage\"},\"thumbnailUrl\":\"https:\/\/originalperros.com\/wp-content\/uploads\/2026\/03\/Photoroom_20260330_135200.jpg\",\"datePublished\":\"2026-03-30T11:32:54+00:00\",\"dateModified\":\"2026-03-30T11:58:47+00:00\",\"breadcrumb\":{\"@id\":\"https:\/\/originalperros.com\/produit\/abstract-relief-par-gunther-gerzso\/#breadcrumb\"},\"inLanguage\":\"en-US\",\"potentialAction\":[{\"@type\":\"ReadAction\",\"target\":[\"https:\/\/originalperros.com\/produit\/abstract-relief-par-gunther-gerzso\/\"]}]},{\"@type\":\"ImageObject\",\"inLanguage\":\"en-US\",\"@id\":\"https:\/\/originalperros.com\/produit\/abstract-relief-par-gunther-gerzso\/#primaryimage\",\"url\":\"https:\/\/originalperros.com\/wp-content\/uploads\/2026\/03\/Photoroom_20260330_135200.jpg\",\"contentUrl\":\"https:\/\/originalperros.com\/wp-content\/uploads\/2026\/03\/Photoroom_20260330_135200.jpg\",\"width\":768,\"height\":1344},{\"@type\":\"BreadcrumbList\",\"@id\":\"https:\/\/originalperros.com\/produit\/abstract-relief-par-gunther-gerzso\/#breadcrumb\",\"itemListElement\":[{\"@type\":\"ListItem\",\"position\":1,\"name\":\"Home\",\"item\":\"https:\/\/originalperros.com\/\"},{\"@type\":\"ListItem\",\"position\":2,\"name\":\"Produits\",\"item\":\"https:\/\/originalperros.com\/produits\/\"},{\"@type\":\"ListItem\",\"position\":3,\"name\":\"Abstract reli\u00ebf par Gunther Gerzso\"}]},{\"@type\":\"WebSite\",\"@id\":\"https:\/\/originalperros.com\/#website\",\"url\":\"https:\/\/originalperros.com\/\",\"name\":\"Original Perros\",\"description\":\"\",\"potentialAction\":[{\"@type\":\"SearchAction\",\"target\":{\"@type\":\"EntryPoint\",\"urlTemplate\":\"https:\/\/originalperros.com\/?s={search_term_string}\"},\"query-input\":{\"@type\":\"PropertyValueSpecification\",\"valueRequired\":true,\"valueName\":\"search_term_string\"}}],\"inLanguage\":\"en-US\"}]}<\/script>\n<!-- \/ Yoast SEO plugin. -->","yoast_head_json":{"title":"Abstract reli\u00ebf par Gunther Gerzso - Original Perros","robots":{"index":"index","follow":"follow","max-snippet":"max-snippet:-1","max-image-preview":"max-image-preview:large","max-video-preview":"max-video-preview:-1"},"canonical":"https:\/\/originalperros.com\/en\/product\/abstract-relief-par-gunther-gerzso\/","og_locale":"en_US","og_type":"article","og_title":"Abstract reli\u00ebf par Gunther Gerzso - Original Perros","og_description":"Cette pi\u00e8ce est coul\u00e9e dans une sorte de pierre ou de r\u00e9sine granuleuse, puis patin\u00e9e avec une peinture m\u00e9tallis\u00e9e.  Vers 1970s par Gunther Gerzso (1915\u20132000), Mexico.  Gunther Gerzso est n\u00e9 le 17 juin 1915 \u00e0 Mexico, en pleine r\u00e9volution. Ses parents \u00e9taient Oscar Gerzso, un immigrant hongrois, et Dore Wendland, d'origine allemande.  https:\/\/fr.wikipedia.org\/wiki\/Gunther_Gerzso  &nbsp;  33 x 66 cm  &nbsp;    &nbsp;    &nbsp;  &nbsp;","og_url":"https:\/\/originalperros.com\/en\/product\/abstract-relief-par-gunther-gerzso\/","og_site_name":"Original Perros","article_modified_time":"2026-03-30T11:58:47+00:00","og_image":[{"width":768,"height":1344,"url":"https:\/\/originalperros.com\/wp-content\/uploads\/2026\/03\/Photoroom_20260330_135200.jpg","type":"image\/jpeg"}],"twitter_card":"summary_large_image","twitter_misc":{"Est. reading time":"1 minute"},"schema":{"@context":"https:\/\/schema.org","@graph":[{"@type":"WebPage","@id":"https:\/\/originalperros.com\/produit\/abstract-relief-par-gunther-gerzso\/","url":"https:\/\/originalperros.com\/produit\/abstract-relief-par-gunther-gerzso\/","name":"Abstract reli\u00ebf par Gunther Gerzso - Original Perros","isPartOf":{"@id":"https:\/\/originalperros.com\/#website"},"primaryImageOfPage":{"@id":"https:\/\/originalperros.com\/produit\/abstract-relief-par-gunther-gerzso\/#primaryimage"},"image":{"@id":"https:\/\/originalperros.com\/produit\/abstract-relief-par-gunther-gerzso\/#primaryimage"},"thumbnailUrl":"https:\/\/originalperros.com\/wp-content\/uploads\/2026\/03\/Photoroom_20260330_135200.jpg","datePublished":"2026-03-30T11:32:54+00:00","dateModified":"2026-03-30T11:58:47+00:00","breadcrumb":{"@id":"https:\/\/originalperros.com\/produit\/abstract-relief-par-gunther-gerzso\/#breadcrumb"},"inLanguage":"en-US","potentialAction":[{"@type":"ReadAction","target":["https:\/\/originalperros.com\/produit\/abstract-relief-par-gunther-gerzso\/"]}]},{"@type":"ImageObject","inLanguage":"en-US","@id":"https:\/\/originalperros.com\/produit\/abstract-relief-par-gunther-gerzso\/#primaryimage","url":"https:\/\/originalperros.com\/wp-content\/uploads\/2026\/03\/Photoroom_20260330_135200.jpg","contentUrl":"https:\/\/originalperros.com\/wp-content\/uploads\/2026\/03\/Photoroom_20260330_135200.jpg","width":768,"height":1344},{"@type":"BreadcrumbList","@id":"https:\/\/originalperros.com\/produit\/abstract-relief-par-gunther-gerzso\/#breadcrumb","itemListElement":[{"@type":"ListItem","position":1,"name":"Home","item":"https:\/\/originalperros.com\/"},{"@type":"ListItem","position":2,"name":"Produits","item":"https:\/\/originalperros.com\/produits\/"},{"@type":"ListItem","position":3,"name":"Abstract reli\u00ebf par Gunther Gerzso"}]},{"@type":"WebSite","@id":"https:\/\/originalperros.com\/#website","url":"https:\/\/originalperros.com\/","name":"Original Perros","description":"","potentialAction":[{"@type":"SearchAction","target":{"@type":"EntryPoint","urlTemplate":"https:\/\/originalperros.com\/?s={search_term_string}"},"query-input":{"@type":"PropertyValueSpecification","valueRequired":true,"valueName":"search_term_string"}}],"inLanguage":"en-US"}]}},"_links":{"self":[{"href":"https:\/\/originalperros.com\/en\/wp-json\/wp\/v2\/product\/7540","targetHints":{"allow":["GET"]}}],"collection":[{"href":"https:\/\/originalperros.com\/en\/wp-json\/wp\/v2\/product"}],"about":[{"href":"https:\/\/originalperros.com\/en\/wp-json\/wp\/v2\/types\/product"}],"wp:featuredmedia":[{"embeddable":true,"href":"https:\/\/originalperros.com\/en\/wp-json\/wp\/v2\/media\/7541"}],"wp:attachment":[{"href":"https:\/\/originalperros.com\/en\/wp-json\/wp\/v2\/media?parent=7540"}],"wp:term":[{"taxonomy":"product_brand","embeddable":true,"href":"https:\/\/originalperros.com\/en\/wp-json\/wp\/v2\/product_brand?post=7540"},{"taxonomy":"product_cat","embeddable":true,"href":"https:\/\/originalperros.com\/en\/wp-json\/wp\/v2\/product_cat?post=7540"},{"taxonomy":"product_tag","embeddable":true,"href":"https:\/\/originalperros.com\/en\/wp-json\/wp\/v2\/product_tag?post=7540"}],"curies":[{"name":"wp","href":"https:\/\/api.w.org\/{rel}","templated":true}]}}