{"id":7550,"date":"2026-04-07T15:54:38","date_gmt":"2026-04-07T13:54:38","guid":{"rendered":"https:\/\/originalperros.com\/?post_type=product&#038;p=7550"},"modified":"2026-04-07T16:27:41","modified_gmt":"2026-04-07T14:27:41","slug":"lampe-keraluc-antoine-lucas","status":"publish","type":"product","link":"https:\/\/originalperros.com\/en\/product\/lampe-keraluc-antoine-lucas\/","title":{"rendered":"Lampe Keraluc, Antoine LUCAS"},"content":{"rendered":"","protected":false},"excerpt":{"rendered":"<p id=\"_3QrVac_UDeqSkdUP4eOd4QE_44\" class=\"LC20lb MBeuO DKV0Md\"><span class=\"whitespace-pre-line\">Lampe en c\u00e9ramique gr\u00e9s<\/span><\/p>\n<p class=\"LC20lb MBeuO DKV0Md\"><span class=\"whitespace-pre-line\"> sign\u00e9 Lucas Antoine pour Keraluc<\/span> 1946-1984.<\/p>\n<p>Vers. 1970s<\/p>\n<p>&nbsp;<\/p>\n<p>H. 54cm<\/p>\n<p>&nbsp;<\/p>\n<p><!--more--><\/p>\n<p>&nbsp;<\/p>\n<div class=\"wpcf7 no-js\" id=\"wpcf7-f4081-o1\" lang=\"en-US\" dir=\"ltr\" data-wpcf7-id=\"4081\">\n<div class=\"screen-reader-response\">\n<p role=\"status\" aria-live=\"polite\" aria-atomic=\"true\">\n<ul><\/ul>\n<\/div>\n<form action=\"\/en\/wp-json\/wp\/v2\/product\/7550#wpcf7-f4081-o1\" method=\"post\" class=\"wpcf7-form init\" aria-label=\"Contact form\" novalidate=\"novalidate\" data-status=\"init\" data-trp-original-action=\"\/en\/wp-json\/wp\/v2\/product\/7550#wpcf7-f4081-o1\">\n<fieldset class=\"hidden-fields-container\"><input type=\"hidden\" name=\"_wpcf7\" value=\"4081\" \/><input type=\"hidden\" name=\"_wpcf7_version\" value=\"6.1.1\" \/><input type=\"hidden\" name=\"_wpcf7_locale\" value=\"en_US\" \/><input type=\"hidden\" name=\"_wpcf7_unit_tag\" value=\"wpcf7-f4081-o1\" \/><input type=\"hidden\" name=\"_wpcf7_container_post\" value=\"0\" \/><input type=\"hidden\" name=\"_wpcf7_posted_data_hash\" value=\"\" \/><input type=\"hidden\" name=\"_wpcf7_recaptcha_response\" value=\"\" \/><br \/>\n<\/fieldset>\n<div class=\"ct-contact-form\">\n<span class=\"wpcf7-form-control-wrap\" data-name=\"text-833\"><input size=\"40\" maxlength=\"400\" class=\"wpcf7-form-control wpcf7-text wpcf7-validates-as-required theme-input\" aria-required=\"true\" aria-invalid=\"false\" placeholder=\"Your name*\" value=\"\" type=\"text\" name=\"text-833\" \/><\/span><br \/>\n<span class=\"wpcf7-form-control-wrap\" data-name=\"email-426\"><input size=\"40\" maxlength=\"400\" class=\"wpcf7-form-control wpcf7-email wpcf7-validates-as-required wpcf7-text wpcf7-validates-as-email theme-input\" aria-required=\"true\" aria-invalid=\"false\" placeholder=\"Your email*\" value=\"\" type=\"email\" name=\"email-426\" \/><\/span><br \/>\n<span class=\"wpcf7-form-control-wrap\" data-name=\"text-834\"><input size=\"40\" maxlength=\"400\" class=\"wpcf7-form-control wpcf7-text wpcf7-validates-as-required theme-input\" aria-required=\"true\" aria-invalid=\"false\" placeholder=\"Your phone*\" value=\"\" type=\"text\" name=\"text-834\" \/><\/span><br \/>\n<span class=\"wpcf7-form-control-wrap\" data-name=\"textarea-518\"><textarea cols=\"40\" rows=\"10\" maxlength=\"2000\" class=\"wpcf7-form-control wpcf7-textarea\" aria-invalid=\"false\" placeholder=\"Please write the details...\" name=\"textarea-518\"><\/textarea><\/span><br \/>\n<button type=\"submit\" class=\"wpcf7-form-control wpcf7-submit template-btn primary-btn\">Send<\/button>\n<\/div>\n<div class=\"wpcf7-response-output\" aria-hidden=\"true\"><\/div>\n<input type=\"hidden\" name=\"trp-form-language\" value=\"en\"\/><\/form>\n<\/div>\n<p><span class=\"V9tjod\"><a class=\"zReHs\" href=\"https:\/\/www.keraluc.com\/LUCAS-Antoine\" data-ved=\"2ahUKEwiPt5io8NuTAxVqSaQEHeFxJxwQFnoECBwQAQ\" data-sb=\"\/url?sa=t&amp;source=web&amp;rct=j&amp;opi=89978449&amp;url=https:\/\/www.keraluc.com\/LUCAS-Antoine&amp;ved=2ahUKEwiPt5io8NuTAxVqSaQEHeFxJxwQFnoECBwQAQ&amp;usg=AOvVaw05bDPH8MulLxn3jD4oajI-\">\u00a0<\/a><\/span><\/p>\n<div class=\"notranslate ESMNde HGLrXd ojE3Fb\">\n<div class=\"q0vns\">\n<div class=\"eqA2re UnOTSe Vwoesf\" aria-hidden=\"true\"><img decoding=\"async\" class=\"XNo5Ab\" src=\"data:image\/png;base64,iVBORw0KGgoAAAANSUhEUgAAABwAAAAcCAAAAABXZoBIAAAB0UlEQVR4AV3SgcYlIRQH8H2ffYQF7EPsIyxgAAMBBgQDxIAQhEAI4UA4IBwgBoQDIIKA7s6d\/e5ed4Pk1z91Ot8en2OO+V68cPbWxjX33D7xtqB1vlJs6Y7O+UbmYE2k8ejJt9fBb4QEmDtV8sxQ55gvnL2AsdKm6gOaWLaY7XjMJ87WUlmT\/\/3D8mGdslKYdcnjTo6gUX7\/ZVAtYtFiNUKqbdH9xhYdyZ9au22TQoplE+LYZZo3jhJr0qcNJmEwWkqViEr\/utAI1HVvED0mD\/HIA2A8Xkita67aKjB7zKE1qb5wMrcZ1pT8tlpcNcA4xfHC4inpVZl9cWPq3QUAGZj7\/c67OFZAOiqYyiX4XQav8hNbQjSHFQYNLEjZO6sleEtPZE9BaW1d9kFDRQCMpjhP48KRstfZ41mTDpBLQXDeGLixJQo6IxQmBckDemv9Hgtfx05KCEciDCHqfh4xg9c2VG5zXoggheMCQCkx1UzVu1DO+1d6rdsOSKUUJ9qsFikEj39xNlZbfQY5WZ6k9Z4rlj6\/autt5lqZ8aCKxsZr1f61SWtnArySBziloJ7nZe8GGwWxcj6KXwyNMT77djRuXEOq1Mb\/rXlvmLP3C97jDyIrhVktTUxNAAAAAElFTkSuQmCC\" alt=\"\" data-csiid=\"3QrVac_UDeqSkdUP4eOd4QE_15\" data-atf=\"1\" data-iml=\"1775569744715\" \/><\/div>\n<\/div>\n<\/div>","protected":false},"featured_media":7549,"template":"","meta":{"_acf_changed":false},"product_brand":[],"product_cat":[58,60],"product_tag":[],"class_list":{"0":"post-7550","1":"product","2":"type-product","3":"status-publish","4":"has-post-thumbnail","6":"product_cat-ceramiques","7":"product_cat-luminaire","9":"first","10":"instock","11":"shipping-taxable","12":"product-type-simple"},"acf":[],"yoast_head":"<!-- This site is optimized with the Yoast SEO plugin v25.7 - https:\/\/yoast.com\/wordpress\/plugins\/seo\/ -->\n<title>Lampe Keraluc, Antoine LUCAS - Original Perros<\/title>\n<meta name=\"robots\" content=\"index, follow, max-snippet:-1, max-image-preview:large, max-video-preview:-1\" \/>\n<link rel=\"canonical\" href=\"https:\/\/originalperros.com\/en\/product\/lampe-keraluc-antoine-lucas\/\" \/>\n<meta property=\"og:locale\" content=\"en_US\" \/>\n<meta property=\"og:type\" content=\"article\" \/>\n<meta property=\"og:title\" content=\"Lampe Keraluc, Antoine LUCAS - Original Perros\" \/>\n<meta property=\"og:description\" content=\"Lampe en c\u00e9ramique gr\u00e9s  sign\u00e9 Lucas Antoine pour Keraluc 1946-1984. Vers. 1970s  &nbsp;  H. 54cm  &nbsp;    &nbsp;    \u00a0\" \/>\n<meta property=\"og:url\" content=\"https:\/\/originalperros.com\/en\/product\/lampe-keraluc-antoine-lucas\/\" \/>\n<meta property=\"og:site_name\" content=\"Original Perros\" \/>\n<meta property=\"article:modified_time\" content=\"2026-04-07T14:27:41+00:00\" \/>\n<meta property=\"og:image\" content=\"https:\/\/originalperros.com\/wp-content\/uploads\/2026\/04\/Photoroom_20260407_144709.jpg\" \/>\n\t<meta property=\"og:image:width\" content=\"1024\" \/>\n\t<meta property=\"og:image:height\" content=\"1024\" \/>\n\t<meta property=\"og:image:type\" content=\"image\/jpeg\" \/>\n<meta name=\"twitter:card\" content=\"summary_large_image\" \/>\n<meta name=\"twitter:label1\" content=\"Est. reading time\" \/>\n\t<meta name=\"twitter:data1\" content=\"1 minute\" \/>\n<script type=\"application\/ld+json\" class=\"yoast-schema-graph\">{\"@context\":\"https:\/\/schema.org\",\"@graph\":[{\"@type\":\"WebPage\",\"@id\":\"https:\/\/originalperros.com\/produit\/lampe-keraluc-antoine-lucas\/\",\"url\":\"https:\/\/originalperros.com\/produit\/lampe-keraluc-antoine-lucas\/\",\"name\":\"Lampe Keraluc, Antoine LUCAS - Original Perros\",\"isPartOf\":{\"@id\":\"https:\/\/originalperros.com\/#website\"},\"primaryImageOfPage\":{\"@id\":\"https:\/\/originalperros.com\/produit\/lampe-keraluc-antoine-lucas\/#primaryimage\"},\"image\":{\"@id\":\"https:\/\/originalperros.com\/produit\/lampe-keraluc-antoine-lucas\/#primaryimage\"},\"thumbnailUrl\":\"https:\/\/originalperros.com\/wp-content\/uploads\/2026\/04\/Photoroom_20260407_144709.jpg\",\"datePublished\":\"2026-04-07T13:54:38+00:00\",\"dateModified\":\"2026-04-07T14:27:41+00:00\",\"breadcrumb\":{\"@id\":\"https:\/\/originalperros.com\/produit\/lampe-keraluc-antoine-lucas\/#breadcrumb\"},\"inLanguage\":\"en-US\",\"potentialAction\":[{\"@type\":\"ReadAction\",\"target\":[\"https:\/\/originalperros.com\/produit\/lampe-keraluc-antoine-lucas\/\"]}]},{\"@type\":\"ImageObject\",\"inLanguage\":\"en-US\",\"@id\":\"https:\/\/originalperros.com\/produit\/lampe-keraluc-antoine-lucas\/#primaryimage\",\"url\":\"https:\/\/originalperros.com\/wp-content\/uploads\/2026\/04\/Photoroom_20260407_144709.jpg\",\"contentUrl\":\"https:\/\/originalperros.com\/wp-content\/uploads\/2026\/04\/Photoroom_20260407_144709.jpg\",\"width\":1024,\"height\":1024},{\"@type\":\"BreadcrumbList\",\"@id\":\"https:\/\/originalperros.com\/produit\/lampe-keraluc-antoine-lucas\/#breadcrumb\",\"itemListElement\":[{\"@type\":\"ListItem\",\"position\":1,\"name\":\"Home\",\"item\":\"https:\/\/originalperros.com\/\"},{\"@type\":\"ListItem\",\"position\":2,\"name\":\"Produits\",\"item\":\"https:\/\/originalperros.com\/produits\/\"},{\"@type\":\"ListItem\",\"position\":3,\"name\":\"Lampe Keraluc, Antoine LUCAS\"}]},{\"@type\":\"WebSite\",\"@id\":\"https:\/\/originalperros.com\/#website\",\"url\":\"https:\/\/originalperros.com\/\",\"name\":\"Original Perros\",\"description\":\"\",\"potentialAction\":[{\"@type\":\"SearchAction\",\"target\":{\"@type\":\"EntryPoint\",\"urlTemplate\":\"https:\/\/originalperros.com\/?s={search_term_string}\"},\"query-input\":{\"@type\":\"PropertyValueSpecification\",\"valueRequired\":true,\"valueName\":\"search_term_string\"}}],\"inLanguage\":\"en-US\"}]}<\/script>\n<!-- \/ Yoast SEO plugin. -->","yoast_head_json":{"title":"Lampe Keraluc, Antoine LUCAS - Original Perros","robots":{"index":"index","follow":"follow","max-snippet":"max-snippet:-1","max-image-preview":"max-image-preview:large","max-video-preview":"max-video-preview:-1"},"canonical":"https:\/\/originalperros.com\/en\/product\/lampe-keraluc-antoine-lucas\/","og_locale":"en_US","og_type":"article","og_title":"Lampe Keraluc, Antoine LUCAS - Original Perros","og_description":"Lampe en c\u00e9ramique gr\u00e9s  sign\u00e9 Lucas Antoine pour Keraluc 1946-1984. Vers. 1970s  &nbsp;  H. 54cm  &nbsp;    &nbsp;    \u00a0","og_url":"https:\/\/originalperros.com\/en\/product\/lampe-keraluc-antoine-lucas\/","og_site_name":"Original Perros","article_modified_time":"2026-04-07T14:27:41+00:00","og_image":[{"width":1024,"height":1024,"url":"https:\/\/originalperros.com\/wp-content\/uploads\/2026\/04\/Photoroom_20260407_144709.jpg","type":"image\/jpeg"}],"twitter_card":"summary_large_image","twitter_misc":{"Est. reading time":"1 minute"},"schema":{"@context":"https:\/\/schema.org","@graph":[{"@type":"WebPage","@id":"https:\/\/originalperros.com\/produit\/lampe-keraluc-antoine-lucas\/","url":"https:\/\/originalperros.com\/produit\/lampe-keraluc-antoine-lucas\/","name":"Lampe Keraluc, Antoine LUCAS - Original Perros","isPartOf":{"@id":"https:\/\/originalperros.com\/#website"},"primaryImageOfPage":{"@id":"https:\/\/originalperros.com\/produit\/lampe-keraluc-antoine-lucas\/#primaryimage"},"image":{"@id":"https:\/\/originalperros.com\/produit\/lampe-keraluc-antoine-lucas\/#primaryimage"},"thumbnailUrl":"https:\/\/originalperros.com\/wp-content\/uploads\/2026\/04\/Photoroom_20260407_144709.jpg","datePublished":"2026-04-07T13:54:38+00:00","dateModified":"2026-04-07T14:27:41+00:00","breadcrumb":{"@id":"https:\/\/originalperros.com\/produit\/lampe-keraluc-antoine-lucas\/#breadcrumb"},"inLanguage":"en-US","potentialAction":[{"@type":"ReadAction","target":["https:\/\/originalperros.com\/produit\/lampe-keraluc-antoine-lucas\/"]}]},{"@type":"ImageObject","inLanguage":"en-US","@id":"https:\/\/originalperros.com\/produit\/lampe-keraluc-antoine-lucas\/#primaryimage","url":"https:\/\/originalperros.com\/wp-content\/uploads\/2026\/04\/Photoroom_20260407_144709.jpg","contentUrl":"https:\/\/originalperros.com\/wp-content\/uploads\/2026\/04\/Photoroom_20260407_144709.jpg","width":1024,"height":1024},{"@type":"BreadcrumbList","@id":"https:\/\/originalperros.com\/produit\/lampe-keraluc-antoine-lucas\/#breadcrumb","itemListElement":[{"@type":"ListItem","position":1,"name":"Home","item":"https:\/\/originalperros.com\/"},{"@type":"ListItem","position":2,"name":"Produits","item":"https:\/\/originalperros.com\/produits\/"},{"@type":"ListItem","position":3,"name":"Lampe Keraluc, Antoine LUCAS"}]},{"@type":"WebSite","@id":"https:\/\/originalperros.com\/#website","url":"https:\/\/originalperros.com\/","name":"Original Perros","description":"","potentialAction":[{"@type":"SearchAction","target":{"@type":"EntryPoint","urlTemplate":"https:\/\/originalperros.com\/?s={search_term_string}"},"query-input":{"@type":"PropertyValueSpecification","valueRequired":true,"valueName":"search_term_string"}}],"inLanguage":"en-US"}]}},"_links":{"self":[{"href":"https:\/\/originalperros.com\/en\/wp-json\/wp\/v2\/product\/7550","targetHints":{"allow":["GET"]}}],"collection":[{"href":"https:\/\/originalperros.com\/en\/wp-json\/wp\/v2\/product"}],"about":[{"href":"https:\/\/originalperros.com\/en\/wp-json\/wp\/v2\/types\/product"}],"wp:featuredmedia":[{"embeddable":true,"href":"https:\/\/originalperros.com\/en\/wp-json\/wp\/v2\/media\/7549"}],"wp:attachment":[{"href":"https:\/\/originalperros.com\/en\/wp-json\/wp\/v2\/media?parent=7550"}],"wp:term":[{"taxonomy":"product_brand","embeddable":true,"href":"https:\/\/originalperros.com\/en\/wp-json\/wp\/v2\/product_brand?post=7550"},{"taxonomy":"product_cat","embeddable":true,"href":"https:\/\/originalperros.com\/en\/wp-json\/wp\/v2\/product_cat?post=7550"},{"taxonomy":"product_tag","embeddable":true,"href":"https:\/\/originalperros.com\/en\/wp-json\/wp\/v2\/product_tag?post=7550"}],"curies":[{"name":"wp","href":"https:\/\/api.w.org\/{rel}","templated":true}]}}