{"id":7562,"date":"2026-04-27T12:43:35","date_gmt":"2026-04-27T10:43:35","guid":{"rendered":"https:\/\/originalperros.com\/?post_type=product&#038;p=7562"},"modified":"2026-04-27T12:43:35","modified_gmt":"2026-04-27T10:43:35","slug":"odetta-hb-quimper-5","status":"publish","type":"product","link":"https:\/\/originalperros.com\/en\/product\/odetta-hb-quimper-5\/","title":{"rendered":"ODETTA, HB-Quimper"},"content":{"rendered":"","protected":false},"excerpt":{"rendered":"<p class=\"mb-40 mt-30\">Vase <span class=\"ux-textspans ux-textspans--BOLD\">en c\u00e9ramique, gr\u00e8s<\/span>, vers 1930.<\/p>\n<div class=\"short-description\">\n<p>Signed HB Quimper \/ Odetta<\/p>\n<p>et num\u00e9rot\u00e9\u00a0 931 &#8211; 1446 au revers.<\/p>\n<p>H. 31cm \/\/ Diam. 24cm<\/p>\n<p>Parfait \u00e9tat<\/p>\n<\/div>","protected":false},"featured_media":7558,"template":"","meta":{"_acf_changed":false},"product_brand":[],"product_cat":[64,58],"product_tag":[],"class_list":{"0":"post-7562","1":"product","2":"type-product","3":"status-publish","4":"has-post-thumbnail","6":"product_cat-art-breton","7":"product_cat-ceramiques","9":"first","10":"instock","11":"shipping-taxable","12":"product-type-simple"},"acf":[],"yoast_head":"<!-- This site is optimized with the Yoast SEO plugin v25.7 - https:\/\/yoast.com\/wordpress\/plugins\/seo\/ -->\n<title>ODETTA, HB-Quimper - Original Perros<\/title>\n<meta name=\"robots\" content=\"index, follow, max-snippet:-1, max-image-preview:large, max-video-preview:-1\" \/>\n<link rel=\"canonical\" href=\"https:\/\/originalperros.com\/en\/product\/odetta-hb-quimper-5\/\" \/>\n<meta property=\"og:locale\" content=\"en_US\" \/>\n<meta property=\"og:type\" content=\"article\" \/>\n<meta property=\"og:title\" content=\"ODETTA, HB-Quimper - Original Perros\" \/>\n<meta property=\"og:description\" content=\"Vase en c\u00e9ramique, gr\u00e8s, vers 1930.    Sign\u00e9 HB Quimper \/ Odetta  et num\u00e9rot\u00e9\u00a0 931 - 1446 au revers.  H. 31cm \/\/ Diam. 24cm  Parfait \u00e9tat\" \/>\n<meta property=\"og:url\" content=\"https:\/\/originalperros.com\/en\/product\/odetta-hb-quimper-5\/\" \/>\n<meta property=\"og:site_name\" content=\"Original Perros\" \/>\n<meta property=\"og:image\" content=\"https:\/\/originalperros.com\/wp-content\/uploads\/2026\/04\/IMG_8428-Photoroom.jpg\" \/>\n\t<meta property=\"og:image:width\" content=\"1080\" \/>\n\t<meta property=\"og:image:height\" content=\"1920\" \/>\n\t<meta property=\"og:image:type\" content=\"image\/jpeg\" \/>\n<meta name=\"twitter:card\" content=\"summary_large_image\" \/>\n<meta name=\"twitter:label1\" content=\"Est. reading time\" \/>\n\t<meta name=\"twitter:data1\" content=\"1 minute\" \/>\n<script type=\"application\/ld+json\" class=\"yoast-schema-graph\">{\"@context\":\"https:\/\/schema.org\",\"@graph\":[{\"@type\":\"WebPage\",\"@id\":\"https:\/\/originalperros.com\/produit\/odetta-hb-quimper-5\/\",\"url\":\"https:\/\/originalperros.com\/produit\/odetta-hb-quimper-5\/\",\"name\":\"ODETTA, HB-Quimper - Original Perros\",\"isPartOf\":{\"@id\":\"https:\/\/originalperros.com\/#website\"},\"primaryImageOfPage\":{\"@id\":\"https:\/\/originalperros.com\/produit\/odetta-hb-quimper-5\/#primaryimage\"},\"image\":{\"@id\":\"https:\/\/originalperros.com\/produit\/odetta-hb-quimper-5\/#primaryimage\"},\"thumbnailUrl\":\"https:\/\/originalperros.com\/wp-content\/uploads\/2026\/04\/IMG_8428-Photoroom.jpg\",\"datePublished\":\"2026-04-27T10:43:35+00:00\",\"breadcrumb\":{\"@id\":\"https:\/\/originalperros.com\/produit\/odetta-hb-quimper-5\/#breadcrumb\"},\"inLanguage\":\"en-US\",\"potentialAction\":[{\"@type\":\"ReadAction\",\"target\":[\"https:\/\/originalperros.com\/produit\/odetta-hb-quimper-5\/\"]}]},{\"@type\":\"ImageObject\",\"inLanguage\":\"en-US\",\"@id\":\"https:\/\/originalperros.com\/produit\/odetta-hb-quimper-5\/#primaryimage\",\"url\":\"https:\/\/originalperros.com\/wp-content\/uploads\/2026\/04\/IMG_8428-Photoroom.jpg\",\"contentUrl\":\"https:\/\/originalperros.com\/wp-content\/uploads\/2026\/04\/IMG_8428-Photoroom.jpg\",\"width\":1080,\"height\":1920},{\"@type\":\"BreadcrumbList\",\"@id\":\"https:\/\/originalperros.com\/produit\/odetta-hb-quimper-5\/#breadcrumb\",\"itemListElement\":[{\"@type\":\"ListItem\",\"position\":1,\"name\":\"Home\",\"item\":\"https:\/\/originalperros.com\/\"},{\"@type\":\"ListItem\",\"position\":2,\"name\":\"Produits\",\"item\":\"https:\/\/originalperros.com\/produits\/\"},{\"@type\":\"ListItem\",\"position\":3,\"name\":\"ODETTA, HB-Quimper\"}]},{\"@type\":\"WebSite\",\"@id\":\"https:\/\/originalperros.com\/#website\",\"url\":\"https:\/\/originalperros.com\/\",\"name\":\"Original Perros\",\"description\":\"\",\"potentialAction\":[{\"@type\":\"SearchAction\",\"target\":{\"@type\":\"EntryPoint\",\"urlTemplate\":\"https:\/\/originalperros.com\/?s={search_term_string}\"},\"query-input\":{\"@type\":\"PropertyValueSpecification\",\"valueRequired\":true,\"valueName\":\"search_term_string\"}}],\"inLanguage\":\"en-US\"}]}<\/script>\n<!-- \/ Yoast SEO plugin. -->","yoast_head_json":{"title":"ODETTA, HB-Quimper - Original Perros","robots":{"index":"index","follow":"follow","max-snippet":"max-snippet:-1","max-image-preview":"max-image-preview:large","max-video-preview":"max-video-preview:-1"},"canonical":"https:\/\/originalperros.com\/en\/product\/odetta-hb-quimper-5\/","og_locale":"en_US","og_type":"article","og_title":"ODETTA, HB-Quimper - Original Perros","og_description":"Vase en c\u00e9ramique, gr\u00e8s, vers 1930.    Sign\u00e9 HB Quimper \/ Odetta  et num\u00e9rot\u00e9\u00a0 931 - 1446 au revers.  H. 31cm \/\/ Diam. 24cm  Parfait \u00e9tat","og_url":"https:\/\/originalperros.com\/en\/product\/odetta-hb-quimper-5\/","og_site_name":"Original Perros","og_image":[{"width":1080,"height":1920,"url":"https:\/\/originalperros.com\/wp-content\/uploads\/2026\/04\/IMG_8428-Photoroom.jpg","type":"image\/jpeg"}],"twitter_card":"summary_large_image","twitter_misc":{"Est. reading time":"1 minute"},"schema":{"@context":"https:\/\/schema.org","@graph":[{"@type":"WebPage","@id":"https:\/\/originalperros.com\/produit\/odetta-hb-quimper-5\/","url":"https:\/\/originalperros.com\/produit\/odetta-hb-quimper-5\/","name":"ODETTA, HB-Quimper - Original Perros","isPartOf":{"@id":"https:\/\/originalperros.com\/#website"},"primaryImageOfPage":{"@id":"https:\/\/originalperros.com\/produit\/odetta-hb-quimper-5\/#primaryimage"},"image":{"@id":"https:\/\/originalperros.com\/produit\/odetta-hb-quimper-5\/#primaryimage"},"thumbnailUrl":"https:\/\/originalperros.com\/wp-content\/uploads\/2026\/04\/IMG_8428-Photoroom.jpg","datePublished":"2026-04-27T10:43:35+00:00","breadcrumb":{"@id":"https:\/\/originalperros.com\/produit\/odetta-hb-quimper-5\/#breadcrumb"},"inLanguage":"en-US","potentialAction":[{"@type":"ReadAction","target":["https:\/\/originalperros.com\/produit\/odetta-hb-quimper-5\/"]}]},{"@type":"ImageObject","inLanguage":"en-US","@id":"https:\/\/originalperros.com\/produit\/odetta-hb-quimper-5\/#primaryimage","url":"https:\/\/originalperros.com\/wp-content\/uploads\/2026\/04\/IMG_8428-Photoroom.jpg","contentUrl":"https:\/\/originalperros.com\/wp-content\/uploads\/2026\/04\/IMG_8428-Photoroom.jpg","width":1080,"height":1920},{"@type":"BreadcrumbList","@id":"https:\/\/originalperros.com\/produit\/odetta-hb-quimper-5\/#breadcrumb","itemListElement":[{"@type":"ListItem","position":1,"name":"Home","item":"https:\/\/originalperros.com\/"},{"@type":"ListItem","position":2,"name":"Produits","item":"https:\/\/originalperros.com\/produits\/"},{"@type":"ListItem","position":3,"name":"ODETTA, HB-Quimper"}]},{"@type":"WebSite","@id":"https:\/\/originalperros.com\/#website","url":"https:\/\/originalperros.com\/","name":"Original Perros","description":"","potentialAction":[{"@type":"SearchAction","target":{"@type":"EntryPoint","urlTemplate":"https:\/\/originalperros.com\/?s={search_term_string}"},"query-input":{"@type":"PropertyValueSpecification","valueRequired":true,"valueName":"search_term_string"}}],"inLanguage":"en-US"}]}},"_links":{"self":[{"href":"https:\/\/originalperros.com\/en\/wp-json\/wp\/v2\/product\/7562","targetHints":{"allow":["GET"]}}],"collection":[{"href":"https:\/\/originalperros.com\/en\/wp-json\/wp\/v2\/product"}],"about":[{"href":"https:\/\/originalperros.com\/en\/wp-json\/wp\/v2\/types\/product"}],"wp:featuredmedia":[{"embeddable":true,"href":"https:\/\/originalperros.com\/en\/wp-json\/wp\/v2\/media\/7558"}],"wp:attachment":[{"href":"https:\/\/originalperros.com\/en\/wp-json\/wp\/v2\/media?parent=7562"}],"wp:term":[{"taxonomy":"product_brand","embeddable":true,"href":"https:\/\/originalperros.com\/en\/wp-json\/wp\/v2\/product_brand?post=7562"},{"taxonomy":"product_cat","embeddable":true,"href":"https:\/\/originalperros.com\/en\/wp-json\/wp\/v2\/product_cat?post=7562"},{"taxonomy":"product_tag","embeddable":true,"href":"https:\/\/originalperros.com\/en\/wp-json\/wp\/v2\/product_tag?post=7562"}],"curies":[{"name":"wp","href":"https:\/\/api.w.org\/{rel}","templated":true}]}}